{"id":95,"date":"2024-09-27T18:00:31","date_gmt":"2024-09-27T18:00:31","guid":{"rendered":"https:\/\/bodrum-yalikavak-mgallery.accorv2prod.decms.eu\/?page_id=95"},"modified":"2024-09-27T14:59:13","modified_gmt":"2024-09-27T14:59:13","slug":"mood-spa","status":"publish","type":"page","link":"https:\/\/www.mgallerybodrum.com\/tr\/mood-spa\/","title":{"rendered":"Mood SPA"},"content":{"rendered":"<p>Mood SPA, hem v\u00fccudunuzu hem de ruhunuzu dinlendirecek rit\u00fclleri ile sizi bekliyor.<\/p>\n<p>Enerjinizi yenilemek ve canland\u0131rmak i\u00e7in ister size \u00f6zel bak\u0131mlar\u0131m\u0131z, ister geleneksel T\u00fcrk Hamam\u0131n\u0131, sauna ve buhar odas\u0131n\u0131 deneyimleyebilirsiniz.<\/p>\n<p>Fitness ve egzersiz hedeflerinize ula\u015fmak i\u00e7in profesyonel ekipmanlar\u0131m\u0131z ile \u00e7al\u0131\u015fabilece\u011finiz fitness kul\u00fcb\u00fcm\u00fcz, otel i\u00e7i ve d\u0131\u015f\u0131 misafirler i\u00e7in haz\u0131rd\u0131r.<\/p>\n<p>Su egzersizleri i\u00e7in ise kapal\u0131 havuzumuz her g\u00fcn hizmetinizdedir.<\/p>\n","protected":false},"excerpt":{"rendered":"<p>Mood SPA, hem v\u00fccudunuzu hem de ruhunuzu dinlendirecek rit\u00fclleri ile sizi bekliyor. Enerjinizi yenilemek ve canland\u0131rmak i\u00e7in ister size \u00f6zel bak\u0131mlar\u0131m\u0131z, ister geleneksel T\u00fcrk Hamam\u0131n\u0131, sauna ve buhar odas\u0131n\u0131 deneyimleyebilirsiniz. Fitness ve egzersiz hedeflerinize ula\u015fmak i\u00e7in profesyonel ekipmanlar\u0131m\u0131z ile \u00e7al\u0131\u015fabilece\u011finiz fitness kul\u00fcb\u00fcm\u00fcz, otel i\u00e7i ve d\u0131\u015f\u0131 misafirler i\u00e7in haz\u0131rd\u0131r. Su egzersizleri i\u00e7in ise kapal\u0131 havuzumuz [&hellip;]<\/p>\n","protected":false},"author":5,"featured_media":0,"parent":0,"menu_order":30,"comment_status":"closed","ping_status":"closed","template":"template-spa.php","meta":{"footnotes":""},"categories":[1],"class_list":["post-95","page","type-page","status-publish","hentry","category-uncategorized"],"acf":[],"yoast_head":"<!-- This site is optimized with the Yoast SEO plugin v26.9 - https:\/\/yoast.com\/product\/yoast-seo-wordpress\/ -->\n<title>Mood SPA - MGallery Bodrum Yal\u0131kavak Geleneksel T\u00fcrk Hamam\u0131, MOOD Spa \u0130mza Koleksiyonlar\u0131<\/title>\n<meta name=\"description\" content=\"Fitness ve egzersiz hedeflerinize ula\u015fmak i\u00e7in \u00e7al\u0131\u015fmaya devam edin. Profesyonel fitness e\u011fitmenlerimiz ihtiya\u00e7lar\u0131n\u0131za uygun bir program tasarlamak i\u00e7in sizinle bire bir \u00e7al\u0131\u015facak. Su egzersizleri i\u00e7in ise kapal\u0131 havuzumuz her g\u00fcn hizmetinizde olacak.\" \/>\n<meta name=\"robots\" content=\"index, follow, max-snippet:-1, max-image-preview:large, max-video-preview:-1\" \/>\n<link rel=\"canonical\" href=\"https:\/\/www.mgallerybodrum.com\/tr\/mood-spa\/\" \/>\n<meta property=\"og:locale\" content=\"tr_TR\" \/>\n<meta property=\"og:type\" content=\"article\" \/>\n<meta property=\"og:title\" content=\"Mood SPA - MGallery Bodrum Yal\u0131kavak Geleneksel T\u00fcrk Hamam\u0131, MOOD Spa \u0130mza Koleksiyonlar\u0131\" \/>\n<meta property=\"og:description\" content=\"Fitness ve egzersiz hedeflerinize ula\u015fmak i\u00e7in \u00e7al\u0131\u015fmaya devam edin. Profesyonel fitness e\u011fitmenlerimiz ihtiya\u00e7lar\u0131n\u0131za uygun bir program tasarlamak i\u00e7in sizinle bire bir \u00e7al\u0131\u015facak. Su egzersizleri i\u00e7in ise kapal\u0131 havuzumuz her g\u00fcn hizmetinizde olacak.\" \/>\n<meta property=\"og:url\" content=\"https:\/\/www.mgallerybodrum.com\/tr\/mood-spa\/\" \/>\n<meta property=\"og:site_name\" content=\"MGallery Bodrum Yal\u0131kavak\" \/>\n<meta name=\"twitter:card\" content=\"summary_large_image\" \/>\n<meta name=\"twitter:label1\" content=\"Tahmini okuma s\u00fcresi\" \/>\n\t<meta name=\"twitter:data1\" content=\"1 dakika\" \/>\n<script type=\"application\/ld+json\" class=\"yoast-schema-graph\">{\"@context\":\"https:\/\/schema.org\",\"@graph\":[{\"@type\":\"WebPage\",\"@id\":\"https:\/\/www.mgallerybodrum.com\/tr\/mood-spa\/\",\"url\":\"https:\/\/www.mgallerybodrum.com\/tr\/mood-spa\/\",\"name\":\"Mood SPA - MGallery Bodrum Yal\u0131kavak Geleneksel T\u00fcrk Hamam\u0131, MOOD Spa \u0130mza Koleksiyonlar\u0131\",\"isPartOf\":{\"@id\":\"https:\/\/www.mgallerybodrum.com\/tr\/#website\"},\"datePublished\":\"2024-09-27T18:00:31+00:00\",\"description\":\"Fitness ve egzersiz hedeflerinize ula\u015fmak i\u00e7in \u00e7al\u0131\u015fmaya devam edin. Profesyonel fitness e\u011fitmenlerimiz ihtiya\u00e7lar\u0131n\u0131za uygun bir program tasarlamak i\u00e7in sizinle bire bir \u00e7al\u0131\u015facak. Su egzersizleri i\u00e7in ise kapal\u0131 havuzumuz her g\u00fcn hizmetinizde olacak.\",\"breadcrumb\":{\"@id\":\"https:\/\/www.mgallerybodrum.com\/tr\/mood-spa\/#breadcrumb\"},\"inLanguage\":\"tr\",\"potentialAction\":[{\"@type\":\"ReadAction\",\"target\":[\"https:\/\/www.mgallerybodrum.com\/tr\/mood-spa\/\"]}]},{\"@type\":\"BreadcrumbList\",\"@id\":\"https:\/\/www.mgallerybodrum.com\/tr\/mood-spa\/#breadcrumb\",\"itemListElement\":[{\"@type\":\"ListItem\",\"position\":1,\"name\":\"Home\",\"item\":\"https:\/\/www.mgallerybodrum.com\/tr\/\"},{\"@type\":\"ListItem\",\"position\":2,\"name\":\"Mood SPA\"}]},{\"@type\":\"WebSite\",\"@id\":\"https:\/\/www.mgallerybodrum.com\/tr\/#website\",\"url\":\"https:\/\/www.mgallerybodrum.com\/tr\/\",\"name\":\"MGallery Bodrum Yal\u0131kavak\",\"description\":\"Just another D-Edge Accor V2 Sites Hosting site\",\"potentialAction\":[{\"@type\":\"SearchAction\",\"target\":{\"@type\":\"EntryPoint\",\"urlTemplate\":\"https:\/\/www.mgallerybodrum.com\/tr\/?s={search_term_string}\"},\"query-input\":{\"@type\":\"PropertyValueSpecification\",\"valueRequired\":true,\"valueName\":\"search_term_string\"}}],\"inLanguage\":\"tr\"}]}<\/script>\n<!-- \/ Yoast SEO plugin. -->","yoast_head_json":{"title":"Mood SPA - MGallery Bodrum Yal\u0131kavak Geleneksel T\u00fcrk Hamam\u0131, MOOD Spa \u0130mza Koleksiyonlar\u0131","description":"Fitness ve egzersiz hedeflerinize ula\u015fmak i\u00e7in \u00e7al\u0131\u015fmaya devam edin. Profesyonel fitness e\u011fitmenlerimiz ihtiya\u00e7lar\u0131n\u0131za uygun bir program tasarlamak i\u00e7in sizinle bire bir \u00e7al\u0131\u015facak. Su egzersizleri i\u00e7in ise kapal\u0131 havuzumuz her g\u00fcn hizmetinizde olacak.","robots":{"index":"index","follow":"follow","max-snippet":"max-snippet:-1","max-image-preview":"max-image-preview:large","max-video-preview":"max-video-preview:-1"},"canonical":"https:\/\/www.mgallerybodrum.com\/tr\/mood-spa\/","og_locale":"tr_TR","og_type":"article","og_title":"Mood SPA - MGallery Bodrum Yal\u0131kavak Geleneksel T\u00fcrk Hamam\u0131, MOOD Spa \u0130mza Koleksiyonlar\u0131","og_description":"Fitness ve egzersiz hedeflerinize ula\u015fmak i\u00e7in \u00e7al\u0131\u015fmaya devam edin. Profesyonel fitness e\u011fitmenlerimiz ihtiya\u00e7lar\u0131n\u0131za uygun bir program tasarlamak i\u00e7in sizinle bire bir \u00e7al\u0131\u015facak. Su egzersizleri i\u00e7in ise kapal\u0131 havuzumuz her g\u00fcn hizmetinizde olacak.","og_url":"https:\/\/www.mgallerybodrum.com\/tr\/mood-spa\/","og_site_name":"MGallery Bodrum Yal\u0131kavak","twitter_card":"summary_large_image","twitter_misc":{"Tahmini okuma s\u00fcresi":"1 dakika"},"schema":{"@context":"https:\/\/schema.org","@graph":[{"@type":"WebPage","@id":"https:\/\/www.mgallerybodrum.com\/tr\/mood-spa\/","url":"https:\/\/www.mgallerybodrum.com\/tr\/mood-spa\/","name":"Mood SPA - MGallery Bodrum Yal\u0131kavak Geleneksel T\u00fcrk Hamam\u0131, MOOD Spa \u0130mza Koleksiyonlar\u0131","isPartOf":{"@id":"https:\/\/www.mgallerybodrum.com\/tr\/#website"},"datePublished":"2024-09-27T18:00:31+00:00","description":"Fitness ve egzersiz hedeflerinize ula\u015fmak i\u00e7in \u00e7al\u0131\u015fmaya devam edin. Profesyonel fitness e\u011fitmenlerimiz ihtiya\u00e7lar\u0131n\u0131za uygun bir program tasarlamak i\u00e7in sizinle bire bir \u00e7al\u0131\u015facak. Su egzersizleri i\u00e7in ise kapal\u0131 havuzumuz her g\u00fcn hizmetinizde olacak.","breadcrumb":{"@id":"https:\/\/www.mgallerybodrum.com\/tr\/mood-spa\/#breadcrumb"},"inLanguage":"tr","potentialAction":[{"@type":"ReadAction","target":["https:\/\/www.mgallerybodrum.com\/tr\/mood-spa\/"]}]},{"@type":"BreadcrumbList","@id":"https:\/\/www.mgallerybodrum.com\/tr\/mood-spa\/#breadcrumb","itemListElement":[{"@type":"ListItem","position":1,"name":"Home","item":"https:\/\/www.mgallerybodrum.com\/tr\/"},{"@type":"ListItem","position":2,"name":"Mood SPA"}]},{"@type":"WebSite","@id":"https:\/\/www.mgallerybodrum.com\/tr\/#website","url":"https:\/\/www.mgallerybodrum.com\/tr\/","name":"MGallery Bodrum Yal\u0131kavak","description":"Just another D-Edge Accor V2 Sites Hosting site","potentialAction":[{"@type":"SearchAction","target":{"@type":"EntryPoint","urlTemplate":"https:\/\/www.mgallerybodrum.com\/tr\/?s={search_term_string}"},"query-input":{"@type":"PropertyValueSpecification","valueRequired":true,"valueName":"search_term_string"}}],"inLanguage":"tr"}]}},"_links":{"self":[{"href":"https:\/\/www.mgallerybodrum.com\/tr\/wp-json\/wp\/v2\/pages\/95","targetHints":{"allow":["GET"]}}],"collection":[{"href":"https:\/\/www.mgallerybodrum.com\/tr\/wp-json\/wp\/v2\/pages"}],"about":[{"href":"https:\/\/www.mgallerybodrum.com\/tr\/wp-json\/wp\/v2\/types\/page"}],"author":[{"embeddable":true,"href":"https:\/\/www.mgallerybodrum.com\/tr\/wp-json\/wp\/v2\/users\/5"}],"replies":[{"embeddable":true,"href":"https:\/\/www.mgallerybodrum.com\/tr\/wp-json\/wp\/v2\/comments?post=95"}],"version-history":[{"count":0,"href":"https:\/\/www.mgallerybodrum.com\/tr\/wp-json\/wp\/v2\/pages\/95\/revisions"}],"wp:attachment":[{"href":"https:\/\/www.mgallerybodrum.com\/tr\/wp-json\/wp\/v2\/media?parent=95"}],"wp:term":[{"taxonomy":"category","embeddable":true,"href":"https:\/\/www.mgallerybodrum.com\/tr\/wp-json\/wp\/v2\/categories?post=95"}],"curies":[{"name":"wp","href":"https:\/\/api.w.org\/{rel}","templated":true}]}}