{"id":87,"date":"2021-07-22T14:18:56","date_gmt":"2021-07-22T14:18:56","guid":{"rendered":"https:\/\/bodrum-yalikavak-mgallery.accorv2prod.decms.eu\/?page_id=87"},"modified":"2021-07-22T14:23:18","modified_gmt":"2021-07-22T14:23:18","slug":"konum","status":"publish","type":"page","link":"https:\/\/www.mgallerybodrum.com\/tr\/konum\/","title":{"rendered":"Konum"},"content":{"rendered":"<p>13,000 m2\u2019lik bir alana konumland\u0131r\u0131lm\u0131s\u0327 MGallery The Bodrum Hotel Yal\u0131kavak, Bodrum yar\u0131madas\u0131n\u0131n kuzey bat\u0131s\u0131nda, Bodrum\u2019un en popu\u0308ler destinasyonlar\u0131ndan Yal\u0131kavak\u2019ta bulunur. Otelden dakikalar ic\u0327inde, du\u0308nyaca u\u0308nlu\u0308 markalardan al\u0131s\u0327veris\u0327 yapabileceg\u0306iniz, farkl\u0131 tatlar ve gece kulu\u0308plerinin keyfini c\u0327\u0131karabileceg\u0306iniz ya da Ege&#8217;nin berrak sular\u0131nda yelken ac\u0327abileceg\u0306iniz Yal\u0131kavak Marina&#8217;da lu\u0308ks bir du\u0308nyaya ad\u0131m at\u0131n.<\/p>\n","protected":false},"excerpt":{"rendered":"<p>13,000 m2\u2019lik bir alana konumland\u0131r\u0131lm\u0131s\u0327 MGallery The Bodrum Hotel Yal\u0131kavak, Bodrum yar\u0131madas\u0131n\u0131n kuzey bat\u0131s\u0131nda, Bodrum\u2019un en popu\u0308ler destinasyonlar\u0131ndan Yal\u0131kavak\u2019ta bulunur. Otelden dakikalar ic\u0327inde, du\u0308nyaca u\u0308nlu\u0308 markalardan al\u0131s\u0327veris\u0327 yapabileceg\u0306iniz, farkl\u0131 tatlar ve gece kulu\u0308plerinin keyfini c\u0327\u0131karabileceg\u0306iniz ya da Ege&#8217;nin berrak sular\u0131nda yelken ac\u0327abileceg\u0306iniz Yal\u0131kavak Marina&#8217;da lu\u0308ks bir du\u0308nyaya ad\u0131m at\u0131n.<\/p>\n","protected":false},"author":5,"featured_media":0,"parent":0,"menu_order":40,"comment_status":"closed","ping_status":"closed","template":"template-location.php","meta":{"footnotes":""},"categories":[],"class_list":["post-87","page","type-page","status-publish","hentry"],"acf":[],"yoast_head":"<!-- This site is optimized with the Yoast SEO plugin v26.9 - https:\/\/yoast.com\/product\/yoast-seo-wordpress\/ -->\n<title>Konum - MGallery Bodrum Yal\u0131kavak Bodrum\u2019un en popu\u0308ler destinasyonlar\u0131ndan Yal\u0131kavak\u2019ta bulunur.<\/title>\n<meta name=\"description\" content=\"Otelden dakikalar ic\u0327inde, du\u0308nyaca u\u0308nlu\u0308 markalardan al\u0131s\u0327veris\u0327 yapabileceg\u0306iniz, farkl\u0131 tatlar ve gece kulu\u0308plerinin keyfini c\u0327\u0131karabileceg\u0306iniz ya da Ege&#039;nin berrak sular\u0131nda yelken ac\u0327abileceg\u0306iniz Yal\u0131kavak Marina&#039;da lu\u0308ks bir du\u0308nyaya ad\u0131m at\u0131n.\" \/>\n<meta name=\"robots\" content=\"index, follow, max-snippet:-1, max-image-preview:large, max-video-preview:-1\" \/>\n<link rel=\"canonical\" href=\"https:\/\/www.mgallerybodrum.com\/tr\/konum\/\" \/>\n<meta property=\"og:locale\" content=\"tr_TR\" \/>\n<meta property=\"og:type\" content=\"article\" \/>\n<meta property=\"og:title\" content=\"Konum - MGallery Bodrum Yal\u0131kavak Bodrum\u2019un en popu\u0308ler destinasyonlar\u0131ndan Yal\u0131kavak\u2019ta bulunur.\" \/>\n<meta property=\"og:description\" content=\"Otelden dakikalar ic\u0327inde, du\u0308nyaca u\u0308nlu\u0308 markalardan al\u0131s\u0327veris\u0327 yapabileceg\u0306iniz, farkl\u0131 tatlar ve gece kulu\u0308plerinin keyfini c\u0327\u0131karabileceg\u0306iniz ya da Ege&#039;nin berrak sular\u0131nda yelken ac\u0327abileceg\u0306iniz Yal\u0131kavak Marina&#039;da lu\u0308ks bir du\u0308nyaya ad\u0131m at\u0131n.\" \/>\n<meta property=\"og:url\" content=\"https:\/\/www.mgallerybodrum.com\/tr\/konum\/\" \/>\n<meta property=\"og:site_name\" content=\"MGallery Bodrum Yal\u0131kavak\" \/>\n<meta property=\"article:modified_time\" content=\"2021-07-22T14:23:18+00:00\" \/>\n<meta name=\"twitter:card\" content=\"summary_large_image\" \/>\n<script type=\"application\/ld+json\" class=\"yoast-schema-graph\">{\"@context\":\"https:\/\/schema.org\",\"@graph\":[{\"@type\":\"WebPage\",\"@id\":\"https:\/\/www.mgallerybodrum.com\/tr\/konum\/\",\"url\":\"https:\/\/www.mgallerybodrum.com\/tr\/konum\/\",\"name\":\"Konum - MGallery Bodrum Yal\u0131kavak Bodrum\u2019un en popu\u0308ler destinasyonlar\u0131ndan Yal\u0131kavak\u2019ta bulunur.\",\"isPartOf\":{\"@id\":\"https:\/\/www.mgallerybodrum.com\/tr\/#website\"},\"datePublished\":\"2021-07-22T14:18:56+00:00\",\"dateModified\":\"2021-07-22T14:23:18+00:00\",\"description\":\"Otelden dakikalar ic\u0327inde, du\u0308nyaca u\u0308nlu\u0308 markalardan al\u0131s\u0327veris\u0327 yapabileceg\u0306iniz, farkl\u0131 tatlar ve gece kulu\u0308plerinin keyfini c\u0327\u0131karabileceg\u0306iniz ya da Ege'nin berrak sular\u0131nda yelken ac\u0327abileceg\u0306iniz Yal\u0131kavak Marina'da lu\u0308ks bir du\u0308nyaya ad\u0131m at\u0131n.\",\"breadcrumb\":{\"@id\":\"https:\/\/www.mgallerybodrum.com\/tr\/konum\/#breadcrumb\"},\"inLanguage\":\"tr\",\"potentialAction\":[{\"@type\":\"ReadAction\",\"target\":[\"https:\/\/www.mgallerybodrum.com\/tr\/konum\/\"]}]},{\"@type\":\"BreadcrumbList\",\"@id\":\"https:\/\/www.mgallerybodrum.com\/tr\/konum\/#breadcrumb\",\"itemListElement\":[{\"@type\":\"ListItem\",\"position\":1,\"name\":\"Home\",\"item\":\"https:\/\/www.mgallerybodrum.com\/tr\/mgallery-the-bodrum-hotel-yalikavak\/\"},{\"@type\":\"ListItem\",\"position\":2,\"name\":\"Konum\"}]},{\"@type\":\"WebSite\",\"@id\":\"https:\/\/www.mgallerybodrum.com\/tr\/#website\",\"url\":\"https:\/\/www.mgallerybodrum.com\/tr\/\",\"name\":\"MGallery Bodrum Yal\u0131kavak\",\"description\":\"Just another D-Edge Accor V2 Sites Hosting site\",\"potentialAction\":[{\"@type\":\"SearchAction\",\"target\":{\"@type\":\"EntryPoint\",\"urlTemplate\":\"https:\/\/www.mgallerybodrum.com\/tr\/?s={search_term_string}\"},\"query-input\":{\"@type\":\"PropertyValueSpecification\",\"valueRequired\":true,\"valueName\":\"search_term_string\"}}],\"inLanguage\":\"tr\"}]}<\/script>\n<!-- \/ Yoast SEO plugin. -->","yoast_head_json":{"title":"Konum - MGallery Bodrum Yal\u0131kavak Bodrum\u2019un en popu\u0308ler destinasyonlar\u0131ndan Yal\u0131kavak\u2019ta bulunur.","description":"Otelden dakikalar ic\u0327inde, du\u0308nyaca u\u0308nlu\u0308 markalardan al\u0131s\u0327veris\u0327 yapabileceg\u0306iniz, farkl\u0131 tatlar ve gece kulu\u0308plerinin keyfini c\u0327\u0131karabileceg\u0306iniz ya da Ege'nin berrak sular\u0131nda yelken ac\u0327abileceg\u0306iniz Yal\u0131kavak Marina'da lu\u0308ks bir du\u0308nyaya ad\u0131m at\u0131n.","robots":{"index":"index","follow":"follow","max-snippet":"max-snippet:-1","max-image-preview":"max-image-preview:large","max-video-preview":"max-video-preview:-1"},"canonical":"https:\/\/www.mgallerybodrum.com\/tr\/konum\/","og_locale":"tr_TR","og_type":"article","og_title":"Konum - MGallery Bodrum Yal\u0131kavak Bodrum\u2019un en popu\u0308ler destinasyonlar\u0131ndan Yal\u0131kavak\u2019ta bulunur.","og_description":"Otelden dakikalar ic\u0327inde, du\u0308nyaca u\u0308nlu\u0308 markalardan al\u0131s\u0327veris\u0327 yapabileceg\u0306iniz, farkl\u0131 tatlar ve gece kulu\u0308plerinin keyfini c\u0327\u0131karabileceg\u0306iniz ya da Ege'nin berrak sular\u0131nda yelken ac\u0327abileceg\u0306iniz Yal\u0131kavak Marina'da lu\u0308ks bir du\u0308nyaya ad\u0131m at\u0131n.","og_url":"https:\/\/www.mgallerybodrum.com\/tr\/konum\/","og_site_name":"MGallery Bodrum Yal\u0131kavak","article_modified_time":"2021-07-22T14:23:18+00:00","twitter_card":"summary_large_image","schema":{"@context":"https:\/\/schema.org","@graph":[{"@type":"WebPage","@id":"https:\/\/www.mgallerybodrum.com\/tr\/konum\/","url":"https:\/\/www.mgallerybodrum.com\/tr\/konum\/","name":"Konum - MGallery Bodrum Yal\u0131kavak Bodrum\u2019un en popu\u0308ler destinasyonlar\u0131ndan Yal\u0131kavak\u2019ta bulunur.","isPartOf":{"@id":"https:\/\/www.mgallerybodrum.com\/tr\/#website"},"datePublished":"2021-07-22T14:18:56+00:00","dateModified":"2021-07-22T14:23:18+00:00","description":"Otelden dakikalar ic\u0327inde, du\u0308nyaca u\u0308nlu\u0308 markalardan al\u0131s\u0327veris\u0327 yapabileceg\u0306iniz, farkl\u0131 tatlar ve gece kulu\u0308plerinin keyfini c\u0327\u0131karabileceg\u0306iniz ya da Ege'nin berrak sular\u0131nda yelken ac\u0327abileceg\u0306iniz Yal\u0131kavak Marina'da lu\u0308ks bir du\u0308nyaya ad\u0131m at\u0131n.","breadcrumb":{"@id":"https:\/\/www.mgallerybodrum.com\/tr\/konum\/#breadcrumb"},"inLanguage":"tr","potentialAction":[{"@type":"ReadAction","target":["https:\/\/www.mgallerybodrum.com\/tr\/konum\/"]}]},{"@type":"BreadcrumbList","@id":"https:\/\/www.mgallerybodrum.com\/tr\/konum\/#breadcrumb","itemListElement":[{"@type":"ListItem","position":1,"name":"Home","item":"https:\/\/www.mgallerybodrum.com\/tr\/mgallery-the-bodrum-hotel-yalikavak\/"},{"@type":"ListItem","position":2,"name":"Konum"}]},{"@type":"WebSite","@id":"https:\/\/www.mgallerybodrum.com\/tr\/#website","url":"https:\/\/www.mgallerybodrum.com\/tr\/","name":"MGallery Bodrum Yal\u0131kavak","description":"Just another D-Edge Accor V2 Sites Hosting site","potentialAction":[{"@type":"SearchAction","target":{"@type":"EntryPoint","urlTemplate":"https:\/\/www.mgallerybodrum.com\/tr\/?s={search_term_string}"},"query-input":{"@type":"PropertyValueSpecification","valueRequired":true,"valueName":"search_term_string"}}],"inLanguage":"tr"}]}},"_links":{"self":[{"href":"https:\/\/www.mgallerybodrum.com\/tr\/wp-json\/wp\/v2\/pages\/87","targetHints":{"allow":["GET"]}}],"collection":[{"href":"https:\/\/www.mgallerybodrum.com\/tr\/wp-json\/wp\/v2\/pages"}],"about":[{"href":"https:\/\/www.mgallerybodrum.com\/tr\/wp-json\/wp\/v2\/types\/page"}],"author":[{"embeddable":true,"href":"https:\/\/www.mgallerybodrum.com\/tr\/wp-json\/wp\/v2\/users\/5"}],"replies":[{"embeddable":true,"href":"https:\/\/www.mgallerybodrum.com\/tr\/wp-json\/wp\/v2\/comments?post=87"}],"version-history":[{"count":0,"href":"https:\/\/www.mgallerybodrum.com\/tr\/wp-json\/wp\/v2\/pages\/87\/revisions"}],"wp:attachment":[{"href":"https:\/\/www.mgallerybodrum.com\/tr\/wp-json\/wp\/v2\/media?parent=87"}],"wp:term":[{"taxonomy":"category","embeddable":true,"href":"https:\/\/www.mgallerybodrum.com\/tr\/wp-json\/wp\/v2\/categories?post=87"}],"curies":[{"name":"wp","href":"https:\/\/api.w.org\/{rel}","templated":true}]}}