{"id":85,"date":"2021-07-22T13:52:19","date_gmt":"2021-07-22T13:52:19","guid":{"rendered":"https:\/\/bodrum-yalikavak-mgallery.accorv2prod.decms.eu\/?page_id=85"},"modified":"2024-05-09T14:06:28","modified_gmt":"2024-05-09T14:06:28","slug":"beach-house-restaurant","status":"publish","type":"page","link":"https:\/\/www.mgallerybodrum.com\/tr\/restoran-ve-barlar\/beach-house-restaurant\/","title":{"rendered":"Beach House Restaurant"},"content":{"rendered":"<p>Otelin \u00f6zel mavi bayrakl\u0131 kumsal\u0131nda Plaj Brasserie olarak g\u00fcn boyu hizmet veren The Beach House\u00a0 g\u00fcne\u015fin tad\u0131n\u0131 \u00e7\u0131karmak, Beach Bar\u2019da \u00f6zenle haz\u0131rlanm\u0131\u015f kokteylleri yudumlamak ve tarladan sofraya \u00fcr\u00fcnlerle haz\u0131rlanm\u0131\u015f lezzetleri tatmak isteyenler i\u00e7in keyif mekan\u0131.<\/p>\n<p>G\u00fcn boyu, Ege denizinin tad\u0131n\u0131 \u00e7\u0131kart\u0131rken sizin i\u00e7in taze haz\u0131rlanan bir T\u00fcrk lezzetleri,\u00a0 hafif at\u0131\u015ft\u0131rmal\u0131klar ve Sushi se\u00e7eneklerini tercih edebilirsiniz.<\/p>\n","protected":false},"excerpt":{"rendered":"<p>Otelin \u00f6zel mavi bayrakl\u0131 kumsal\u0131nda Plaj Brasserie olarak g\u00fcn boyu hizmet veren The Beach House\u00a0 g\u00fcne\u015fin tad\u0131n\u0131 \u00e7\u0131karmak, Beach Bar\u2019da \u00f6zenle haz\u0131rlanm\u0131\u015f kokteylleri yudumlamak ve tarladan sofraya \u00fcr\u00fcnlerle haz\u0131rlanm\u0131\u015f lezzetleri tatmak isteyenler i\u00e7in keyif mekan\u0131. G\u00fcn boyu, Ege denizinin tad\u0131n\u0131 \u00e7\u0131kart\u0131rken sizin i\u00e7in taze haz\u0131rlanan bir T\u00fcrk lezzetleri,\u00a0 hafif at\u0131\u015ft\u0131rmal\u0131klar ve Sushi se\u00e7eneklerini tercih edebilirsiniz.<\/p>\n","protected":false},"author":5,"featured_media":0,"parent":66,"menu_order":1,"comment_status":"closed","ping_status":"closed","template":"template-restaurant.php","meta":{"footnotes":""},"categories":[15],"class_list":["post-85","page","type-page","status-publish","hentry","category-restaurant-tr"],"acf":[],"yoast_head":"<!-- This site is optimized with the Yoast SEO plugin v26.9 - https:\/\/yoast.com\/product\/yoast-seo-wordpress\/ -->\n<title>Beach House Restaurant - MGallery Bodrum Yal\u0131kavak<\/title>\n<meta name=\"description\" content=\"Otelin \u00f6zel mavi bayrakl\u0131 kumsal\u0131nda Plaj Brasserie olarak g\u00fcn boyu hizmet veren The Beach House\u00a0 g\u00fcne\u015fin tad\u0131n\u0131 \u00e7\u0131karmak, Beach Bar\u2019da \u00f6zenle haz\u0131rlanm\u0131\u015f kokteylleri yudumlamak ve tarladan sofraya \u00fcr\u00fcnlerle haz\u0131rlanm\u0131\u015f lezzetleri tatmak isteyenler i\u00e7in keyif mekan\u0131.G\u00fcn boyu, Ege denizinin tad\u0131n\u0131 \u00e7\u0131kart\u0131rken sizin i\u00e7in taze haz\u0131rlanan bir gurme deneyim ya\u015fayabilir ya da sadece hafif ve at\u0131\u015ft\u0131rmal\u0131k lezzetleri tercih edebilirsiniz.\" \/>\n<meta name=\"robots\" content=\"index, follow, max-snippet:-1, max-image-preview:large, max-video-preview:-1\" \/>\n<link rel=\"canonical\" href=\"https:\/\/www.mgallerybodrum.com\/tr\/restoran-ve-barlar\/beach-house-restaurant\/\" \/>\n<meta property=\"og:locale\" content=\"tr_TR\" \/>\n<meta property=\"og:type\" content=\"article\" \/>\n<meta property=\"og:title\" content=\"Beach House Restaurant - MGallery Bodrum Yal\u0131kavak\" \/>\n<meta property=\"og:description\" content=\"Otelin \u00f6zel mavi bayrakl\u0131 kumsal\u0131nda Plaj Brasserie olarak g\u00fcn boyu hizmet veren The Beach House\u00a0 g\u00fcne\u015fin tad\u0131n\u0131 \u00e7\u0131karmak, Beach Bar\u2019da \u00f6zenle haz\u0131rlanm\u0131\u015f kokteylleri yudumlamak ve tarladan sofraya \u00fcr\u00fcnlerle haz\u0131rlanm\u0131\u015f lezzetleri tatmak isteyenler i\u00e7in keyif mekan\u0131.G\u00fcn boyu, Ege denizinin tad\u0131n\u0131 \u00e7\u0131kart\u0131rken sizin i\u00e7in taze haz\u0131rlanan bir gurme deneyim ya\u015fayabilir ya da sadece hafif ve at\u0131\u015ft\u0131rmal\u0131k lezzetleri tercih edebilirsiniz.\" \/>\n<meta property=\"og:url\" content=\"https:\/\/www.mgallerybodrum.com\/tr\/restoran-ve-barlar\/beach-house-restaurant\/\" \/>\n<meta property=\"og:site_name\" content=\"MGallery Bodrum Yal\u0131kavak\" \/>\n<meta property=\"article:modified_time\" content=\"2024-05-09T14:06:28+00:00\" \/>\n<meta name=\"twitter:card\" content=\"summary_large_image\" \/>\n<meta name=\"twitter:label1\" content=\"Tahmini okuma s\u00fcresi\" \/>\n\t<meta name=\"twitter:data1\" content=\"1 dakika\" \/>\n<script type=\"application\/ld+json\" class=\"yoast-schema-graph\">{\"@context\":\"https:\/\/schema.org\",\"@graph\":[{\"@type\":\"WebPage\",\"@id\":\"https:\/\/www.mgallerybodrum.com\/tr\/restoran-ve-barlar\/beach-house-restaurant\/\",\"url\":\"https:\/\/www.mgallerybodrum.com\/tr\/restoran-ve-barlar\/beach-house-restaurant\/\",\"name\":\"Beach House Restaurant - MGallery Bodrum Yal\u0131kavak\",\"isPartOf\":{\"@id\":\"https:\/\/www.mgallerybodrum.com\/tr\/#website\"},\"datePublished\":\"2021-07-22T13:52:19+00:00\",\"dateModified\":\"2024-05-09T14:06:28+00:00\",\"description\":\"Otelin \u00f6zel mavi bayrakl\u0131 kumsal\u0131nda Plaj Brasserie olarak g\u00fcn boyu hizmet veren The Beach House\u00a0 g\u00fcne\u015fin tad\u0131n\u0131 \u00e7\u0131karmak, Beach Bar\u2019da \u00f6zenle haz\u0131rlanm\u0131\u015f kokteylleri yudumlamak ve tarladan sofraya \u00fcr\u00fcnlerle haz\u0131rlanm\u0131\u015f lezzetleri tatmak isteyenler i\u00e7in keyif mekan\u0131.G\u00fcn boyu, Ege denizinin tad\u0131n\u0131 \u00e7\u0131kart\u0131rken sizin i\u00e7in taze haz\u0131rlanan bir gurme deneyim ya\u015fayabilir ya da sadece hafif ve at\u0131\u015ft\u0131rmal\u0131k lezzetleri tercih edebilirsiniz.\",\"breadcrumb\":{\"@id\":\"https:\/\/www.mgallerybodrum.com\/tr\/restoran-ve-barlar\/beach-house-restaurant\/#breadcrumb\"},\"inLanguage\":\"tr\",\"potentialAction\":[{\"@type\":\"ReadAction\",\"target\":[\"https:\/\/www.mgallerybodrum.com\/tr\/restoran-ve-barlar\/beach-house-restaurant\/\"]}]},{\"@type\":\"BreadcrumbList\",\"@id\":\"https:\/\/www.mgallerybodrum.com\/tr\/restoran-ve-barlar\/beach-house-restaurant\/#breadcrumb\",\"itemListElement\":[{\"@type\":\"ListItem\",\"position\":1,\"name\":\"Home\",\"item\":\"https:\/\/www.mgallerybodrum.com\/tr\/\"},{\"@type\":\"ListItem\",\"position\":2,\"name\":\"Restoran ve Barlar\",\"item\":\"https:\/\/www.mgallerybodrum.com\/tr\/restoran-ve-barlar\/\"},{\"@type\":\"ListItem\",\"position\":3,\"name\":\"Beach House Restaurant\"}]},{\"@type\":\"WebSite\",\"@id\":\"https:\/\/www.mgallerybodrum.com\/tr\/#website\",\"url\":\"https:\/\/www.mgallerybodrum.com\/tr\/\",\"name\":\"MGallery Bodrum Yal\u0131kavak\",\"description\":\"Just another D-Edge Accor V2 Sites Hosting site\",\"potentialAction\":[{\"@type\":\"SearchAction\",\"target\":{\"@type\":\"EntryPoint\",\"urlTemplate\":\"https:\/\/www.mgallerybodrum.com\/tr\/?s={search_term_string}\"},\"query-input\":{\"@type\":\"PropertyValueSpecification\",\"valueRequired\":true,\"valueName\":\"search_term_string\"}}],\"inLanguage\":\"tr\"}]}<\/script>\n<!-- \/ Yoast SEO plugin. -->","yoast_head_json":{"title":"Beach House Restaurant - MGallery Bodrum Yal\u0131kavak","description":"Otelin \u00f6zel mavi bayrakl\u0131 kumsal\u0131nda Plaj Brasserie olarak g\u00fcn boyu hizmet veren The Beach House\u00a0 g\u00fcne\u015fin tad\u0131n\u0131 \u00e7\u0131karmak, Beach Bar\u2019da \u00f6zenle haz\u0131rlanm\u0131\u015f kokteylleri yudumlamak ve tarladan sofraya \u00fcr\u00fcnlerle haz\u0131rlanm\u0131\u015f lezzetleri tatmak isteyenler i\u00e7in keyif mekan\u0131.G\u00fcn boyu, Ege denizinin tad\u0131n\u0131 \u00e7\u0131kart\u0131rken sizin i\u00e7in taze haz\u0131rlanan bir gurme deneyim ya\u015fayabilir ya da sadece hafif ve at\u0131\u015ft\u0131rmal\u0131k lezzetleri tercih edebilirsiniz.","robots":{"index":"index","follow":"follow","max-snippet":"max-snippet:-1","max-image-preview":"max-image-preview:large","max-video-preview":"max-video-preview:-1"},"canonical":"https:\/\/www.mgallerybodrum.com\/tr\/restoran-ve-barlar\/beach-house-restaurant\/","og_locale":"tr_TR","og_type":"article","og_title":"Beach House Restaurant - MGallery Bodrum Yal\u0131kavak","og_description":"Otelin \u00f6zel mavi bayrakl\u0131 kumsal\u0131nda Plaj Brasserie olarak g\u00fcn boyu hizmet veren The Beach House\u00a0 g\u00fcne\u015fin tad\u0131n\u0131 \u00e7\u0131karmak, Beach Bar\u2019da \u00f6zenle haz\u0131rlanm\u0131\u015f kokteylleri yudumlamak ve tarladan sofraya \u00fcr\u00fcnlerle haz\u0131rlanm\u0131\u015f lezzetleri tatmak isteyenler i\u00e7in keyif mekan\u0131.G\u00fcn boyu, Ege denizinin tad\u0131n\u0131 \u00e7\u0131kart\u0131rken sizin i\u00e7in taze haz\u0131rlanan bir gurme deneyim ya\u015fayabilir ya da sadece hafif ve at\u0131\u015ft\u0131rmal\u0131k lezzetleri tercih edebilirsiniz.","og_url":"https:\/\/www.mgallerybodrum.com\/tr\/restoran-ve-barlar\/beach-house-restaurant\/","og_site_name":"MGallery Bodrum Yal\u0131kavak","article_modified_time":"2024-05-09T14:06:28+00:00","twitter_card":"summary_large_image","twitter_misc":{"Tahmini okuma s\u00fcresi":"1 dakika"},"schema":{"@context":"https:\/\/schema.org","@graph":[{"@type":"WebPage","@id":"https:\/\/www.mgallerybodrum.com\/tr\/restoran-ve-barlar\/beach-house-restaurant\/","url":"https:\/\/www.mgallerybodrum.com\/tr\/restoran-ve-barlar\/beach-house-restaurant\/","name":"Beach House Restaurant - MGallery Bodrum Yal\u0131kavak","isPartOf":{"@id":"https:\/\/www.mgallerybodrum.com\/tr\/#website"},"datePublished":"2021-07-22T13:52:19+00:00","dateModified":"2024-05-09T14:06:28+00:00","description":"Otelin \u00f6zel mavi bayrakl\u0131 kumsal\u0131nda Plaj Brasserie olarak g\u00fcn boyu hizmet veren The Beach House\u00a0 g\u00fcne\u015fin tad\u0131n\u0131 \u00e7\u0131karmak, Beach Bar\u2019da \u00f6zenle haz\u0131rlanm\u0131\u015f kokteylleri yudumlamak ve tarladan sofraya \u00fcr\u00fcnlerle haz\u0131rlanm\u0131\u015f lezzetleri tatmak isteyenler i\u00e7in keyif mekan\u0131.G\u00fcn boyu, Ege denizinin tad\u0131n\u0131 \u00e7\u0131kart\u0131rken sizin i\u00e7in taze haz\u0131rlanan bir gurme deneyim ya\u015fayabilir ya da sadece hafif ve at\u0131\u015ft\u0131rmal\u0131k lezzetleri tercih edebilirsiniz.","breadcrumb":{"@id":"https:\/\/www.mgallerybodrum.com\/tr\/restoran-ve-barlar\/beach-house-restaurant\/#breadcrumb"},"inLanguage":"tr","potentialAction":[{"@type":"ReadAction","target":["https:\/\/www.mgallerybodrum.com\/tr\/restoran-ve-barlar\/beach-house-restaurant\/"]}]},{"@type":"BreadcrumbList","@id":"https:\/\/www.mgallerybodrum.com\/tr\/restoran-ve-barlar\/beach-house-restaurant\/#breadcrumb","itemListElement":[{"@type":"ListItem","position":1,"name":"Home","item":"https:\/\/www.mgallerybodrum.com\/tr\/"},{"@type":"ListItem","position":2,"name":"Restoran ve Barlar","item":"https:\/\/www.mgallerybodrum.com\/tr\/restoran-ve-barlar\/"},{"@type":"ListItem","position":3,"name":"Beach House Restaurant"}]},{"@type":"WebSite","@id":"https:\/\/www.mgallerybodrum.com\/tr\/#website","url":"https:\/\/www.mgallerybodrum.com\/tr\/","name":"MGallery Bodrum Yal\u0131kavak","description":"Just another D-Edge Accor V2 Sites Hosting site","potentialAction":[{"@type":"SearchAction","target":{"@type":"EntryPoint","urlTemplate":"https:\/\/www.mgallerybodrum.com\/tr\/?s={search_term_string}"},"query-input":{"@type":"PropertyValueSpecification","valueRequired":true,"valueName":"search_term_string"}}],"inLanguage":"tr"}]}},"_links":{"self":[{"href":"https:\/\/www.mgallerybodrum.com\/tr\/wp-json\/wp\/v2\/pages\/85","targetHints":{"allow":["GET"]}}],"collection":[{"href":"https:\/\/www.mgallerybodrum.com\/tr\/wp-json\/wp\/v2\/pages"}],"about":[{"href":"https:\/\/www.mgallerybodrum.com\/tr\/wp-json\/wp\/v2\/types\/page"}],"author":[{"embeddable":true,"href":"https:\/\/www.mgallerybodrum.com\/tr\/wp-json\/wp\/v2\/users\/5"}],"replies":[{"embeddable":true,"href":"https:\/\/www.mgallerybodrum.com\/tr\/wp-json\/wp\/v2\/comments?post=85"}],"version-history":[{"count":0,"href":"https:\/\/www.mgallerybodrum.com\/tr\/wp-json\/wp\/v2\/pages\/85\/revisions"}],"up":[{"embeddable":true,"href":"https:\/\/www.mgallerybodrum.com\/tr\/wp-json\/wp\/v2\/pages\/66"}],"wp:attachment":[{"href":"https:\/\/www.mgallerybodrum.com\/tr\/wp-json\/wp\/v2\/media?parent=85"}],"wp:term":[{"taxonomy":"category","embeddable":true,"href":"https:\/\/www.mgallerybodrum.com\/tr\/wp-json\/wp\/v2\/categories?post=85"}],"curies":[{"name":"wp","href":"https:\/\/api.w.org\/{rel}","templated":true}]}}