{"id":791,"date":"2025-10-04T12:15:32","date_gmt":"2025-10-04T12:15:32","guid":{"rendered":"https:\/\/www.mgallerybodrum.com\/sustainability\/"},"modified":"2025-10-04T09:13:33","modified_gmt":"2025-10-04T09:13:33","slug":"surdurulebilirlik","status":"publish","type":"page","link":"https:\/\/www.mgallerybodrum.com\/tr\/surdurulebilirlik\/","title":{"rendered":"S\u00fcrd\u00fcr\u00fclebilirlik"},"content":{"rendered":"<p>&nbsp;<\/p>\n<p>MGallery The Bodrum Hotel Yal\u0131kavak, \u00e7evreyi korumak, do\u011fal ve sosyal \u00e7evre aras\u0131ndaki ba\u011flant\u0131y\u0131 geli\u015ftirmek, yerel halk\u0131 desteklemek ve gelecek nesillere daha ya\u015fanabilir bir d\u00fcnya b\u0131rakmak i\u00e7in \u00fcretim ve hizmet faaliyetlerinde s\u00fcrd\u00fcr\u00fclebilirlik yakla\u015f\u0131m\u0131n\u0131 benimsemi\u015f olup s\u00fcrekli bir iyile\u015ftirme bilincindedir.<\/p>\n<p>MGallery The Bodrum Hotel Yal\u0131kavak\u00a0 S\u00fcrd\u00fcr\u00fclebilirlik yakla\u015f\u0131m\u0131; Ger\u00e7ekle\u015ftirdi\u011fi t\u00fcm faaliyetlerde temiz ve yenilenebilir enerji kaynaklar\u0131n\u0131 kullanmak, enerji verimlili\u011fini sa\u011flamak, karbon sal\u0131n\u0131m\u0131n\u0131 azaltmak, suyu tasarruflu kullanmak, at\u0131klar\u0131 ve israf\u0131 \u00f6nlemektir. T\u00fcm \u00e7al\u0131\u015fanlar\u0131n, misafirlerin ve payda\u015flar\u0131n insan haklar\u0131 ve sa\u011fl\u0131k, Risk ve Kriz y\u00f6netimi konular\u0131nda haklar\u0131 g\u00f6zetilmektedir.<\/p>\n<p>MGallery The Bodrum Hotel Yal\u0131kavak, t\u00fcm faaliyetlerin mevcut ve gelecekteki ekonomik, sosyal ve \u00e7evresel etkilerini de\u011ferlendirir. Misafirlerin, sekt\u00f6r\u00fcn, \u00e7evrenin ve b\u00f6lgede ya\u015fayan halk\u0131n ihtiya\u00e7lar\u0131n\u0131 g\u00f6zetir. Bulundu\u011fu destinasyonda k\u00fclt\u00fcrel ve do\u011fal de\u011ferlerini korur ve istihtam yarat\u0131r. Sosyal, \u00e7evresel ve ekonomik s\u00fcrd\u00fcr\u00fclebilirlik birbirini aktif olarak etkileyen ve birbirinden etkilenen alanlard\u0131r ve birlikte verimlilik sa\u011flar.<\/p>\n<p>&nbsp;<\/p>\n<p><strong>S\u00fcrd\u00fcr\u00fclebilirlik Neden \u00d6nemlidir?\u00a0 <\/strong><\/p>\n<p>Ya\u015fad\u0131\u011f\u0131m\u0131z \u00e7evre, sonsuz kaynaklara ve ta\u015f\u0131ma kapasitesine sahip de\u011fildir. \u0130nsano\u011flunun davran\u0131\u015flar\u0131na bak\u0131ld\u0131\u011f\u0131nda sanki bu kaynaklar s\u0131n\u0131rs\u0131zm\u0131\u015f\u00e7as\u0131na kullan\u0131ld\u0131\u011f\u0131n\u0131 d\u00fc\u015f\u00fcnmek m\u00fcmk\u00fcnd\u00fcr. Buna kar\u015f\u0131, bilgi art\u0131\u015f\u0131yla birlikte do\u011faya duyarl\u0131 t\u00fcketici say\u0131s\u0131 da artmakta ve do\u011faya sayg\u0131l\u0131 t\u00fcketime y\u00f6nelmektedir. Bu durum bir yandan i\u015fletmeler \u00fczerindeki duyarl\u0131l\u0131k bask\u0131s\u0131n\u0131 artt\u0131rmakta, di\u011fer yandan bir marka de\u011feri yaratma, rekebet g\u00fcc\u00fc elde etme, tasarruf sa\u011flama ve ekonomik kazan\u00e7 f\u0131rsat\u0131 sunmaktad\u0131r.<\/p>\n<p>Turizm \u00f6zelinde bak\u0131ld\u0131\u011f\u0131nda, turizm do\u011fal, tarihi, k\u00fclt\u00fcrel ve co\u011frafi kaynaklara muhta\u00e7t\u0131r. T\u00fcm bu kaynaklar, turizm sekt\u00f6r\u00fcnde hammade olarak de\u011ferlendirilmekte ve turistlik \u00fcr\u00fcn\u00fcn olu\u015fumunda ve pazarlamas\u0131nda kullan\u0131lmaktad\u0131r.<\/p>\n<p>&nbsp;<\/p>\n<p><strong>Faaliyet Raporu <\/strong><\/p>\n<p>MGallery The Bodrum Hotel Yal\u0131kavak, s\u00fcrd\u00fcr\u00fclebilir kalk\u0131nma i\u00e7in ba\u015far\u0131l\u0131 i\u015fletmenin ve kurumsal sorumlulu\u011fun yak\u0131ndan ili\u015fkili oldu\u011funa inanmaktad\u0131r. Misafirlerimizin, ekip \u00fcyelerimizin, \u00e7evrenin, yerel topluluklar\u0131n ve t\u00fcm payda\u015flar\u0131m\u0131z\u0131n faaliyetlerimizi anlamas\u0131 ve bundan faydalanmas\u0131n\u0131 sa\u011flamak i\u00e7in i\u015fletmemizin her unsurunda s\u00fcrd\u00fcr\u00fclebilirlik sa\u011flamay\u0131 hedefliyoruz.<\/p>\n<p>&nbsp;<\/p>\n<p>Sayg\u0131lar\u0131mla,<\/p>\n<p><strong>Genel M\u00fcd\u00fcr<\/strong><\/p>\n","protected":false},"excerpt":{"rendered":"<p>&nbsp; MGallery The Bodrum Hotel Yal\u0131kavak, \u00e7evreyi korumak, do\u011fal ve sosyal \u00e7evre aras\u0131ndaki ba\u011flant\u0131y\u0131 geli\u015ftirmek, yerel halk\u0131 desteklemek ve gelecek nesillere daha ya\u015fanabilir bir d\u00fcnya b\u0131rakmak i\u00e7in \u00fcretim ve hizmet faaliyetlerinde s\u00fcrd\u00fcr\u00fclebilirlik yakla\u015f\u0131m\u0131n\u0131 benimsemi\u015f olup s\u00fcrekli bir iyile\u015ftirme bilincindedir. MGallery The Bodrum Hotel Yal\u0131kavak\u00a0 S\u00fcrd\u00fcr\u00fclebilirlik yakla\u015f\u0131m\u0131; Ger\u00e7ekle\u015ftirdi\u011fi t\u00fcm faaliyetlerde temiz ve yenilenebilir enerji kaynaklar\u0131n\u0131 kullanmak, [&hellip;]<\/p>\n","protected":false},"author":32,"featured_media":0,"parent":0,"menu_order":12,"comment_status":"closed","ping_status":"closed","template":"","meta":{"footnotes":""},"categories":[1],"class_list":["post-791","page","type-page","status-publish","hentry","category-uncategorized"],"acf":[],"yoast_head":"<!-- This site is optimized with the Yoast SEO plugin v26.9 - https:\/\/yoast.com\/product\/yoast-seo-wordpress\/ -->\n<title>S\u00fcrd\u00fcr\u00fclebilirlik - MGallery Bodrum Yal\u0131kavak<\/title>\n<meta name=\"robots\" content=\"index, follow, max-snippet:-1, max-image-preview:large, max-video-preview:-1\" \/>\n<link rel=\"canonical\" href=\"https:\/\/www.mgallerybodrum.com\/tr\/surdurulebilirlik\/\" \/>\n<meta property=\"og:locale\" content=\"tr_TR\" \/>\n<meta property=\"og:type\" content=\"article\" \/>\n<meta property=\"og:title\" content=\"S\u00fcrd\u00fcr\u00fclebilirlik - MGallery Bodrum Yal\u0131kavak\" \/>\n<meta property=\"og:description\" content=\"&nbsp; MGallery The Bodrum Hotel Yal\u0131kavak, \u00e7evreyi korumak, do\u011fal ve sosyal \u00e7evre aras\u0131ndaki ba\u011flant\u0131y\u0131 geli\u015ftirmek, yerel halk\u0131 desteklemek ve gelecek nesillere daha ya\u015fanabilir bir d\u00fcnya b\u0131rakmak i\u00e7in \u00fcretim ve hizmet faaliyetlerinde s\u00fcrd\u00fcr\u00fclebilirlik yakla\u015f\u0131m\u0131n\u0131 benimsemi\u015f olup s\u00fcrekli bir iyile\u015ftirme bilincindedir. MGallery The Bodrum Hotel Yal\u0131kavak\u00a0 S\u00fcrd\u00fcr\u00fclebilirlik yakla\u015f\u0131m\u0131; Ger\u00e7ekle\u015ftirdi\u011fi t\u00fcm faaliyetlerde temiz ve yenilenebilir enerji kaynaklar\u0131n\u0131 kullanmak, [&hellip;]\" \/>\n<meta property=\"og:url\" content=\"https:\/\/www.mgallerybodrum.com\/tr\/surdurulebilirlik\/\" \/>\n<meta property=\"og:site_name\" content=\"MGallery Bodrum Yal\u0131kavak\" \/>\n<meta name=\"twitter:card\" content=\"summary_large_image\" \/>\n<meta name=\"twitter:label1\" content=\"Tahmini okuma s\u00fcresi\" \/>\n\t<meta name=\"twitter:data1\" content=\"2 dakika\" \/>\n<script type=\"application\/ld+json\" class=\"yoast-schema-graph\">{\"@context\":\"https:\/\/schema.org\",\"@graph\":[{\"@type\":\"WebPage\",\"@id\":\"https:\/\/www.mgallerybodrum.com\/tr\/surdurulebilirlik\/\",\"url\":\"https:\/\/www.mgallerybodrum.com\/tr\/surdurulebilirlik\/\",\"name\":\"S\u00fcrd\u00fcr\u00fclebilirlik - MGallery Bodrum Yal\u0131kavak\",\"isPartOf\":{\"@id\":\"https:\/\/www.mgallerybodrum.com\/tr\/#website\"},\"datePublished\":\"2025-10-04T12:15:32+00:00\",\"breadcrumb\":{\"@id\":\"https:\/\/www.mgallerybodrum.com\/tr\/surdurulebilirlik\/#breadcrumb\"},\"inLanguage\":\"tr\",\"potentialAction\":[{\"@type\":\"ReadAction\",\"target\":[\"https:\/\/www.mgallerybodrum.com\/tr\/surdurulebilirlik\/\"]}]},{\"@type\":\"BreadcrumbList\",\"@id\":\"https:\/\/www.mgallerybodrum.com\/tr\/surdurulebilirlik\/#breadcrumb\",\"itemListElement\":[{\"@type\":\"ListItem\",\"position\":1,\"name\":\"Home\",\"item\":\"https:\/\/www.mgallerybodrum.com\/tr\/mgallery-the-bodrum-hotel-yalikavak\/\"},{\"@type\":\"ListItem\",\"position\":2,\"name\":\"S\u00fcrd\u00fcr\u00fclebilirlik\"}]},{\"@type\":\"WebSite\",\"@id\":\"https:\/\/www.mgallerybodrum.com\/tr\/#website\",\"url\":\"https:\/\/www.mgallerybodrum.com\/tr\/\",\"name\":\"MGallery Bodrum Yal\u0131kavak\",\"description\":\"Just another D-Edge Accor V2 Sites Hosting site\",\"potentialAction\":[{\"@type\":\"SearchAction\",\"target\":{\"@type\":\"EntryPoint\",\"urlTemplate\":\"https:\/\/www.mgallerybodrum.com\/tr\/?s={search_term_string}\"},\"query-input\":{\"@type\":\"PropertyValueSpecification\",\"valueRequired\":true,\"valueName\":\"search_term_string\"}}],\"inLanguage\":\"tr\"}]}<\/script>\n<!-- \/ Yoast SEO plugin. -->","yoast_head_json":{"title":"S\u00fcrd\u00fcr\u00fclebilirlik - MGallery Bodrum Yal\u0131kavak","robots":{"index":"index","follow":"follow","max-snippet":"max-snippet:-1","max-image-preview":"max-image-preview:large","max-video-preview":"max-video-preview:-1"},"canonical":"https:\/\/www.mgallerybodrum.com\/tr\/surdurulebilirlik\/","og_locale":"tr_TR","og_type":"article","og_title":"S\u00fcrd\u00fcr\u00fclebilirlik - MGallery Bodrum Yal\u0131kavak","og_description":"&nbsp; MGallery The Bodrum Hotel Yal\u0131kavak, \u00e7evreyi korumak, do\u011fal ve sosyal \u00e7evre aras\u0131ndaki ba\u011flant\u0131y\u0131 geli\u015ftirmek, yerel halk\u0131 desteklemek ve gelecek nesillere daha ya\u015fanabilir bir d\u00fcnya b\u0131rakmak i\u00e7in \u00fcretim ve hizmet faaliyetlerinde s\u00fcrd\u00fcr\u00fclebilirlik yakla\u015f\u0131m\u0131n\u0131 benimsemi\u015f olup s\u00fcrekli bir iyile\u015ftirme bilincindedir. MGallery The Bodrum Hotel Yal\u0131kavak\u00a0 S\u00fcrd\u00fcr\u00fclebilirlik yakla\u015f\u0131m\u0131; Ger\u00e7ekle\u015ftirdi\u011fi t\u00fcm faaliyetlerde temiz ve yenilenebilir enerji kaynaklar\u0131n\u0131 kullanmak, [&hellip;]","og_url":"https:\/\/www.mgallerybodrum.com\/tr\/surdurulebilirlik\/","og_site_name":"MGallery Bodrum Yal\u0131kavak","twitter_card":"summary_large_image","twitter_misc":{"Tahmini okuma s\u00fcresi":"2 dakika"},"schema":{"@context":"https:\/\/schema.org","@graph":[{"@type":"WebPage","@id":"https:\/\/www.mgallerybodrum.com\/tr\/surdurulebilirlik\/","url":"https:\/\/www.mgallerybodrum.com\/tr\/surdurulebilirlik\/","name":"S\u00fcrd\u00fcr\u00fclebilirlik - MGallery Bodrum Yal\u0131kavak","isPartOf":{"@id":"https:\/\/www.mgallerybodrum.com\/tr\/#website"},"datePublished":"2025-10-04T12:15:32+00:00","breadcrumb":{"@id":"https:\/\/www.mgallerybodrum.com\/tr\/surdurulebilirlik\/#breadcrumb"},"inLanguage":"tr","potentialAction":[{"@type":"ReadAction","target":["https:\/\/www.mgallerybodrum.com\/tr\/surdurulebilirlik\/"]}]},{"@type":"BreadcrumbList","@id":"https:\/\/www.mgallerybodrum.com\/tr\/surdurulebilirlik\/#breadcrumb","itemListElement":[{"@type":"ListItem","position":1,"name":"Home","item":"https:\/\/www.mgallerybodrum.com\/tr\/mgallery-the-bodrum-hotel-yalikavak\/"},{"@type":"ListItem","position":2,"name":"S\u00fcrd\u00fcr\u00fclebilirlik"}]},{"@type":"WebSite","@id":"https:\/\/www.mgallerybodrum.com\/tr\/#website","url":"https:\/\/www.mgallerybodrum.com\/tr\/","name":"MGallery Bodrum Yal\u0131kavak","description":"Just another D-Edge Accor V2 Sites Hosting site","potentialAction":[{"@type":"SearchAction","target":{"@type":"EntryPoint","urlTemplate":"https:\/\/www.mgallerybodrum.com\/tr\/?s={search_term_string}"},"query-input":{"@type":"PropertyValueSpecification","valueRequired":true,"valueName":"search_term_string"}}],"inLanguage":"tr"}]}},"_links":{"self":[{"href":"https:\/\/www.mgallerybodrum.com\/tr\/wp-json\/wp\/v2\/pages\/791","targetHints":{"allow":["GET"]}}],"collection":[{"href":"https:\/\/www.mgallerybodrum.com\/tr\/wp-json\/wp\/v2\/pages"}],"about":[{"href":"https:\/\/www.mgallerybodrum.com\/tr\/wp-json\/wp\/v2\/types\/page"}],"author":[{"embeddable":true,"href":"https:\/\/www.mgallerybodrum.com\/tr\/wp-json\/wp\/v2\/users\/32"}],"replies":[{"embeddable":true,"href":"https:\/\/www.mgallerybodrum.com\/tr\/wp-json\/wp\/v2\/comments?post=791"}],"version-history":[{"count":0,"href":"https:\/\/www.mgallerybodrum.com\/tr\/wp-json\/wp\/v2\/pages\/791\/revisions"}],"wp:attachment":[{"href":"https:\/\/www.mgallerybodrum.com\/tr\/wp-json\/wp\/v2\/media?parent=791"}],"wp:term":[{"taxonomy":"category","embeddable":true,"href":"https:\/\/www.mgallerybodrum.com\/tr\/wp-json\/wp\/v2\/categories?post=791"}],"curies":[{"name":"wp","href":"https:\/\/api.w.org\/{rel}","templated":true}]}}