{"id":789,"date":"2024-09-17T09:52:54","date_gmt":"2024-09-17T09:52:54","guid":{"rendered":"https:\/\/www.mgallerybodrum.com\/is-sagligi-ve-guvenligi\/environmental-policy\/"},"modified":"2024-09-19T08:26:51","modified_gmt":"2024-09-19T08:26:51","slug":"cevre-politikasi","status":"publish","type":"page","link":"https:\/\/www.mgallerybodrum.com\/tr\/surdurulebilirlik\/entegre-yonetim-sistemi\/cevre-politikasi\/","title":{"rendered":"\u00c7evre Pol\u0130t\u0130kasi"},"content":{"rendered":"<p>MGallery The Bodrum Hotel Yal\u0131kavak olarak, mekanlara ve etkinliklere y\u00f6netim ve a\u011f\u0131rlama hizmetleri sunan lider bir sa\u011flay\u0131c\u0131y\u0131z.Firmam\u0131z,resmi \u00c7evre Y\u00f6netim Sistemimizin ISO 14001:2015 Uluslararas\u0131 Standard\u0131na uygun olarak s\u00fcrd\u00fcr\u00fclmesine kararl\u0131d\u0131r.<\/p>\n<p>Y\u00fcr\u00fcrl\u00fckteki t\u00fcm \u00e7evre yasalar\u0131na ve d\u00fczenlemelerine uyacak ve \u00f6zel d\u00fczenlemelerin bulunmad\u0131\u011f\u0131 durumlarda uygun sorumluluk standartlar\u0131n\u0131 benimseyecektir.<\/p>\n<p>T\u00fcm \u00e7al\u0131\u015fanlar\u0131n ve hizmet sa\u011flay\u0131c\u0131lar\u0131n \u00e7evresel hedeflerimize ula\u015fmada \u00f6nemli bir rol\u00fc oldu\u011funa inan\u0131yoruz. Firmam\u0131z \u00e7evreye sayg\u0131y\u0131 te\u015fvik eder ve tesislerimizin hizmet sa\u011flay\u0131c\u0131lar\u0131n\u0131n \u00c7evre Y\u00f6netim Sistemimizin ilkelerini takdir etmesini ve bunlara uymas\u0131n\u0131 sa\u011flar.<\/p>\n<p>&nbsp;<\/p>\n<p>\u00c7evre Politikam\u0131z:<\/p>\n<ul>\n<li>\u00c7evre y\u00f6netimimizi s\u00fcrekli iyile\u015ftirmek;<\/li>\n<li>\u0130lgili t\u00fcm mevzuat ve d\u00fczenlemelere uygunlu\u011fun sa\u011flanmas\u0131;<\/li>\n<li>B\u00f6l\u00fcm toplant\u0131lar\u0131 ve y\u00f6netim sistemi g\u00f6zden ge\u00e7irme toplant\u0131lar\u0131 arac\u0131l\u0131\u011f\u0131yla y\u00f6netim taraf\u0131ndan d\u00fczenli olarak g\u00f6zden ge\u00e7irilecek olan \u00c7evre Y\u00f6netim Sistemi i\u00e7in ama\u00e7 ve hedeflerin olu\u015fturulmas\u0131;<\/li>\n<li>Kirlili\u011fin \u00f6nlenmesi, \u00e7evre dostu \u00fcr\u00fcn ve teknolojinin kullan\u0131lmas\u0131, enerji ve i\u00e7me suyu dahil yeniden kullan\u0131lamayan kaynaklar\u0131n kullan\u0131m\u0131n\u0131n en aza indirilmesi dahil olmak \u00fczere \u00e7evrenin korunmas\u0131 su, at\u0131\u011f\u0131n en aza indirilmesi, uygulanabilir geri d\u00f6n\u00fc\u015f\u00fcm f\u0131rsatlar\u0131n\u0131n geli\u015ftirilmesi ve uygun ta\u015f\u0131ma ve bertaraf y\u00f6ntemlerinin kullan\u0131lmas\u0131n\u0131n sa\u011flanmas\u0131;<\/li>\n<li>Herhangi bir \u00e7evresel etkiyi en aza indirmek ve ele almak i\u00e7in acil durum m\u00fcdahale planlar\u0131 geli\u015ftirmek ve uygulamak;<\/li>\n<li>Faaliyetlerimizin \u00e7evresel etkilerini s\u00fcrekli olarak de\u011ferlendirmek;<\/li>\n<li>Faaliyetlerimizin \u00e7evresel boyutlar\u0131n\u0131 ve etkilerini anlamak;<\/li>\n<li>At\u0131ktan ka\u00e7\u0131nma ve \u00e7evresel etkilerin azalt\u0131lmas\u0131n\u0131 g\u00f6z \u00f6n\u00fcnde bulundurarak sat\u0131n alma;<\/li>\n<li>\u00c7evresel bilgileri yaymak ve \u00e7evresel performans hakk\u0131nda raporlama yapmak;<\/li>\n<li>Bu politikan\u0131n gerekliliklerini t\u00fcm \u00e7al\u0131\u015fanlara iletmek ve anla\u015f\u0131lmas\u0131n\u0131 sa\u011flamak i\u00e7in ad\u0131mlar atmak;<\/li>\n<li>Bu politikan\u0131n uygulanmas\u0131 i\u00e7in yeterli kaynaklar\u0131n sa\u011flanmas\u0131.<\/li>\n<\/ul>\n<p>Sayg\u0131lar\u0131mla,<\/p>\n<p><strong>Genel M\u00fcd\u00fcr<\/strong><\/p>\n","protected":false},"excerpt":{"rendered":"<p>MGallery The Bodrum Hotel Yal\u0131kavak olarak, mekanlara ve etkinliklere y\u00f6netim ve a\u011f\u0131rlama hizmetleri sunan lider bir sa\u011flay\u0131c\u0131y\u0131z.Firmam\u0131z,resmi \u00c7evre Y\u00f6netim Sistemimizin ISO 14001:2015 Uluslararas\u0131 Standard\u0131na uygun olarak s\u00fcrd\u00fcr\u00fclmesine kararl\u0131d\u0131r. Y\u00fcr\u00fcrl\u00fckteki t\u00fcm \u00e7evre yasalar\u0131na ve d\u00fczenlemelerine uyacak ve \u00f6zel d\u00fczenlemelerin bulunmad\u0131\u011f\u0131 durumlarda uygun sorumluluk standartlar\u0131n\u0131 benimseyecektir. T\u00fcm \u00e7al\u0131\u015fanlar\u0131n ve hizmet sa\u011flay\u0131c\u0131lar\u0131n \u00e7evresel hedeflerimize ula\u015fmada \u00f6nemli bir rol\u00fc [&hellip;]<\/p>\n","protected":false},"author":29,"featured_media":0,"parent":470,"menu_order":40,"comment_status":"closed","ping_status":"closed","template":"","meta":{"footnotes":""},"categories":[],"class_list":["post-789","page","type-page","status-publish","hentry"],"acf":[],"yoast_head":"<!-- This site is optimized with the Yoast SEO plugin v26.9 - https:\/\/yoast.com\/product\/yoast-seo-wordpress\/ -->\n<title>\u00c7evre Pol\u0130t\u0130kasi - MGallery Bodrum Yal\u0131kavak<\/title>\n<meta name=\"robots\" content=\"index, follow, max-snippet:-1, max-image-preview:large, max-video-preview:-1\" \/>\n<link rel=\"canonical\" href=\"https:\/\/www.mgallerybodrum.com\/tr\/surdurulebilirlik\/entegre-yonetim-sistemi\/cevre-politikasi\/\" \/>\n<meta property=\"og:locale\" content=\"tr_TR\" \/>\n<meta property=\"og:type\" content=\"article\" \/>\n<meta property=\"og:title\" content=\"\u00c7evre Pol\u0130t\u0130kasi - MGallery Bodrum Yal\u0131kavak\" \/>\n<meta property=\"og:description\" content=\"MGallery The Bodrum Hotel Yal\u0131kavak olarak, mekanlara ve etkinliklere y\u00f6netim ve a\u011f\u0131rlama hizmetleri sunan lider bir sa\u011flay\u0131c\u0131y\u0131z.Firmam\u0131z,resmi \u00c7evre Y\u00f6netim Sistemimizin ISO 14001:2015 Uluslararas\u0131 Standard\u0131na uygun olarak s\u00fcrd\u00fcr\u00fclmesine kararl\u0131d\u0131r. Y\u00fcr\u00fcrl\u00fckteki t\u00fcm \u00e7evre yasalar\u0131na ve d\u00fczenlemelerine uyacak ve \u00f6zel d\u00fczenlemelerin bulunmad\u0131\u011f\u0131 durumlarda uygun sorumluluk standartlar\u0131n\u0131 benimseyecektir. T\u00fcm \u00e7al\u0131\u015fanlar\u0131n ve hizmet sa\u011flay\u0131c\u0131lar\u0131n \u00e7evresel hedeflerimize ula\u015fmada \u00f6nemli bir rol\u00fc [&hellip;]\" \/>\n<meta property=\"og:url\" content=\"https:\/\/www.mgallerybodrum.com\/tr\/surdurulebilirlik\/entegre-yonetim-sistemi\/cevre-politikasi\/\" \/>\n<meta property=\"og:site_name\" content=\"MGallery Bodrum Yal\u0131kavak\" \/>\n<meta property=\"article:modified_time\" content=\"2024-09-19T08:26:51+00:00\" \/>\n<meta name=\"twitter:card\" content=\"summary_large_image\" \/>\n<meta name=\"twitter:label1\" content=\"Tahmini okuma s\u00fcresi\" \/>\n\t<meta name=\"twitter:data1\" content=\"2 dakika\" \/>\n<script type=\"application\/ld+json\" class=\"yoast-schema-graph\">{\"@context\":\"https:\/\/schema.org\",\"@graph\":[{\"@type\":\"WebPage\",\"@id\":\"https:\/\/www.mgallerybodrum.com\/tr\/surdurulebilirlik\/entegre-yonetim-sistemi\/cevre-politikasi\/\",\"url\":\"https:\/\/www.mgallerybodrum.com\/tr\/surdurulebilirlik\/entegre-yonetim-sistemi\/cevre-politikasi\/\",\"name\":\"\u00c7evre Pol\u0130t\u0130kasi - MGallery Bodrum Yal\u0131kavak\",\"isPartOf\":{\"@id\":\"https:\/\/www.mgallerybodrum.com\/tr\/#website\"},\"datePublished\":\"2024-09-17T09:52:54+00:00\",\"dateModified\":\"2024-09-19T08:26:51+00:00\",\"breadcrumb\":{\"@id\":\"https:\/\/www.mgallerybodrum.com\/tr\/surdurulebilirlik\/entegre-yonetim-sistemi\/cevre-politikasi\/#breadcrumb\"},\"inLanguage\":\"tr\",\"potentialAction\":[{\"@type\":\"ReadAction\",\"target\":[\"https:\/\/www.mgallerybodrum.com\/tr\/surdurulebilirlik\/entegre-yonetim-sistemi\/cevre-politikasi\/\"]}]},{\"@type\":\"BreadcrumbList\",\"@id\":\"https:\/\/www.mgallerybodrum.com\/tr\/surdurulebilirlik\/entegre-yonetim-sistemi\/cevre-politikasi\/#breadcrumb\",\"itemListElement\":[{\"@type\":\"ListItem\",\"position\":1,\"name\":\"Home\",\"item\":\"https:\/\/www.mgallerybodrum.com\/tr\/mgallery-the-bodrum-hotel-yalikavak\/\"},{\"@type\":\"ListItem\",\"position\":2,\"name\":\"Entegre Y\u00f6netim Sistemi\",\"item\":\"https:\/\/www.mgallerybodrum.com\/tr\/entegre-yonetim-sistemi\/\"},{\"@type\":\"ListItem\",\"position\":3,\"name\":\"\u00c7evre Pol\u0130t\u0130kasi\"}]},{\"@type\":\"WebSite\",\"@id\":\"https:\/\/www.mgallerybodrum.com\/tr\/#website\",\"url\":\"https:\/\/www.mgallerybodrum.com\/tr\/\",\"name\":\"MGallery Bodrum Yal\u0131kavak\",\"description\":\"Just another D-Edge Accor V2 Sites Hosting site\",\"potentialAction\":[{\"@type\":\"SearchAction\",\"target\":{\"@type\":\"EntryPoint\",\"urlTemplate\":\"https:\/\/www.mgallerybodrum.com\/tr\/?s={search_term_string}\"},\"query-input\":{\"@type\":\"PropertyValueSpecification\",\"valueRequired\":true,\"valueName\":\"search_term_string\"}}],\"inLanguage\":\"tr\"}]}<\/script>\n<!-- \/ Yoast SEO plugin. -->","yoast_head_json":{"title":"\u00c7evre Pol\u0130t\u0130kasi - MGallery Bodrum Yal\u0131kavak","robots":{"index":"index","follow":"follow","max-snippet":"max-snippet:-1","max-image-preview":"max-image-preview:large","max-video-preview":"max-video-preview:-1"},"canonical":"https:\/\/www.mgallerybodrum.com\/tr\/surdurulebilirlik\/entegre-yonetim-sistemi\/cevre-politikasi\/","og_locale":"tr_TR","og_type":"article","og_title":"\u00c7evre Pol\u0130t\u0130kasi - MGallery Bodrum Yal\u0131kavak","og_description":"MGallery The Bodrum Hotel Yal\u0131kavak olarak, mekanlara ve etkinliklere y\u00f6netim ve a\u011f\u0131rlama hizmetleri sunan lider bir sa\u011flay\u0131c\u0131y\u0131z.Firmam\u0131z,resmi \u00c7evre Y\u00f6netim Sistemimizin ISO 14001:2015 Uluslararas\u0131 Standard\u0131na uygun olarak s\u00fcrd\u00fcr\u00fclmesine kararl\u0131d\u0131r. Y\u00fcr\u00fcrl\u00fckteki t\u00fcm \u00e7evre yasalar\u0131na ve d\u00fczenlemelerine uyacak ve \u00f6zel d\u00fczenlemelerin bulunmad\u0131\u011f\u0131 durumlarda uygun sorumluluk standartlar\u0131n\u0131 benimseyecektir. T\u00fcm \u00e7al\u0131\u015fanlar\u0131n ve hizmet sa\u011flay\u0131c\u0131lar\u0131n \u00e7evresel hedeflerimize ula\u015fmada \u00f6nemli bir rol\u00fc [&hellip;]","og_url":"https:\/\/www.mgallerybodrum.com\/tr\/surdurulebilirlik\/entegre-yonetim-sistemi\/cevre-politikasi\/","og_site_name":"MGallery Bodrum Yal\u0131kavak","article_modified_time":"2024-09-19T08:26:51+00:00","twitter_card":"summary_large_image","twitter_misc":{"Tahmini okuma s\u00fcresi":"2 dakika"},"schema":{"@context":"https:\/\/schema.org","@graph":[{"@type":"WebPage","@id":"https:\/\/www.mgallerybodrum.com\/tr\/surdurulebilirlik\/entegre-yonetim-sistemi\/cevre-politikasi\/","url":"https:\/\/www.mgallerybodrum.com\/tr\/surdurulebilirlik\/entegre-yonetim-sistemi\/cevre-politikasi\/","name":"\u00c7evre Pol\u0130t\u0130kasi - MGallery Bodrum Yal\u0131kavak","isPartOf":{"@id":"https:\/\/www.mgallerybodrum.com\/tr\/#website"},"datePublished":"2024-09-17T09:52:54+00:00","dateModified":"2024-09-19T08:26:51+00:00","breadcrumb":{"@id":"https:\/\/www.mgallerybodrum.com\/tr\/surdurulebilirlik\/entegre-yonetim-sistemi\/cevre-politikasi\/#breadcrumb"},"inLanguage":"tr","potentialAction":[{"@type":"ReadAction","target":["https:\/\/www.mgallerybodrum.com\/tr\/surdurulebilirlik\/entegre-yonetim-sistemi\/cevre-politikasi\/"]}]},{"@type":"BreadcrumbList","@id":"https:\/\/www.mgallerybodrum.com\/tr\/surdurulebilirlik\/entegre-yonetim-sistemi\/cevre-politikasi\/#breadcrumb","itemListElement":[{"@type":"ListItem","position":1,"name":"Home","item":"https:\/\/www.mgallerybodrum.com\/tr\/mgallery-the-bodrum-hotel-yalikavak\/"},{"@type":"ListItem","position":2,"name":"Entegre Y\u00f6netim Sistemi","item":"https:\/\/www.mgallerybodrum.com\/tr\/entegre-yonetim-sistemi\/"},{"@type":"ListItem","position":3,"name":"\u00c7evre Pol\u0130t\u0130kasi"}]},{"@type":"WebSite","@id":"https:\/\/www.mgallerybodrum.com\/tr\/#website","url":"https:\/\/www.mgallerybodrum.com\/tr\/","name":"MGallery Bodrum Yal\u0131kavak","description":"Just another D-Edge Accor V2 Sites Hosting site","potentialAction":[{"@type":"SearchAction","target":{"@type":"EntryPoint","urlTemplate":"https:\/\/www.mgallerybodrum.com\/tr\/?s={search_term_string}"},"query-input":{"@type":"PropertyValueSpecification","valueRequired":true,"valueName":"search_term_string"}}],"inLanguage":"tr"}]}},"_links":{"self":[{"href":"https:\/\/www.mgallerybodrum.com\/tr\/wp-json\/wp\/v2\/pages\/789","targetHints":{"allow":["GET"]}}],"collection":[{"href":"https:\/\/www.mgallerybodrum.com\/tr\/wp-json\/wp\/v2\/pages"}],"about":[{"href":"https:\/\/www.mgallerybodrum.com\/tr\/wp-json\/wp\/v2\/types\/page"}],"author":[{"embeddable":true,"href":"https:\/\/www.mgallerybodrum.com\/tr\/wp-json\/wp\/v2\/users\/29"}],"replies":[{"embeddable":true,"href":"https:\/\/www.mgallerybodrum.com\/tr\/wp-json\/wp\/v2\/comments?post=789"}],"version-history":[{"count":0,"href":"https:\/\/www.mgallerybodrum.com\/tr\/wp-json\/wp\/v2\/pages\/789\/revisions"}],"up":[{"embeddable":true,"href":"https:\/\/www.mgallerybodrum.com\/tr\/wp-json\/wp\/v2\/pages\/470"}],"wp:attachment":[{"href":"https:\/\/www.mgallerybodrum.com\/tr\/wp-json\/wp\/v2\/media?parent=789"}],"wp:term":[{"taxonomy":"category","embeddable":true,"href":"https:\/\/www.mgallerybodrum.com\/tr\/wp-json\/wp\/v2\/categories?post=789"}],"curies":[{"name":"wp","href":"https:\/\/api.w.org\/{rel}","templated":true}]}}