{"id":788,"date":"2024-09-17T09:51:06","date_gmt":"2024-09-17T09:51:06","guid":{"rendered":"https:\/\/www.mgallerybodrum.com\/is-sagligi-ve-guvenligi\/food-safety-policy\/"},"modified":"2024-09-19T08:26:12","modified_gmt":"2024-09-19T08:26:12","slug":"gida-guvenligi-politikasi","status":"publish","type":"page","link":"https:\/\/www.mgallerybodrum.com\/tr\/surdurulebilirlik\/entegre-yonetim-sistemi\/gida-guvenligi-politikasi\/","title":{"rendered":"G\u0131da G\u00fcvenl\u0130\u011f\u0130 Pol\u0130t\u0130kasi"},"content":{"rendered":"<p>MGallery The Bodrum Hotel Yal\u0131kavak olarak, mekanlara ve etkinliklere y\u00f6netim ve a\u011f\u0131rlama hizmetleri sunan lider bir sa\u011flay\u0131c\u0131y\u0131z.<\/p>\n<p>G\u0131da G\u00fcvenli\u011fi Y\u00f6netim Sistemi, Tehlike Kontrol Planlar\u0131 taraf\u0131ndan y\u00f6netilen ve her zaman g\u0131da g\u00fcvenli\u011fini ve iyi \u00fcretim uygulamalar\u0131n\u0131 sa\u011flamak i\u00e7in tasarlanm\u0131\u015f resmi prosed\u00fcrler ve s\u00fcre\u00e7ler arac\u0131l\u0131\u011f\u0131yla sistematik bir \u015fekilde \u00e7al\u0131\u015fman\u0131n temelini olu\u015fturur. G\u0131da G\u00fcvenli\u011fi Y\u00f6netim Sistemimizin b\u00fct\u00fcnl\u00fc\u011f\u00fcn\u00fc sa\u011flamakla y\u00fck\u00fcml\u00fc bir G\u0131da G\u00fcvenli\u011fi Ekibi g\u00f6revlendirilmi\u015f ve yetkilendirilmi\u015ftir.<\/p>\n<p>Bunu sa\u011flamak i\u00e7in:<\/p>\n<ul>\n<li>Misafir beklentilerini kar\u015f\u0131layan, yasal ve g\u00fcvenli, kaliteli \u00fcr\u00fcnler haz\u0131rlamak ve sunmak;<\/li>\n<li>ISO 22000 G\u0131da G\u00fcvenli\u011fi Standartlar\u0131na ve ilgili t\u00fcm mevzuat\u0131 ve d\u00fczenlemelerine uygunlu\u011fun sa\u011flanmas\u0131;<\/li>\n<li>D\u00fczenli sistem denetimi, de\u011ferlendirmesi ve iyile\u015ftirme planlamas\u0131 yoluyla g\u0131da g\u00fcvenli\u011fi performans\u0131n\u0131 s\u00fcrekli iyile\u015ftirmek.<\/li>\n<li>D\u00fczenli olarak izlenen ve g\u00f6zden ge\u00e7irilen g\u0131da g\u00fcvenli\u011fi ilkelerini destekleyen i\u015f ve g\u0131da g\u00fcvenli\u011fi hedeflerinin olu\u015fturulmas\u0131;<\/li>\n<li>S\u00fcrekli iyile\u015ftirmeyi kolayla\u015ft\u0131rman\u0131n ve misafir ihtiya\u00e7 ve beklentilerini belirlemenin bir yolu olarak misafir geri bildirimlerini memnuniyetle kar\u015f\u0131lamak;<\/li>\n<li>T\u00fcm \u00e7al\u0131\u015fanlar\u0131n g\u0131da i\u015fleme e\u011fitimi de dahil olmak \u00fczere uygun \u015fekilde e\u011fitilmelerini ve ilgili g\u0131da g\u00fcvenli\u011fi bilgileri konusunda bilgilendirilmelerini sa\u011flamak;<\/li>\n<li>\u0130lgili g\u0131da g\u00fcvenli\u011fi bilgilerini iletmek ve g\u0131da g\u00fcvenli\u011fi performans\u0131 hakk\u0131nda raporlama yapmak;<\/li>\n<li>Misafirleri \u00f6nemli beslenme ve alerjen bilgileri konusunda bilgilendirmek;<\/li>\n<li>Misafirleri d\u0131\u015far\u0131da sat\u0131lan g\u0131dalar\u0131 otel i\u00e7erisinde t\u00fcketmemeleri hakk\u0131nda bilgilendirmek,<\/li>\n<li>D\u0131\u015far\u0131dan sat\u0131n al\u0131nan g\u0131dalar\u0131n, gerekli mikrobiyolojik testlerinin yap\u0131lamad\u0131\u011f\u0131 i\u00e7in otel i\u00e7inde t\u00fcketilmesine izin verilememektedir.<\/li>\n<li>Bu politikan\u0131n gerekliliklerini t\u00fcm \u00e7al\u0131\u015fanlara iletmek ve anla\u015f\u0131lmas\u0131n\u0131 sa\u011flamak i\u00e7in ad\u0131mlar atmak;<\/li>\n<li>Bu politikan\u0131n uygulanmas\u0131 i\u00e7in yeterli kaynaklar\u0131n sa\u011flanmas\u0131.<\/li>\n<\/ul>\n<p>&nbsp;<\/p>\n<p>Sayg\u0131lar\u0131mla,<\/p>\n<p><strong>Genel M\u00fcd\u00fcr<\/strong><\/p>\n","protected":false},"excerpt":{"rendered":"<p>MGallery The Bodrum Hotel Yal\u0131kavak olarak, mekanlara ve etkinliklere y\u00f6netim ve a\u011f\u0131rlama hizmetleri sunan lider bir sa\u011flay\u0131c\u0131y\u0131z. G\u0131da G\u00fcvenli\u011fi Y\u00f6netim Sistemi, Tehlike Kontrol Planlar\u0131 taraf\u0131ndan y\u00f6netilen ve her zaman g\u0131da g\u00fcvenli\u011fini ve iyi \u00fcretim uygulamalar\u0131n\u0131 sa\u011flamak i\u00e7in tasarlanm\u0131\u015f resmi prosed\u00fcrler ve s\u00fcre\u00e7ler arac\u0131l\u0131\u011f\u0131yla sistematik bir \u015fekilde \u00e7al\u0131\u015fman\u0131n temelini olu\u015fturur. G\u0131da G\u00fcvenli\u011fi Y\u00f6netim Sistemimizin b\u00fct\u00fcnl\u00fc\u011f\u00fcn\u00fc sa\u011flamakla [&hellip;]<\/p>\n","protected":false},"author":29,"featured_media":0,"parent":470,"menu_order":60,"comment_status":"closed","ping_status":"closed","template":"","meta":{"footnotes":""},"categories":[],"class_list":["post-788","page","type-page","status-publish","hentry"],"acf":[],"yoast_head":"<!-- This site is optimized with the Yoast SEO plugin v26.9 - https:\/\/yoast.com\/product\/yoast-seo-wordpress\/ -->\n<title>G\u0131da G\u00fcvenl\u0130\u011f\u0130 Pol\u0130t\u0130kasi - MGallery Bodrum Yal\u0131kavak<\/title>\n<meta name=\"robots\" content=\"index, follow, max-snippet:-1, max-image-preview:large, max-video-preview:-1\" \/>\n<link rel=\"canonical\" href=\"https:\/\/www.mgallerybodrum.com\/tr\/surdurulebilirlik\/entegre-yonetim-sistemi\/gida-guvenligi-politikasi\/\" \/>\n<meta property=\"og:locale\" content=\"tr_TR\" \/>\n<meta property=\"og:type\" content=\"article\" \/>\n<meta property=\"og:title\" content=\"G\u0131da G\u00fcvenl\u0130\u011f\u0130 Pol\u0130t\u0130kasi - MGallery Bodrum Yal\u0131kavak\" \/>\n<meta property=\"og:description\" content=\"MGallery The Bodrum Hotel Yal\u0131kavak olarak, mekanlara ve etkinliklere y\u00f6netim ve a\u011f\u0131rlama hizmetleri sunan lider bir sa\u011flay\u0131c\u0131y\u0131z. G\u0131da G\u00fcvenli\u011fi Y\u00f6netim Sistemi, Tehlike Kontrol Planlar\u0131 taraf\u0131ndan y\u00f6netilen ve her zaman g\u0131da g\u00fcvenli\u011fini ve iyi \u00fcretim uygulamalar\u0131n\u0131 sa\u011flamak i\u00e7in tasarlanm\u0131\u015f resmi prosed\u00fcrler ve s\u00fcre\u00e7ler arac\u0131l\u0131\u011f\u0131yla sistematik bir \u015fekilde \u00e7al\u0131\u015fman\u0131n temelini olu\u015fturur. G\u0131da G\u00fcvenli\u011fi Y\u00f6netim Sistemimizin b\u00fct\u00fcnl\u00fc\u011f\u00fcn\u00fc sa\u011flamakla [&hellip;]\" \/>\n<meta property=\"og:url\" content=\"https:\/\/www.mgallerybodrum.com\/tr\/surdurulebilirlik\/entegre-yonetim-sistemi\/gida-guvenligi-politikasi\/\" \/>\n<meta property=\"og:site_name\" content=\"MGallery Bodrum Yal\u0131kavak\" \/>\n<meta property=\"article:modified_time\" content=\"2024-09-19T08:26:12+00:00\" \/>\n<meta name=\"twitter:card\" content=\"summary_large_image\" \/>\n<meta name=\"twitter:label1\" content=\"Tahmini okuma s\u00fcresi\" \/>\n\t<meta name=\"twitter:data1\" content=\"2 dakika\" \/>\n<script type=\"application\/ld+json\" class=\"yoast-schema-graph\">{\"@context\":\"https:\/\/schema.org\",\"@graph\":[{\"@type\":\"WebPage\",\"@id\":\"https:\/\/www.mgallerybodrum.com\/tr\/surdurulebilirlik\/entegre-yonetim-sistemi\/gida-guvenligi-politikasi\/\",\"url\":\"https:\/\/www.mgallerybodrum.com\/tr\/surdurulebilirlik\/entegre-yonetim-sistemi\/gida-guvenligi-politikasi\/\",\"name\":\"G\u0131da G\u00fcvenl\u0130\u011f\u0130 Pol\u0130t\u0130kasi - MGallery Bodrum Yal\u0131kavak\",\"isPartOf\":{\"@id\":\"https:\/\/www.mgallerybodrum.com\/tr\/#website\"},\"datePublished\":\"2024-09-17T09:51:06+00:00\",\"dateModified\":\"2024-09-19T08:26:12+00:00\",\"breadcrumb\":{\"@id\":\"https:\/\/www.mgallerybodrum.com\/tr\/surdurulebilirlik\/entegre-yonetim-sistemi\/gida-guvenligi-politikasi\/#breadcrumb\"},\"inLanguage\":\"tr\",\"potentialAction\":[{\"@type\":\"ReadAction\",\"target\":[\"https:\/\/www.mgallerybodrum.com\/tr\/surdurulebilirlik\/entegre-yonetim-sistemi\/gida-guvenligi-politikasi\/\"]}]},{\"@type\":\"BreadcrumbList\",\"@id\":\"https:\/\/www.mgallerybodrum.com\/tr\/surdurulebilirlik\/entegre-yonetim-sistemi\/gida-guvenligi-politikasi\/#breadcrumb\",\"itemListElement\":[{\"@type\":\"ListItem\",\"position\":1,\"name\":\"Home\",\"item\":\"https:\/\/www.mgallerybodrum.com\/tr\/\"},{\"@type\":\"ListItem\",\"position\":2,\"name\":\"Entegre Y\u00f6netim Sistemi\",\"item\":\"https:\/\/www.mgallerybodrum.com\/tr\/entegre-yonetim-sistemi\/\"},{\"@type\":\"ListItem\",\"position\":3,\"name\":\"G\u0131da G\u00fcvenl\u0130\u011f\u0130 Pol\u0130t\u0130kasi\"}]},{\"@type\":\"WebSite\",\"@id\":\"https:\/\/www.mgallerybodrum.com\/tr\/#website\",\"url\":\"https:\/\/www.mgallerybodrum.com\/tr\/\",\"name\":\"MGallery Bodrum Yal\u0131kavak\",\"description\":\"Just another D-Edge Accor V2 Sites Hosting site\",\"potentialAction\":[{\"@type\":\"SearchAction\",\"target\":{\"@type\":\"EntryPoint\",\"urlTemplate\":\"https:\/\/www.mgallerybodrum.com\/tr\/?s={search_term_string}\"},\"query-input\":{\"@type\":\"PropertyValueSpecification\",\"valueRequired\":true,\"valueName\":\"search_term_string\"}}],\"inLanguage\":\"tr\"}]}<\/script>\n<!-- \/ Yoast SEO plugin. -->","yoast_head_json":{"title":"G\u0131da G\u00fcvenl\u0130\u011f\u0130 Pol\u0130t\u0130kasi - MGallery Bodrum Yal\u0131kavak","robots":{"index":"index","follow":"follow","max-snippet":"max-snippet:-1","max-image-preview":"max-image-preview:large","max-video-preview":"max-video-preview:-1"},"canonical":"https:\/\/www.mgallerybodrum.com\/tr\/surdurulebilirlik\/entegre-yonetim-sistemi\/gida-guvenligi-politikasi\/","og_locale":"tr_TR","og_type":"article","og_title":"G\u0131da G\u00fcvenl\u0130\u011f\u0130 Pol\u0130t\u0130kasi - MGallery Bodrum Yal\u0131kavak","og_description":"MGallery The Bodrum Hotel Yal\u0131kavak olarak, mekanlara ve etkinliklere y\u00f6netim ve a\u011f\u0131rlama hizmetleri sunan lider bir sa\u011flay\u0131c\u0131y\u0131z. G\u0131da G\u00fcvenli\u011fi Y\u00f6netim Sistemi, Tehlike Kontrol Planlar\u0131 taraf\u0131ndan y\u00f6netilen ve her zaman g\u0131da g\u00fcvenli\u011fini ve iyi \u00fcretim uygulamalar\u0131n\u0131 sa\u011flamak i\u00e7in tasarlanm\u0131\u015f resmi prosed\u00fcrler ve s\u00fcre\u00e7ler arac\u0131l\u0131\u011f\u0131yla sistematik bir \u015fekilde \u00e7al\u0131\u015fman\u0131n temelini olu\u015fturur. G\u0131da G\u00fcvenli\u011fi Y\u00f6netim Sistemimizin b\u00fct\u00fcnl\u00fc\u011f\u00fcn\u00fc sa\u011flamakla [&hellip;]","og_url":"https:\/\/www.mgallerybodrum.com\/tr\/surdurulebilirlik\/entegre-yonetim-sistemi\/gida-guvenligi-politikasi\/","og_site_name":"MGallery Bodrum Yal\u0131kavak","article_modified_time":"2024-09-19T08:26:12+00:00","twitter_card":"summary_large_image","twitter_misc":{"Tahmini okuma s\u00fcresi":"2 dakika"},"schema":{"@context":"https:\/\/schema.org","@graph":[{"@type":"WebPage","@id":"https:\/\/www.mgallerybodrum.com\/tr\/surdurulebilirlik\/entegre-yonetim-sistemi\/gida-guvenligi-politikasi\/","url":"https:\/\/www.mgallerybodrum.com\/tr\/surdurulebilirlik\/entegre-yonetim-sistemi\/gida-guvenligi-politikasi\/","name":"G\u0131da G\u00fcvenl\u0130\u011f\u0130 Pol\u0130t\u0130kasi - MGallery Bodrum Yal\u0131kavak","isPartOf":{"@id":"https:\/\/www.mgallerybodrum.com\/tr\/#website"},"datePublished":"2024-09-17T09:51:06+00:00","dateModified":"2024-09-19T08:26:12+00:00","breadcrumb":{"@id":"https:\/\/www.mgallerybodrum.com\/tr\/surdurulebilirlik\/entegre-yonetim-sistemi\/gida-guvenligi-politikasi\/#breadcrumb"},"inLanguage":"tr","potentialAction":[{"@type":"ReadAction","target":["https:\/\/www.mgallerybodrum.com\/tr\/surdurulebilirlik\/entegre-yonetim-sistemi\/gida-guvenligi-politikasi\/"]}]},{"@type":"BreadcrumbList","@id":"https:\/\/www.mgallerybodrum.com\/tr\/surdurulebilirlik\/entegre-yonetim-sistemi\/gida-guvenligi-politikasi\/#breadcrumb","itemListElement":[{"@type":"ListItem","position":1,"name":"Home","item":"https:\/\/www.mgallerybodrum.com\/tr\/"},{"@type":"ListItem","position":2,"name":"Entegre Y\u00f6netim Sistemi","item":"https:\/\/www.mgallerybodrum.com\/tr\/entegre-yonetim-sistemi\/"},{"@type":"ListItem","position":3,"name":"G\u0131da G\u00fcvenl\u0130\u011f\u0130 Pol\u0130t\u0130kasi"}]},{"@type":"WebSite","@id":"https:\/\/www.mgallerybodrum.com\/tr\/#website","url":"https:\/\/www.mgallerybodrum.com\/tr\/","name":"MGallery Bodrum Yal\u0131kavak","description":"Just another D-Edge Accor V2 Sites Hosting site","potentialAction":[{"@type":"SearchAction","target":{"@type":"EntryPoint","urlTemplate":"https:\/\/www.mgallerybodrum.com\/tr\/?s={search_term_string}"},"query-input":{"@type":"PropertyValueSpecification","valueRequired":true,"valueName":"search_term_string"}}],"inLanguage":"tr"}]}},"_links":{"self":[{"href":"https:\/\/www.mgallerybodrum.com\/tr\/wp-json\/wp\/v2\/pages\/788","targetHints":{"allow":["GET"]}}],"collection":[{"href":"https:\/\/www.mgallerybodrum.com\/tr\/wp-json\/wp\/v2\/pages"}],"about":[{"href":"https:\/\/www.mgallerybodrum.com\/tr\/wp-json\/wp\/v2\/types\/page"}],"author":[{"embeddable":true,"href":"https:\/\/www.mgallerybodrum.com\/tr\/wp-json\/wp\/v2\/users\/29"}],"replies":[{"embeddable":true,"href":"https:\/\/www.mgallerybodrum.com\/tr\/wp-json\/wp\/v2\/comments?post=788"}],"version-history":[{"count":0,"href":"https:\/\/www.mgallerybodrum.com\/tr\/wp-json\/wp\/v2\/pages\/788\/revisions"}],"up":[{"embeddable":true,"href":"https:\/\/www.mgallerybodrum.com\/tr\/wp-json\/wp\/v2\/pages\/470"}],"wp:attachment":[{"href":"https:\/\/www.mgallerybodrum.com\/tr\/wp-json\/wp\/v2\/media?parent=788"}],"wp:term":[{"taxonomy":"category","embeddable":true,"href":"https:\/\/www.mgallerybodrum.com\/tr\/wp-json\/wp\/v2\/categories?post=788"}],"curies":[{"name":"wp","href":"https:\/\/api.w.org\/{rel}","templated":true}]}}