{"id":786,"date":"2024-09-17T09:48:36","date_gmt":"2024-09-17T09:48:36","guid":{"rendered":"https:\/\/www.mgallerybodrum.com\/is-sagligi-ve-guvenligi\/quality-policy\/"},"modified":"2024-09-19T08:27:08","modified_gmt":"2024-09-19T08:27:08","slug":"kalite-politikasi","status":"publish","type":"page","link":"https:\/\/www.mgallerybodrum.com\/tr\/surdurulebilirlik\/entegre-yonetim-sistemi\/kalite-politikasi\/","title":{"rendered":"Kal\u0130te Pol\u0130t\u0130kasi"},"content":{"rendered":"<p>MGallery The Bodrum Hotel Yal\u0131kavak olarak mekanlara ve etkinliklere y\u00f6netim ve a\u011f\u0131rlama hizmetleri sunan lider bir sa\u011flay\u0131c\u0131y\u0131z.Kalite Y\u00f6netim Sistemi, sundu\u011fumuz hizmetlerdeki farkl\u0131l\u0131klar\u0131 en aza indirmek i\u00e7in tasarlanm\u0131\u015f resmi prosed\u00fcrler ve s\u00fcre\u00e7ler arac\u0131l\u0131\u011f\u0131yla sistematik bir \u015fekilde \u00e7al\u0131\u015fman\u0131n temelini olu\u015fturur.<\/p>\n<p>Her noktada s\u00fcrekli iyile\u015fmeyi temel felsefe edinen firmam\u0131z, bu s\u00fcreklili\u011fi sa\u011flamak i\u00e7in a\u015fa\u011f\u0131daki hususlar\u0131 firma politikas\u0131 olarak belirlemi\u015ftir.<\/p>\n<ul>\n<li>Bu politikan\u0131n gerekliliklerine uymak ve kalite y\u00f6netim sisteminin etkinli\u011fini s\u00fcrekli iyile\u015ftirmek;<\/li>\n<li>\u0130\u015f hedeflerinin olu\u015fturulmas\u0131 ve bu hedeflerin d\u00fczenli olarak izlenmesi ve g\u00f6zden ge\u00e7irilmesi temel performans g\u00f6stergelerinin elde edilmesini sa\u011flamak i\u00e7in departman toplant\u0131lar\u0131 ve y\u00f6netim sistemi g\u00f6zden ge\u00e7irme toplant\u0131lar\u0131;<\/li>\n<li>\u00dcr\u00fcnlerimizin y\u00fcksek kalitede olmas\u0131n\u0131 sa\u011flamak;<\/li>\n<li>\u00c7al\u0131\u015fanlar\u0131n uygun \u015fekilde e\u011fitilmelerini ve kendi uzmanl\u0131k alanlar\u0131ndaki en son geli\u015fmelerden haberdar olmalar\u0131n\u0131 sa\u011flamak;<\/li>\n<li>\u00c7al\u0131\u015fanlar\u0131n i\u015flerini etkili bir \u015fekilde y\u00fcr\u00fctmeleri i\u00e7in yeterli kaynaklara sahip olmalar\u0131n\u0131 ve kendi i\u015flerinin kalitesinden sorumlu olmalar\u0131n\u0131 sa\u011flamak;<\/li>\n<li>\u00c7al\u0131\u015fanlar\u0131m\u0131z\u0131n kendilerini misafir memnuniyetine adam\u0131\u015f olmalar\u0131n\u0131 ve misafirlerimize en y\u00fcksek profesyonel hizmeti sunmalar\u0131n\u0131 sa\u011flamak;<\/li>\n<li>\u00c7al\u0131\u015fanlar\u0131n misafir ve i\u015f\u00e7i g\u00fcvenli\u011fini her zaman birinci \u00f6ncelik olarak korumas\u0131n\u0131 sa\u011flamak;<\/li>\n<li>En y\u00fcksek standartta hizmet sunarak ve misafir geri bildirimlerini her zaman memnuniyetle kar\u015f\u0131layarak ve te\u015fvik ederek misafirlerimizin me\u015fru beklentilerini kar\u015f\u0131lamaya ve a\u015fmaya \u00e7al\u0131\u015fmak;<\/li>\n<li>\u015eirket faaliyetleri ile ilgili t\u00fcm yasal ve d\u00fczenleyici gereklilikleri kar\u015f\u0131lamak;<\/li>\n<li>Bu politikan\u0131n gerekliliklerini t\u00fcm \u00e7al\u0131\u015fanlara iletmek ve anla\u015f\u0131lmas\u0131n\u0131 sa\u011flamak i\u00e7in ad\u0131mlar atmak;<\/li>\n<li>Bu politikan\u0131n uygulanmas\u0131 i\u00e7in yeterli kaynaklar\u0131n sa\u011flanmas\u0131.<\/li>\n<\/ul>\n<p>&nbsp;<\/p>\n<p>Sayg\u0131lar\u0131mla,<\/p>\n<p><strong>Genel M\u00fcd\u00fcr<\/strong><\/p>\n<p>&nbsp;<\/p>\n","protected":false},"excerpt":{"rendered":"<p>MGallery The Bodrum Hotel Yal\u0131kavak olarak mekanlara ve etkinliklere y\u00f6netim ve a\u011f\u0131rlama hizmetleri sunan lider bir sa\u011flay\u0131c\u0131y\u0131z.Kalite Y\u00f6netim Sistemi, sundu\u011fumuz hizmetlerdeki farkl\u0131l\u0131klar\u0131 en aza indirmek i\u00e7in tasarlanm\u0131\u015f resmi prosed\u00fcrler ve s\u00fcre\u00e7ler arac\u0131l\u0131\u011f\u0131yla sistematik bir \u015fekilde \u00e7al\u0131\u015fman\u0131n temelini olu\u015fturur. Her noktada s\u00fcrekli iyile\u015fmeyi temel felsefe edinen firmam\u0131z, bu s\u00fcreklili\u011fi sa\u011flamak i\u00e7in a\u015fa\u011f\u0131daki hususlar\u0131 firma politikas\u0131 olarak [&hellip;]<\/p>\n","protected":false},"author":29,"featured_media":0,"parent":470,"menu_order":10,"comment_status":"closed","ping_status":"closed","template":"","meta":{"footnotes":""},"categories":[],"class_list":["post-786","page","type-page","status-publish","hentry"],"acf":[],"yoast_head":"<!-- This site is optimized with the Yoast SEO plugin v26.9 - https:\/\/yoast.com\/product\/yoast-seo-wordpress\/ -->\n<title>Kal\u0130te Pol\u0130t\u0130kasi - MGallery Bodrum Yal\u0131kavak<\/title>\n<meta name=\"robots\" content=\"index, follow, max-snippet:-1, max-image-preview:large, max-video-preview:-1\" \/>\n<link rel=\"canonical\" href=\"https:\/\/www.mgallerybodrum.com\/tr\/surdurulebilirlik\/entegre-yonetim-sistemi\/kalite-politikasi\/\" \/>\n<meta property=\"og:locale\" content=\"tr_TR\" \/>\n<meta property=\"og:type\" content=\"article\" \/>\n<meta property=\"og:title\" content=\"Kal\u0130te Pol\u0130t\u0130kasi - MGallery Bodrum Yal\u0131kavak\" \/>\n<meta property=\"og:description\" content=\"MGallery The Bodrum Hotel Yal\u0131kavak olarak mekanlara ve etkinliklere y\u00f6netim ve a\u011f\u0131rlama hizmetleri sunan lider bir sa\u011flay\u0131c\u0131y\u0131z.Kalite Y\u00f6netim Sistemi, sundu\u011fumuz hizmetlerdeki farkl\u0131l\u0131klar\u0131 en aza indirmek i\u00e7in tasarlanm\u0131\u015f resmi prosed\u00fcrler ve s\u00fcre\u00e7ler arac\u0131l\u0131\u011f\u0131yla sistematik bir \u015fekilde \u00e7al\u0131\u015fman\u0131n temelini olu\u015fturur. Her noktada s\u00fcrekli iyile\u015fmeyi temel felsefe edinen firmam\u0131z, bu s\u00fcreklili\u011fi sa\u011flamak i\u00e7in a\u015fa\u011f\u0131daki hususlar\u0131 firma politikas\u0131 olarak [&hellip;]\" \/>\n<meta property=\"og:url\" content=\"https:\/\/www.mgallerybodrum.com\/tr\/surdurulebilirlik\/entegre-yonetim-sistemi\/kalite-politikasi\/\" \/>\n<meta property=\"og:site_name\" content=\"MGallery Bodrum Yal\u0131kavak\" \/>\n<meta property=\"article:modified_time\" content=\"2024-09-19T08:27:08+00:00\" \/>\n<meta name=\"twitter:card\" content=\"summary_large_image\" \/>\n<meta name=\"twitter:label1\" content=\"Tahmini okuma s\u00fcresi\" \/>\n\t<meta name=\"twitter:data1\" content=\"2 dakika\" \/>\n<script type=\"application\/ld+json\" class=\"yoast-schema-graph\">{\"@context\":\"https:\/\/schema.org\",\"@graph\":[{\"@type\":\"WebPage\",\"@id\":\"https:\/\/www.mgallerybodrum.com\/tr\/surdurulebilirlik\/entegre-yonetim-sistemi\/kalite-politikasi\/\",\"url\":\"https:\/\/www.mgallerybodrum.com\/tr\/surdurulebilirlik\/entegre-yonetim-sistemi\/kalite-politikasi\/\",\"name\":\"Kal\u0130te Pol\u0130t\u0130kasi - MGallery Bodrum Yal\u0131kavak\",\"isPartOf\":{\"@id\":\"https:\/\/www.mgallerybodrum.com\/tr\/#website\"},\"datePublished\":\"2024-09-17T09:48:36+00:00\",\"dateModified\":\"2024-09-19T08:27:08+00:00\",\"breadcrumb\":{\"@id\":\"https:\/\/www.mgallerybodrum.com\/tr\/surdurulebilirlik\/entegre-yonetim-sistemi\/kalite-politikasi\/#breadcrumb\"},\"inLanguage\":\"tr\",\"potentialAction\":[{\"@type\":\"ReadAction\",\"target\":[\"https:\/\/www.mgallerybodrum.com\/tr\/surdurulebilirlik\/entegre-yonetim-sistemi\/kalite-politikasi\/\"]}]},{\"@type\":\"BreadcrumbList\",\"@id\":\"https:\/\/www.mgallerybodrum.com\/tr\/surdurulebilirlik\/entegre-yonetim-sistemi\/kalite-politikasi\/#breadcrumb\",\"itemListElement\":[{\"@type\":\"ListItem\",\"position\":1,\"name\":\"Home\",\"item\":\"https:\/\/www.mgallerybodrum.com\/tr\/mgallery-the-bodrum-hotel-yalikavak\/\"},{\"@type\":\"ListItem\",\"position\":2,\"name\":\"Entegre Y\u00f6netim Sistemi\",\"item\":\"https:\/\/www.mgallerybodrum.com\/tr\/entegre-yonetim-sistemi\/\"},{\"@type\":\"ListItem\",\"position\":3,\"name\":\"Kal\u0130te Pol\u0130t\u0130kasi\"}]},{\"@type\":\"WebSite\",\"@id\":\"https:\/\/www.mgallerybodrum.com\/tr\/#website\",\"url\":\"https:\/\/www.mgallerybodrum.com\/tr\/\",\"name\":\"MGallery Bodrum Yal\u0131kavak\",\"description\":\"Just another D-Edge Accor V2 Sites Hosting site\",\"potentialAction\":[{\"@type\":\"SearchAction\",\"target\":{\"@type\":\"EntryPoint\",\"urlTemplate\":\"https:\/\/www.mgallerybodrum.com\/tr\/?s={search_term_string}\"},\"query-input\":{\"@type\":\"PropertyValueSpecification\",\"valueRequired\":true,\"valueName\":\"search_term_string\"}}],\"inLanguage\":\"tr\"}]}<\/script>\n<!-- \/ Yoast SEO plugin. -->","yoast_head_json":{"title":"Kal\u0130te Pol\u0130t\u0130kasi - MGallery Bodrum Yal\u0131kavak","robots":{"index":"index","follow":"follow","max-snippet":"max-snippet:-1","max-image-preview":"max-image-preview:large","max-video-preview":"max-video-preview:-1"},"canonical":"https:\/\/www.mgallerybodrum.com\/tr\/surdurulebilirlik\/entegre-yonetim-sistemi\/kalite-politikasi\/","og_locale":"tr_TR","og_type":"article","og_title":"Kal\u0130te Pol\u0130t\u0130kasi - MGallery Bodrum Yal\u0131kavak","og_description":"MGallery The Bodrum Hotel Yal\u0131kavak olarak mekanlara ve etkinliklere y\u00f6netim ve a\u011f\u0131rlama hizmetleri sunan lider bir sa\u011flay\u0131c\u0131y\u0131z.Kalite Y\u00f6netim Sistemi, sundu\u011fumuz hizmetlerdeki farkl\u0131l\u0131klar\u0131 en aza indirmek i\u00e7in tasarlanm\u0131\u015f resmi prosed\u00fcrler ve s\u00fcre\u00e7ler arac\u0131l\u0131\u011f\u0131yla sistematik bir \u015fekilde \u00e7al\u0131\u015fman\u0131n temelini olu\u015fturur. Her noktada s\u00fcrekli iyile\u015fmeyi temel felsefe edinen firmam\u0131z, bu s\u00fcreklili\u011fi sa\u011flamak i\u00e7in a\u015fa\u011f\u0131daki hususlar\u0131 firma politikas\u0131 olarak [&hellip;]","og_url":"https:\/\/www.mgallerybodrum.com\/tr\/surdurulebilirlik\/entegre-yonetim-sistemi\/kalite-politikasi\/","og_site_name":"MGallery Bodrum Yal\u0131kavak","article_modified_time":"2024-09-19T08:27:08+00:00","twitter_card":"summary_large_image","twitter_misc":{"Tahmini okuma s\u00fcresi":"2 dakika"},"schema":{"@context":"https:\/\/schema.org","@graph":[{"@type":"WebPage","@id":"https:\/\/www.mgallerybodrum.com\/tr\/surdurulebilirlik\/entegre-yonetim-sistemi\/kalite-politikasi\/","url":"https:\/\/www.mgallerybodrum.com\/tr\/surdurulebilirlik\/entegre-yonetim-sistemi\/kalite-politikasi\/","name":"Kal\u0130te Pol\u0130t\u0130kasi - MGallery Bodrum Yal\u0131kavak","isPartOf":{"@id":"https:\/\/www.mgallerybodrum.com\/tr\/#website"},"datePublished":"2024-09-17T09:48:36+00:00","dateModified":"2024-09-19T08:27:08+00:00","breadcrumb":{"@id":"https:\/\/www.mgallerybodrum.com\/tr\/surdurulebilirlik\/entegre-yonetim-sistemi\/kalite-politikasi\/#breadcrumb"},"inLanguage":"tr","potentialAction":[{"@type":"ReadAction","target":["https:\/\/www.mgallerybodrum.com\/tr\/surdurulebilirlik\/entegre-yonetim-sistemi\/kalite-politikasi\/"]}]},{"@type":"BreadcrumbList","@id":"https:\/\/www.mgallerybodrum.com\/tr\/surdurulebilirlik\/entegre-yonetim-sistemi\/kalite-politikasi\/#breadcrumb","itemListElement":[{"@type":"ListItem","position":1,"name":"Home","item":"https:\/\/www.mgallerybodrum.com\/tr\/mgallery-the-bodrum-hotel-yalikavak\/"},{"@type":"ListItem","position":2,"name":"Entegre Y\u00f6netim Sistemi","item":"https:\/\/www.mgallerybodrum.com\/tr\/entegre-yonetim-sistemi\/"},{"@type":"ListItem","position":3,"name":"Kal\u0130te Pol\u0130t\u0130kasi"}]},{"@type":"WebSite","@id":"https:\/\/www.mgallerybodrum.com\/tr\/#website","url":"https:\/\/www.mgallerybodrum.com\/tr\/","name":"MGallery Bodrum Yal\u0131kavak","description":"Just another D-Edge Accor V2 Sites Hosting site","potentialAction":[{"@type":"SearchAction","target":{"@type":"EntryPoint","urlTemplate":"https:\/\/www.mgallerybodrum.com\/tr\/?s={search_term_string}"},"query-input":{"@type":"PropertyValueSpecification","valueRequired":true,"valueName":"search_term_string"}}],"inLanguage":"tr"}]}},"_links":{"self":[{"href":"https:\/\/www.mgallerybodrum.com\/tr\/wp-json\/wp\/v2\/pages\/786","targetHints":{"allow":["GET"]}}],"collection":[{"href":"https:\/\/www.mgallerybodrum.com\/tr\/wp-json\/wp\/v2\/pages"}],"about":[{"href":"https:\/\/www.mgallerybodrum.com\/tr\/wp-json\/wp\/v2\/types\/page"}],"author":[{"embeddable":true,"href":"https:\/\/www.mgallerybodrum.com\/tr\/wp-json\/wp\/v2\/users\/29"}],"replies":[{"embeddable":true,"href":"https:\/\/www.mgallerybodrum.com\/tr\/wp-json\/wp\/v2\/comments?post=786"}],"version-history":[{"count":0,"href":"https:\/\/www.mgallerybodrum.com\/tr\/wp-json\/wp\/v2\/pages\/786\/revisions"}],"up":[{"embeddable":true,"href":"https:\/\/www.mgallerybodrum.com\/tr\/wp-json\/wp\/v2\/pages\/470"}],"wp:attachment":[{"href":"https:\/\/www.mgallerybodrum.com\/tr\/wp-json\/wp\/v2\/media?parent=786"}],"wp:term":[{"taxonomy":"category","embeddable":true,"href":"https:\/\/www.mgallerybodrum.com\/tr\/wp-json\/wp\/v2\/categories?post=786"}],"curies":[{"name":"wp","href":"https:\/\/api.w.org\/{rel}","templated":true}]}}