{"id":77,"date":"2021-07-22T13:15:47","date_gmt":"2021-07-22T13:15:47","guid":{"rendered":"https:\/\/bodrum-yalikavak-mgallery.accorv2prod.decms.eu\/?page_id=77"},"modified":"2024-07-02T06:23:19","modified_gmt":"2024-07-02T06:23:19","slug":"bohemy-yalikavak","status":"publish","type":"page","link":"https:\/\/www.mgallerybodrum.com\/tr\/restoran-ve-barlar\/bohemy-yalikavak\/","title":{"rendered":"Bohemy Yal\u0131kavak"},"content":{"rendered":"<p>Bohemy&#8217;nin, \u015f\u0131k ve bohem tarz\u0131nda haz\u0131rlanm\u0131\u015f dekorasyonu ile yemeklerini unutulmaz bir atmosfer i\u00e7inde deneyimleyeceksiniz.<\/p>\n<p>Bodrum&#8217;a \u00f6zg\u00fc yerel \u00fcretilen, tarladan, topraktan ve \u00e7iftliklerden taze olarak sizin i\u00e7in se\u00e7ilen \u00fcr\u00fcnler ile Akdeniz Mutfa\u011f\u0131n\u0131n en \u00f6zel \u00fcr\u00fcnleri ile haz\u0131rlanm\u0131\u015f men\u00fc sizi benzersiz bir lezzet yolculu\u011funa \u00e7\u0131kartacak.<\/p>\n","protected":false},"excerpt":{"rendered":"<p>Bohemy&#8217;nin, \u015f\u0131k ve bohem tarz\u0131nda haz\u0131rlanm\u0131\u015f dekorasyonu ile yemeklerini unutulmaz bir atmosfer i\u00e7inde deneyimleyeceksiniz. Bodrum&#8217;a \u00f6zg\u00fc yerel \u00fcretilen, tarladan, topraktan ve \u00e7iftliklerden taze olarak sizin i\u00e7in se\u00e7ilen \u00fcr\u00fcnler ile Akdeniz Mutfa\u011f\u0131n\u0131n en \u00f6zel \u00fcr\u00fcnleri ile haz\u0131rlanm\u0131\u015f men\u00fc sizi benzersiz bir lezzet yolculu\u011funa \u00e7\u0131kartacak.<\/p>\n","protected":false},"author":5,"featured_media":0,"parent":66,"menu_order":0,"comment_status":"closed","ping_status":"closed","template":"template-restaurant.php","meta":{"footnotes":""},"categories":[15],"class_list":["post-77","page","type-page","status-publish","hentry","category-restaurant-tr"],"acf":[],"yoast_head":"<!-- This site is optimized with the Yoast SEO plugin v26.9 - https:\/\/yoast.com\/product\/yoast-seo-wordpress\/ -->\n<title>Bohemy Yal\u0131kavak - MGallery Bodrum Yal\u0131kavak<\/title>\n<meta name=\"robots\" content=\"index, follow, max-snippet:-1, max-image-preview:large, max-video-preview:-1\" \/>\n<link rel=\"canonical\" href=\"https:\/\/www.mgallerybodrum.com\/tr\/restoran-ve-barlar\/bohemy-yalikavak\/\" \/>\n<meta property=\"og:locale\" content=\"tr_TR\" \/>\n<meta property=\"og:type\" content=\"article\" \/>\n<meta property=\"og:title\" content=\"Bohemy Yal\u0131kavak - MGallery Bodrum Yal\u0131kavak\" \/>\n<meta property=\"og:description\" content=\"Bohemy&#8217;nin, \u015f\u0131k ve bohem tarz\u0131nda haz\u0131rlanm\u0131\u015f dekorasyonu ile yemeklerini unutulmaz bir atmosfer i\u00e7inde deneyimleyeceksiniz. Bodrum&#8217;a \u00f6zg\u00fc yerel \u00fcretilen, tarladan, topraktan ve \u00e7iftliklerden taze olarak sizin i\u00e7in se\u00e7ilen \u00fcr\u00fcnler ile Akdeniz Mutfa\u011f\u0131n\u0131n en \u00f6zel \u00fcr\u00fcnleri ile haz\u0131rlanm\u0131\u015f men\u00fc sizi benzersiz bir lezzet yolculu\u011funa \u00e7\u0131kartacak.\" \/>\n<meta property=\"og:url\" content=\"https:\/\/www.mgallerybodrum.com\/tr\/restoran-ve-barlar\/bohemy-yalikavak\/\" \/>\n<meta property=\"og:site_name\" content=\"MGallery Bodrum Yal\u0131kavak\" \/>\n<meta property=\"article:modified_time\" content=\"2024-07-02T06:23:19+00:00\" \/>\n<meta name=\"twitter:card\" content=\"summary_large_image\" \/>\n<meta name=\"twitter:label1\" content=\"Tahmini okuma s\u00fcresi\" \/>\n\t<meta name=\"twitter:data1\" content=\"1 dakika\" \/>\n<script type=\"application\/ld+json\" class=\"yoast-schema-graph\">{\"@context\":\"https:\/\/schema.org\",\"@graph\":[{\"@type\":\"WebPage\",\"@id\":\"https:\/\/www.mgallerybodrum.com\/tr\/restoran-ve-barlar\/bohemy-yalikavak\/\",\"url\":\"https:\/\/www.mgallerybodrum.com\/tr\/restoran-ve-barlar\/bohemy-yalikavak\/\",\"name\":\"Bohemy Yal\u0131kavak - MGallery Bodrum Yal\u0131kavak\",\"isPartOf\":{\"@id\":\"https:\/\/www.mgallerybodrum.com\/tr\/#website\"},\"datePublished\":\"2021-07-22T13:15:47+00:00\",\"dateModified\":\"2024-07-02T06:23:19+00:00\",\"breadcrumb\":{\"@id\":\"https:\/\/www.mgallerybodrum.com\/tr\/restoran-ve-barlar\/bohemy-yalikavak\/#breadcrumb\"},\"inLanguage\":\"tr\",\"potentialAction\":[{\"@type\":\"ReadAction\",\"target\":[\"https:\/\/www.mgallerybodrum.com\/tr\/restoran-ve-barlar\/bohemy-yalikavak\/\"]}]},{\"@type\":\"BreadcrumbList\",\"@id\":\"https:\/\/www.mgallerybodrum.com\/tr\/restoran-ve-barlar\/bohemy-yalikavak\/#breadcrumb\",\"itemListElement\":[{\"@type\":\"ListItem\",\"position\":1,\"name\":\"Home\",\"item\":\"https:\/\/www.mgallerybodrum.com\/tr\/\"},{\"@type\":\"ListItem\",\"position\":2,\"name\":\"Restoran ve Barlar\",\"item\":\"https:\/\/www.mgallerybodrum.com\/tr\/restoran-ve-barlar\/\"},{\"@type\":\"ListItem\",\"position\":3,\"name\":\"Bohemy Yal\u0131kavak\"}]},{\"@type\":\"WebSite\",\"@id\":\"https:\/\/www.mgallerybodrum.com\/tr\/#website\",\"url\":\"https:\/\/www.mgallerybodrum.com\/tr\/\",\"name\":\"MGallery Bodrum Yal\u0131kavak\",\"description\":\"Just another D-Edge Accor V2 Sites Hosting site\",\"potentialAction\":[{\"@type\":\"SearchAction\",\"target\":{\"@type\":\"EntryPoint\",\"urlTemplate\":\"https:\/\/www.mgallerybodrum.com\/tr\/?s={search_term_string}\"},\"query-input\":{\"@type\":\"PropertyValueSpecification\",\"valueRequired\":true,\"valueName\":\"search_term_string\"}}],\"inLanguage\":\"tr\"}]}<\/script>\n<!-- \/ Yoast SEO plugin. -->","yoast_head_json":{"title":"Bohemy Yal\u0131kavak - MGallery Bodrum Yal\u0131kavak","robots":{"index":"index","follow":"follow","max-snippet":"max-snippet:-1","max-image-preview":"max-image-preview:large","max-video-preview":"max-video-preview:-1"},"canonical":"https:\/\/www.mgallerybodrum.com\/tr\/restoran-ve-barlar\/bohemy-yalikavak\/","og_locale":"tr_TR","og_type":"article","og_title":"Bohemy Yal\u0131kavak - MGallery Bodrum Yal\u0131kavak","og_description":"Bohemy&#8217;nin, \u015f\u0131k ve bohem tarz\u0131nda haz\u0131rlanm\u0131\u015f dekorasyonu ile yemeklerini unutulmaz bir atmosfer i\u00e7inde deneyimleyeceksiniz. Bodrum&#8217;a \u00f6zg\u00fc yerel \u00fcretilen, tarladan, topraktan ve \u00e7iftliklerden taze olarak sizin i\u00e7in se\u00e7ilen \u00fcr\u00fcnler ile Akdeniz Mutfa\u011f\u0131n\u0131n en \u00f6zel \u00fcr\u00fcnleri ile haz\u0131rlanm\u0131\u015f men\u00fc sizi benzersiz bir lezzet yolculu\u011funa \u00e7\u0131kartacak.","og_url":"https:\/\/www.mgallerybodrum.com\/tr\/restoran-ve-barlar\/bohemy-yalikavak\/","og_site_name":"MGallery Bodrum Yal\u0131kavak","article_modified_time":"2024-07-02T06:23:19+00:00","twitter_card":"summary_large_image","twitter_misc":{"Tahmini okuma s\u00fcresi":"1 dakika"},"schema":{"@context":"https:\/\/schema.org","@graph":[{"@type":"WebPage","@id":"https:\/\/www.mgallerybodrum.com\/tr\/restoran-ve-barlar\/bohemy-yalikavak\/","url":"https:\/\/www.mgallerybodrum.com\/tr\/restoran-ve-barlar\/bohemy-yalikavak\/","name":"Bohemy Yal\u0131kavak - MGallery Bodrum Yal\u0131kavak","isPartOf":{"@id":"https:\/\/www.mgallerybodrum.com\/tr\/#website"},"datePublished":"2021-07-22T13:15:47+00:00","dateModified":"2024-07-02T06:23:19+00:00","breadcrumb":{"@id":"https:\/\/www.mgallerybodrum.com\/tr\/restoran-ve-barlar\/bohemy-yalikavak\/#breadcrumb"},"inLanguage":"tr","potentialAction":[{"@type":"ReadAction","target":["https:\/\/www.mgallerybodrum.com\/tr\/restoran-ve-barlar\/bohemy-yalikavak\/"]}]},{"@type":"BreadcrumbList","@id":"https:\/\/www.mgallerybodrum.com\/tr\/restoran-ve-barlar\/bohemy-yalikavak\/#breadcrumb","itemListElement":[{"@type":"ListItem","position":1,"name":"Home","item":"https:\/\/www.mgallerybodrum.com\/tr\/"},{"@type":"ListItem","position":2,"name":"Restoran ve Barlar","item":"https:\/\/www.mgallerybodrum.com\/tr\/restoran-ve-barlar\/"},{"@type":"ListItem","position":3,"name":"Bohemy Yal\u0131kavak"}]},{"@type":"WebSite","@id":"https:\/\/www.mgallerybodrum.com\/tr\/#website","url":"https:\/\/www.mgallerybodrum.com\/tr\/","name":"MGallery Bodrum Yal\u0131kavak","description":"Just another D-Edge Accor V2 Sites Hosting site","potentialAction":[{"@type":"SearchAction","target":{"@type":"EntryPoint","urlTemplate":"https:\/\/www.mgallerybodrum.com\/tr\/?s={search_term_string}"},"query-input":{"@type":"PropertyValueSpecification","valueRequired":true,"valueName":"search_term_string"}}],"inLanguage":"tr"}]}},"_links":{"self":[{"href":"https:\/\/www.mgallerybodrum.com\/tr\/wp-json\/wp\/v2\/pages\/77","targetHints":{"allow":["GET"]}}],"collection":[{"href":"https:\/\/www.mgallerybodrum.com\/tr\/wp-json\/wp\/v2\/pages"}],"about":[{"href":"https:\/\/www.mgallerybodrum.com\/tr\/wp-json\/wp\/v2\/types\/page"}],"author":[{"embeddable":true,"href":"https:\/\/www.mgallerybodrum.com\/tr\/wp-json\/wp\/v2\/users\/5"}],"replies":[{"embeddable":true,"href":"https:\/\/www.mgallerybodrum.com\/tr\/wp-json\/wp\/v2\/comments?post=77"}],"version-history":[{"count":0,"href":"https:\/\/www.mgallerybodrum.com\/tr\/wp-json\/wp\/v2\/pages\/77\/revisions"}],"up":[{"embeddable":true,"href":"https:\/\/www.mgallerybodrum.com\/tr\/wp-json\/wp\/v2\/pages\/66"}],"wp:attachment":[{"href":"https:\/\/www.mgallerybodrum.com\/tr\/wp-json\/wp\/v2\/media?parent=77"}],"wp:term":[{"taxonomy":"category","embeddable":true,"href":"https:\/\/www.mgallerybodrum.com\/tr\/wp-json\/wp\/v2\/categories?post=77"}],"curies":[{"name":"wp","href":"https:\/\/api.w.org\/{rel}","templated":true}]}}