{"id":66,"date":"2021-07-22T10:39:40","date_gmt":"2021-07-22T10:39:40","guid":{"rendered":"https:\/\/bodrum-yalikavak-mgallery.accorv2prod.decms.eu\/?page_id=66"},"modified":"2024-06-04T10:56:24","modified_gmt":"2024-06-04T10:56:24","slug":"restoran-ve-barlar","status":"publish","type":"page","link":"https:\/\/www.mgallerybodrum.com\/tr\/restoran-ve-barlar\/","title":{"rendered":"Restoran ve Barlar"},"content":{"rendered":"<p>Gault &amp; Millau Y\u0131ld\u0131zl\u0131, Ege ve Anadolu Mutfa\u011f\u0131 Bohemy Restoran&#8217;da.<\/p>\n<p>T\u00fcrk ve Anadolu Mutfa\u011f\u0131\u2019n\u0131, b\u00fct\u00fcnsel bir gastronomi deneyime d\u00f6n\u00fc\u015ft\u00fcren Bohemy Restaurant 1 Haziran&#8217;da a\u00e7\u0131l\u0131yor!<\/p>\n<p>Michelin Guide tavsiyeli, Aila Restoran&#8217;\u0131n \u015fefi ve Gault &amp; Millau T\u00fcrkiye Rehberi&#8217;nin 2024 Y\u0131l\u0131n Gen\u00e7 \u015eefi \u00d6d\u00fcl\u00fc&#8217;ne lay\u0131k g\u00f6r\u00fclen Kemal Can Yurtta\u015f, yepyeni lezzet rotalar\u0131n\u0131 Ege\u2019nin sonsuz mavili\u011fiyle bulu\u015fturuyor.<\/p>\n","protected":false},"excerpt":{"rendered":"<p>Gault &amp; Millau Y\u0131ld\u0131zl\u0131, Ege ve Anadolu Mutfa\u011f\u0131 Bohemy Restoran&#8217;da. T\u00fcrk ve Anadolu Mutfa\u011f\u0131\u2019n\u0131, b\u00fct\u00fcnsel bir gastronomi deneyime d\u00f6n\u00fc\u015ft\u00fcren Bohemy Restaurant 1 Haziran&#8217;da a\u00e7\u0131l\u0131yor! Michelin Guide tavsiyeli, Aila Restoran&#8217;\u0131n \u015fefi ve Gault &amp; Millau T\u00fcrkiye Rehberi&#8217;nin 2024 Y\u0131l\u0131n Gen\u00e7 \u015eefi \u00d6d\u00fcl\u00fc&#8217;ne lay\u0131k g\u00f6r\u00fclen Kemal Can Yurtta\u015f, yepyeni lezzet rotalar\u0131n\u0131 Ege\u2019nin sonsuz mavili\u011fiyle bulu\u015fturuyor.<\/p>\n","protected":false},"author":5,"featured_media":0,"parent":0,"menu_order":10,"comment_status":"closed","ping_status":"closed","template":"template-restaurants.php","meta":{"footnotes":""},"categories":[1],"class_list":["post-66","page","type-page","status-publish","hentry","category-uncategorized"],"acf":[],"yoast_head":"<!-- This site is optimized with the Yoast SEO plugin v26.9 - https:\/\/yoast.com\/product\/yoast-seo-wordpress\/ -->\n<title>Restoran ve Barlar - MGallery Bodrum Yal\u0131kavak Geleneksel Akdeniz mutfa\u011f\u0131n\u0131n, yerel \u00fcr\u00fcnler ile bulu\u015fmas\u0131, size lezzet \u015f\u00f6leni ya\u015fatacak.<\/title>\n<meta name=\"description\" content=\"Beach House Restaurant ve Pool bar\u2019da g\u00fcn boyu, g\u00fcne\u015fin tad\u0131n\u0131 \u00e7\u0131kart\u0131rken muhte\u015fem kokteyl ve lezzetler size e\u015flik edecek. Bohemy Restaurant, a\u2019la carte servisi ile konaklaman\u0131z boyunca Akdeniz mutfa\u011f\u0131n\u0131n gizli lezzetlerini ke\u015ffedeceksiniz.\" \/>\n<meta name=\"robots\" content=\"index, follow, max-snippet:-1, max-image-preview:large, max-video-preview:-1\" \/>\n<link rel=\"canonical\" href=\"https:\/\/www.mgallerybodrum.com\/tr\/restoran-ve-barlar\/\" \/>\n<meta property=\"og:locale\" content=\"tr_TR\" \/>\n<meta property=\"og:type\" content=\"article\" \/>\n<meta property=\"og:title\" content=\"Restoran ve Barlar - MGallery Bodrum Yal\u0131kavak Geleneksel Akdeniz mutfa\u011f\u0131n\u0131n, yerel \u00fcr\u00fcnler ile bulu\u015fmas\u0131, size lezzet \u015f\u00f6leni ya\u015fatacak.\" \/>\n<meta property=\"og:description\" content=\"Beach House Restaurant ve Pool bar\u2019da g\u00fcn boyu, g\u00fcne\u015fin tad\u0131n\u0131 \u00e7\u0131kart\u0131rken muhte\u015fem kokteyl ve lezzetler size e\u015flik edecek. Bohemy Restaurant, a\u2019la carte servisi ile konaklaman\u0131z boyunca Akdeniz mutfa\u011f\u0131n\u0131n gizli lezzetlerini ke\u015ffedeceksiniz.\" \/>\n<meta property=\"og:url\" content=\"https:\/\/www.mgallerybodrum.com\/tr\/restoran-ve-barlar\/\" \/>\n<meta property=\"og:site_name\" content=\"MGallery Bodrum Yal\u0131kavak\" \/>\n<meta property=\"article:modified_time\" content=\"2024-06-04T10:56:24+00:00\" \/>\n<meta name=\"twitter:card\" content=\"summary_large_image\" \/>\n<script type=\"application\/ld+json\" class=\"yoast-schema-graph\">{\"@context\":\"https:\/\/schema.org\",\"@graph\":[{\"@type\":\"WebPage\",\"@id\":\"https:\/\/www.mgallerybodrum.com\/tr\/restoran-ve-barlar\/\",\"url\":\"https:\/\/www.mgallerybodrum.com\/tr\/restoran-ve-barlar\/\",\"name\":\"Restoran ve Barlar - MGallery Bodrum Yal\u0131kavak Geleneksel Akdeniz mutfa\u011f\u0131n\u0131n, yerel \u00fcr\u00fcnler ile bulu\u015fmas\u0131, size lezzet \u015f\u00f6leni ya\u015fatacak.\",\"isPartOf\":{\"@id\":\"https:\/\/www.mgallerybodrum.com\/tr\/#website\"},\"datePublished\":\"2021-07-22T10:39:40+00:00\",\"dateModified\":\"2024-06-04T10:56:24+00:00\",\"description\":\"Beach House Restaurant ve Pool bar\u2019da g\u00fcn boyu, g\u00fcne\u015fin tad\u0131n\u0131 \u00e7\u0131kart\u0131rken muhte\u015fem kokteyl ve lezzetler size e\u015flik edecek. Bohemy Restaurant, a\u2019la carte servisi ile konaklaman\u0131z boyunca Akdeniz mutfa\u011f\u0131n\u0131n gizli lezzetlerini ke\u015ffedeceksiniz.\",\"breadcrumb\":{\"@id\":\"https:\/\/www.mgallerybodrum.com\/tr\/restoran-ve-barlar\/#breadcrumb\"},\"inLanguage\":\"tr\",\"potentialAction\":[{\"@type\":\"ReadAction\",\"target\":[\"https:\/\/www.mgallerybodrum.com\/tr\/restoran-ve-barlar\/\"]}]},{\"@type\":\"BreadcrumbList\",\"@id\":\"https:\/\/www.mgallerybodrum.com\/tr\/restoran-ve-barlar\/#breadcrumb\",\"itemListElement\":[{\"@type\":\"ListItem\",\"position\":1,\"name\":\"Home\",\"item\":\"https:\/\/www.mgallerybodrum.com\/tr\/\"},{\"@type\":\"ListItem\",\"position\":2,\"name\":\"Restoran ve Barlar\"}]},{\"@type\":\"WebSite\",\"@id\":\"https:\/\/www.mgallerybodrum.com\/tr\/#website\",\"url\":\"https:\/\/www.mgallerybodrum.com\/tr\/\",\"name\":\"MGallery Bodrum Yal\u0131kavak\",\"description\":\"Just another D-Edge Accor V2 Sites Hosting site\",\"potentialAction\":[{\"@type\":\"SearchAction\",\"target\":{\"@type\":\"EntryPoint\",\"urlTemplate\":\"https:\/\/www.mgallerybodrum.com\/tr\/?s={search_term_string}\"},\"query-input\":{\"@type\":\"PropertyValueSpecification\",\"valueRequired\":true,\"valueName\":\"search_term_string\"}}],\"inLanguage\":\"tr\"}]}<\/script>\n<!-- \/ Yoast SEO plugin. -->","yoast_head_json":{"title":"Restoran ve Barlar - MGallery Bodrum Yal\u0131kavak Geleneksel Akdeniz mutfa\u011f\u0131n\u0131n, yerel \u00fcr\u00fcnler ile bulu\u015fmas\u0131, size lezzet \u015f\u00f6leni ya\u015fatacak.","description":"Beach House Restaurant ve Pool bar\u2019da g\u00fcn boyu, g\u00fcne\u015fin tad\u0131n\u0131 \u00e7\u0131kart\u0131rken muhte\u015fem kokteyl ve lezzetler size e\u015flik edecek. Bohemy Restaurant, a\u2019la carte servisi ile konaklaman\u0131z boyunca Akdeniz mutfa\u011f\u0131n\u0131n gizli lezzetlerini ke\u015ffedeceksiniz.","robots":{"index":"index","follow":"follow","max-snippet":"max-snippet:-1","max-image-preview":"max-image-preview:large","max-video-preview":"max-video-preview:-1"},"canonical":"https:\/\/www.mgallerybodrum.com\/tr\/restoran-ve-barlar\/","og_locale":"tr_TR","og_type":"article","og_title":"Restoran ve Barlar - MGallery Bodrum Yal\u0131kavak Geleneksel Akdeniz mutfa\u011f\u0131n\u0131n, yerel \u00fcr\u00fcnler ile bulu\u015fmas\u0131, size lezzet \u015f\u00f6leni ya\u015fatacak.","og_description":"Beach House Restaurant ve Pool bar\u2019da g\u00fcn boyu, g\u00fcne\u015fin tad\u0131n\u0131 \u00e7\u0131kart\u0131rken muhte\u015fem kokteyl ve lezzetler size e\u015flik edecek. Bohemy Restaurant, a\u2019la carte servisi ile konaklaman\u0131z boyunca Akdeniz mutfa\u011f\u0131n\u0131n gizli lezzetlerini ke\u015ffedeceksiniz.","og_url":"https:\/\/www.mgallerybodrum.com\/tr\/restoran-ve-barlar\/","og_site_name":"MGallery Bodrum Yal\u0131kavak","article_modified_time":"2024-06-04T10:56:24+00:00","twitter_card":"summary_large_image","schema":{"@context":"https:\/\/schema.org","@graph":[{"@type":"WebPage","@id":"https:\/\/www.mgallerybodrum.com\/tr\/restoran-ve-barlar\/","url":"https:\/\/www.mgallerybodrum.com\/tr\/restoran-ve-barlar\/","name":"Restoran ve Barlar - MGallery Bodrum Yal\u0131kavak Geleneksel Akdeniz mutfa\u011f\u0131n\u0131n, yerel \u00fcr\u00fcnler ile bulu\u015fmas\u0131, size lezzet \u015f\u00f6leni ya\u015fatacak.","isPartOf":{"@id":"https:\/\/www.mgallerybodrum.com\/tr\/#website"},"datePublished":"2021-07-22T10:39:40+00:00","dateModified":"2024-06-04T10:56:24+00:00","description":"Beach House Restaurant ve Pool bar\u2019da g\u00fcn boyu, g\u00fcne\u015fin tad\u0131n\u0131 \u00e7\u0131kart\u0131rken muhte\u015fem kokteyl ve lezzetler size e\u015flik edecek. Bohemy Restaurant, a\u2019la carte servisi ile konaklaman\u0131z boyunca Akdeniz mutfa\u011f\u0131n\u0131n gizli lezzetlerini ke\u015ffedeceksiniz.","breadcrumb":{"@id":"https:\/\/www.mgallerybodrum.com\/tr\/restoran-ve-barlar\/#breadcrumb"},"inLanguage":"tr","potentialAction":[{"@type":"ReadAction","target":["https:\/\/www.mgallerybodrum.com\/tr\/restoran-ve-barlar\/"]}]},{"@type":"BreadcrumbList","@id":"https:\/\/www.mgallerybodrum.com\/tr\/restoran-ve-barlar\/#breadcrumb","itemListElement":[{"@type":"ListItem","position":1,"name":"Home","item":"https:\/\/www.mgallerybodrum.com\/tr\/"},{"@type":"ListItem","position":2,"name":"Restoran ve Barlar"}]},{"@type":"WebSite","@id":"https:\/\/www.mgallerybodrum.com\/tr\/#website","url":"https:\/\/www.mgallerybodrum.com\/tr\/","name":"MGallery Bodrum Yal\u0131kavak","description":"Just another D-Edge Accor V2 Sites Hosting site","potentialAction":[{"@type":"SearchAction","target":{"@type":"EntryPoint","urlTemplate":"https:\/\/www.mgallerybodrum.com\/tr\/?s={search_term_string}"},"query-input":{"@type":"PropertyValueSpecification","valueRequired":true,"valueName":"search_term_string"}}],"inLanguage":"tr"}]}},"_links":{"self":[{"href":"https:\/\/www.mgallerybodrum.com\/tr\/wp-json\/wp\/v2\/pages\/66","targetHints":{"allow":["GET"]}}],"collection":[{"href":"https:\/\/www.mgallerybodrum.com\/tr\/wp-json\/wp\/v2\/pages"}],"about":[{"href":"https:\/\/www.mgallerybodrum.com\/tr\/wp-json\/wp\/v2\/types\/page"}],"author":[{"embeddable":true,"href":"https:\/\/www.mgallerybodrum.com\/tr\/wp-json\/wp\/v2\/users\/5"}],"replies":[{"embeddable":true,"href":"https:\/\/www.mgallerybodrum.com\/tr\/wp-json\/wp\/v2\/comments?post=66"}],"version-history":[{"count":0,"href":"https:\/\/www.mgallerybodrum.com\/tr\/wp-json\/wp\/v2\/pages\/66\/revisions"}],"wp:attachment":[{"href":"https:\/\/www.mgallerybodrum.com\/tr\/wp-json\/wp\/v2\/media?parent=66"}],"wp:term":[{"taxonomy":"category","embeddable":true,"href":"https:\/\/www.mgallerybodrum.com\/tr\/wp-json\/wp\/v2\/categories?post=66"}],"curies":[{"name":"wp","href":"https:\/\/api.w.org\/{rel}","templated":true}]}}