{"id":438,"date":"2024-12-18T06:54:51","date_gmt":"2024-12-18T06:54:51","guid":{"rendered":"https:\/\/www.mgallerybodrum.com\/?page_id=438"},"modified":"2024-12-18T06:52:58","modified_gmt":"2024-12-18T06:52:58","slug":"sanat-2","status":"publish","type":"page","link":"https:\/\/www.mgallerybodrum.com\/tr\/sanat-2\/","title":{"rendered":"Sanat"},"content":{"rendered":"<div class=\"flex-shrink-0 flex flex-col relative items-end\">\n<div>\n<div class=\"pt-0\">\n<div class=\"gizmo-bot-avatar flex h-8 w-8 items-center justify-center overflow-hidden rounded-full\">\n<div class=\"relative p-1 rounded-sm flex items-center justify-center bg-token-main-surface-primary text-token-text-primary h-8 w-8\">MGallery The Bodrum Hotel Yal\u0131kavak, rahatlaman\u0131n sanatla bulu\u015ftu\u011fu e\u015fsiz bir ka\u00e7\u0131\u015f noktas\u0131d\u0131r. Misafirlerimiz, fiziksel huzurun yan\u0131 s\u0131ra, \u00fcnl\u00fc sanat\u00e7\u0131lara ait se\u00e7kin bir eser koleksiyonuna da ad\u0131m atma f\u0131rsat\u0131 bulurlar. Burada sanat, yaln\u0131zca dekorasyonun \u00f6tesine ge\u00e7er; zihni dinlendiren ve ruhu y\u00fccelten estetik bir atmosfer yarat\u0131r.<\/div>\n<\/div>\n<\/div>\n<\/div>\n<\/div>\n<div class=\"group\/conversation-turn relative flex w-full min-w-0 flex-col agent-turn\">\n<div class=\"flex-col gap-1 md:gap-3\">\n<div class=\"flex max-w-full flex-col flex-grow\">\n<div class=\"min-h-8 text-message flex w-full flex-col items-end gap-2 whitespace-normal break-words text-start [.text-message+&amp;]:mt-5\" dir=\"auto\" data-message-author-role=\"assistant\" data-message-id=\"704262eb-e41c-4222-b460-e89cd5071f49\" data-message-model-slug=\"gpt-4o-mini\">\n<div class=\"flex w-full flex-col gap-1 empty:hidden first:pt-[3px]\">\n<div class=\"markdown prose w-full break-words dark:prose-invert light\">\n<p>Muhte\u015fem Yal\u0131kavak manzaras\u0131na sahip otel, uluslararas\u0131 sanat\u00e7\u0131lara ait resimler ve heykellerle bezeli \u00f6zel bir sergi sunmaktad\u0131r. Otel, giri\u015ften koridorlara, spadan havuza ve deniz kenar\u0131na kadar her k\u00f6\u015fesinde sanatla i\u00e7 i\u00e7e bir ya\u015fam alan\u0131 sunarak, l\u00fcks ve k\u00fclt\u00fcr\u00fcn ola\u011fan\u00fcst\u00fc bir birle\u015fimini yarat\u0131r.<\/p>\n<\/div>\n<\/div>\n<\/div>\n<\/div>\n<\/div>\n<\/div>\n","protected":false},"excerpt":{"rendered":"<p>MGallery The Bodrum Hotel Yal\u0131kavak, rahatlaman\u0131n sanatla bulu\u015ftu\u011fu e\u015fsiz bir ka\u00e7\u0131\u015f noktas\u0131d\u0131r. Misafirlerimiz, fiziksel huzurun yan\u0131 s\u0131ra, \u00fcnl\u00fc sanat\u00e7\u0131lara ait se\u00e7kin bir eser koleksiyonuna da ad\u0131m atma f\u0131rsat\u0131 bulurlar. Burada sanat, yaln\u0131zca dekorasyonun \u00f6tesine ge\u00e7er; zihni dinlendiren ve ruhu y\u00fccelten estetik bir atmosfer yarat\u0131r. Muhte\u015fem Yal\u0131kavak manzaras\u0131na sahip otel, uluslararas\u0131 sanat\u00e7\u0131lara ait resimler ve heykellerle [&hellip;]<\/p>\n","protected":false},"author":32,"featured_media":0,"parent":0,"menu_order":60,"comment_status":"closed","ping_status":"closed","template":"","meta":{"footnotes":""},"categories":[2],"class_list":["post-438","page","type-page","status-publish","hentry","category-uncategorized-tr"],"acf":[],"yoast_head":"<!-- This site is optimized with the Yoast SEO plugin v26.9 - https:\/\/yoast.com\/product\/yoast-seo-wordpress\/ -->\n<title>Sanat - MGallery Bodrum Yal\u0131kavak<\/title>\n<meta name=\"robots\" content=\"index, follow, max-snippet:-1, max-image-preview:large, max-video-preview:-1\" \/>\n<link rel=\"canonical\" href=\"https:\/\/www.mgallerybodrum.com\/tr\/sanat-2\/\" \/>\n<meta property=\"og:locale\" content=\"tr_TR\" \/>\n<meta property=\"og:type\" content=\"article\" \/>\n<meta property=\"og:title\" content=\"Sanat - MGallery Bodrum Yal\u0131kavak\" \/>\n<meta property=\"og:description\" content=\"MGallery The Bodrum Hotel Yal\u0131kavak, rahatlaman\u0131n sanatla bulu\u015ftu\u011fu e\u015fsiz bir ka\u00e7\u0131\u015f noktas\u0131d\u0131r. Misafirlerimiz, fiziksel huzurun yan\u0131 s\u0131ra, \u00fcnl\u00fc sanat\u00e7\u0131lara ait se\u00e7kin bir eser koleksiyonuna da ad\u0131m atma f\u0131rsat\u0131 bulurlar. Burada sanat, yaln\u0131zca dekorasyonun \u00f6tesine ge\u00e7er; zihni dinlendiren ve ruhu y\u00fccelten estetik bir atmosfer yarat\u0131r. Muhte\u015fem Yal\u0131kavak manzaras\u0131na sahip otel, uluslararas\u0131 sanat\u00e7\u0131lara ait resimler ve heykellerle [&hellip;]\" \/>\n<meta property=\"og:url\" content=\"https:\/\/www.mgallerybodrum.com\/tr\/sanat-2\/\" \/>\n<meta property=\"og:site_name\" content=\"MGallery Bodrum Yal\u0131kavak\" \/>\n<meta name=\"twitter:card\" content=\"summary_large_image\" \/>\n<meta name=\"twitter:label1\" content=\"Tahmini okuma s\u00fcresi\" \/>\n\t<meta name=\"twitter:data1\" content=\"1 dakika\" \/>\n<script type=\"application\/ld+json\" class=\"yoast-schema-graph\">{\"@context\":\"https:\/\/schema.org\",\"@graph\":[{\"@type\":\"WebPage\",\"@id\":\"https:\/\/www.mgallerybodrum.com\/tr\/sanat-2\/\",\"url\":\"https:\/\/www.mgallerybodrum.com\/tr\/sanat-2\/\",\"name\":\"Sanat - MGallery Bodrum Yal\u0131kavak\",\"isPartOf\":{\"@id\":\"https:\/\/www.mgallerybodrum.com\/tr\/#website\"},\"datePublished\":\"2024-12-18T06:54:51+00:00\",\"breadcrumb\":{\"@id\":\"https:\/\/www.mgallerybodrum.com\/tr\/sanat-2\/#breadcrumb\"},\"inLanguage\":\"tr\",\"potentialAction\":[{\"@type\":\"ReadAction\",\"target\":[\"https:\/\/www.mgallerybodrum.com\/tr\/sanat-2\/\"]}]},{\"@type\":\"BreadcrumbList\",\"@id\":\"https:\/\/www.mgallerybodrum.com\/tr\/sanat-2\/#breadcrumb\",\"itemListElement\":[{\"@type\":\"ListItem\",\"position\":1,\"name\":\"Home\",\"item\":\"https:\/\/www.mgallerybodrum.com\/tr\/\"},{\"@type\":\"ListItem\",\"position\":2,\"name\":\"Sanat\"}]},{\"@type\":\"WebSite\",\"@id\":\"https:\/\/www.mgallerybodrum.com\/tr\/#website\",\"url\":\"https:\/\/www.mgallerybodrum.com\/tr\/\",\"name\":\"MGallery Bodrum Yal\u0131kavak\",\"description\":\"Just another D-Edge Accor V2 Sites Hosting site\",\"potentialAction\":[{\"@type\":\"SearchAction\",\"target\":{\"@type\":\"EntryPoint\",\"urlTemplate\":\"https:\/\/www.mgallerybodrum.com\/tr\/?s={search_term_string}\"},\"query-input\":{\"@type\":\"PropertyValueSpecification\",\"valueRequired\":true,\"valueName\":\"search_term_string\"}}],\"inLanguage\":\"tr\"}]}<\/script>\n<!-- \/ Yoast SEO plugin. -->","yoast_head_json":{"title":"Sanat - MGallery Bodrum Yal\u0131kavak","robots":{"index":"index","follow":"follow","max-snippet":"max-snippet:-1","max-image-preview":"max-image-preview:large","max-video-preview":"max-video-preview:-1"},"canonical":"https:\/\/www.mgallerybodrum.com\/tr\/sanat-2\/","og_locale":"tr_TR","og_type":"article","og_title":"Sanat - MGallery Bodrum Yal\u0131kavak","og_description":"MGallery The Bodrum Hotel Yal\u0131kavak, rahatlaman\u0131n sanatla bulu\u015ftu\u011fu e\u015fsiz bir ka\u00e7\u0131\u015f noktas\u0131d\u0131r. Misafirlerimiz, fiziksel huzurun yan\u0131 s\u0131ra, \u00fcnl\u00fc sanat\u00e7\u0131lara ait se\u00e7kin bir eser koleksiyonuna da ad\u0131m atma f\u0131rsat\u0131 bulurlar. Burada sanat, yaln\u0131zca dekorasyonun \u00f6tesine ge\u00e7er; zihni dinlendiren ve ruhu y\u00fccelten estetik bir atmosfer yarat\u0131r. Muhte\u015fem Yal\u0131kavak manzaras\u0131na sahip otel, uluslararas\u0131 sanat\u00e7\u0131lara ait resimler ve heykellerle [&hellip;]","og_url":"https:\/\/www.mgallerybodrum.com\/tr\/sanat-2\/","og_site_name":"MGallery Bodrum Yal\u0131kavak","twitter_card":"summary_large_image","twitter_misc":{"Tahmini okuma s\u00fcresi":"1 dakika"},"schema":{"@context":"https:\/\/schema.org","@graph":[{"@type":"WebPage","@id":"https:\/\/www.mgallerybodrum.com\/tr\/sanat-2\/","url":"https:\/\/www.mgallerybodrum.com\/tr\/sanat-2\/","name":"Sanat - MGallery Bodrum Yal\u0131kavak","isPartOf":{"@id":"https:\/\/www.mgallerybodrum.com\/tr\/#website"},"datePublished":"2024-12-18T06:54:51+00:00","breadcrumb":{"@id":"https:\/\/www.mgallerybodrum.com\/tr\/sanat-2\/#breadcrumb"},"inLanguage":"tr","potentialAction":[{"@type":"ReadAction","target":["https:\/\/www.mgallerybodrum.com\/tr\/sanat-2\/"]}]},{"@type":"BreadcrumbList","@id":"https:\/\/www.mgallerybodrum.com\/tr\/sanat-2\/#breadcrumb","itemListElement":[{"@type":"ListItem","position":1,"name":"Home","item":"https:\/\/www.mgallerybodrum.com\/tr\/"},{"@type":"ListItem","position":2,"name":"Sanat"}]},{"@type":"WebSite","@id":"https:\/\/www.mgallerybodrum.com\/tr\/#website","url":"https:\/\/www.mgallerybodrum.com\/tr\/","name":"MGallery Bodrum Yal\u0131kavak","description":"Just another D-Edge Accor V2 Sites Hosting site","potentialAction":[{"@type":"SearchAction","target":{"@type":"EntryPoint","urlTemplate":"https:\/\/www.mgallerybodrum.com\/tr\/?s={search_term_string}"},"query-input":{"@type":"PropertyValueSpecification","valueRequired":true,"valueName":"search_term_string"}}],"inLanguage":"tr"}]}},"_links":{"self":[{"href":"https:\/\/www.mgallerybodrum.com\/tr\/wp-json\/wp\/v2\/pages\/438","targetHints":{"allow":["GET"]}}],"collection":[{"href":"https:\/\/www.mgallerybodrum.com\/tr\/wp-json\/wp\/v2\/pages"}],"about":[{"href":"https:\/\/www.mgallerybodrum.com\/tr\/wp-json\/wp\/v2\/types\/page"}],"author":[{"embeddable":true,"href":"https:\/\/www.mgallerybodrum.com\/tr\/wp-json\/wp\/v2\/users\/32"}],"replies":[{"embeddable":true,"href":"https:\/\/www.mgallerybodrum.com\/tr\/wp-json\/wp\/v2\/comments?post=438"}],"version-history":[{"count":0,"href":"https:\/\/www.mgallerybodrum.com\/tr\/wp-json\/wp\/v2\/pages\/438\/revisions"}],"wp:attachment":[{"href":"https:\/\/www.mgallerybodrum.com\/tr\/wp-json\/wp\/v2\/media?parent=438"}],"wp:term":[{"taxonomy":"category","embeddable":true,"href":"https:\/\/www.mgallerybodrum.com\/tr\/wp-json\/wp\/v2\/categories?post=438"}],"curies":[{"name":"wp","href":"https:\/\/api.w.org\/{rel}","templated":true}]}}