{"id":41,"date":"2021-07-21T15:07:29","date_gmt":"2021-07-21T15:07:29","guid":{"rendered":"https:\/\/bodrum-yalikavak-mgallery.accorv2prod.decms.eu\/?page_id=41"},"modified":"2024-02-19T11:08:23","modified_gmt":"2024-02-19T11:08:23","slug":"superior-suit","status":"publish","type":"page","link":"https:\/\/www.mgallerybodrum.com\/tr\/odalar-ve-suitler\/superior-suit\/","title":{"rendered":"Superior S\u00fcit"},"content":{"rendered":"<p>55 m\u00b2 bu\u0308yu\u0308klu\u0308g\u0306u\u0308nde ve balkonludur. Superior S\u00fcit kara manzaral\u0131 odalar; 1 yatak odas\u0131 ve 1 oturma odas\u0131ndan olus\u0327maktad\u0131r. Maksimum 3 yeti\u015fkin bir \u00e7ocuk kapasiteli bu odalarda, 1 adet c\u0327ift kis\u0327ilik yatak, 1 adet sofa ve 2 adet TV bulunmaktad\u0131r.<\/p>\n","protected":false},"excerpt":{"rendered":"<p>55 m\u00b2 bu\u0308yu\u0308klu\u0308g\u0306u\u0308nde ve balkonludur. Superior S\u00fcit kara manzaral\u0131 odalar; 1 yatak odas\u0131 ve 1 oturma odas\u0131ndan olus\u0327maktad\u0131r. Maksimum 3 yeti\u015fkin bir \u00e7ocuk kapasiteli bu odalarda, 1 adet c\u0327ift kis\u0327ilik yatak, 1 adet sofa ve 2 adet TV bulunmaktad\u0131r.<\/p>\n","protected":false},"author":5,"featured_media":0,"parent":12,"menu_order":5,"comment_status":"closed","ping_status":"closed","template":"template-room.php","meta":{"footnotes":""},"categories":[6],"class_list":["post-41","page","type-page","status-publish","hentry","category-suite"],"acf":[],"yoast_head":"<!-- This site is optimized with the Yoast SEO plugin v26.9 - https:\/\/yoast.com\/product\/yoast-seo-wordpress\/ -->\n<title>Superior S\u00fcit - MGallery Bodrum Yal\u0131kavak<\/title>\n<meta name=\"robots\" content=\"index, follow, max-snippet:-1, max-image-preview:large, max-video-preview:-1\" \/>\n<link rel=\"canonical\" href=\"https:\/\/www.mgallerybodrum.com\/tr\/odalar-ve-suitler\/superior-suit\/\" \/>\n<meta property=\"og:locale\" content=\"tr_TR\" \/>\n<meta property=\"og:type\" content=\"article\" \/>\n<meta property=\"og:title\" content=\"Superior S\u00fcit - MGallery Bodrum Yal\u0131kavak\" \/>\n<meta property=\"og:description\" content=\"55 m\u00b2 bu\u0308yu\u0308klu\u0308g\u0306u\u0308nde ve balkonludur. Superior S\u00fcit kara manzaral\u0131 odalar; 1 yatak odas\u0131 ve 1 oturma odas\u0131ndan olus\u0327maktad\u0131r. Maksimum 3 yeti\u015fkin bir \u00e7ocuk kapasiteli bu odalarda, 1 adet c\u0327ift kis\u0327ilik yatak, 1 adet sofa ve 2 adet TV bulunmaktad\u0131r.\" \/>\n<meta property=\"og:url\" content=\"https:\/\/www.mgallerybodrum.com\/tr\/odalar-ve-suitler\/superior-suit\/\" \/>\n<meta property=\"og:site_name\" content=\"MGallery Bodrum Yal\u0131kavak\" \/>\n<meta property=\"article:modified_time\" content=\"2024-02-19T11:08:23+00:00\" \/>\n<meta name=\"twitter:card\" content=\"summary_large_image\" \/>\n<script type=\"application\/ld+json\" class=\"yoast-schema-graph\">{\"@context\":\"https:\/\/schema.org\",\"@graph\":[{\"@type\":\"WebPage\",\"@id\":\"https:\/\/www.mgallerybodrum.com\/tr\/odalar-ve-suitler\/superior-suit\/\",\"url\":\"https:\/\/www.mgallerybodrum.com\/tr\/odalar-ve-suitler\/superior-suit\/\",\"name\":\"Superior S\u00fcit - MGallery Bodrum Yal\u0131kavak\",\"isPartOf\":{\"@id\":\"https:\/\/www.mgallerybodrum.com\/tr\/#website\"},\"datePublished\":\"2021-07-21T15:07:29+00:00\",\"dateModified\":\"2024-02-19T11:08:23+00:00\",\"breadcrumb\":{\"@id\":\"https:\/\/www.mgallerybodrum.com\/tr\/odalar-ve-suitler\/superior-suit\/#breadcrumb\"},\"inLanguage\":\"tr\",\"potentialAction\":[{\"@type\":\"ReadAction\",\"target\":[\"https:\/\/www.mgallerybodrum.com\/tr\/odalar-ve-suitler\/superior-suit\/\"]}]},{\"@type\":\"BreadcrumbList\",\"@id\":\"https:\/\/www.mgallerybodrum.com\/tr\/odalar-ve-suitler\/superior-suit\/#breadcrumb\",\"itemListElement\":[{\"@type\":\"ListItem\",\"position\":1,\"name\":\"Home\",\"item\":\"https:\/\/www.mgallerybodrum.com\/tr\/\"},{\"@type\":\"ListItem\",\"position\":2,\"name\":\"Odalar &amp; S\u00fcitler\",\"item\":\"https:\/\/www.mgallerybodrum.com\/tr\/odalar-ve-suitler\/\"},{\"@type\":\"ListItem\",\"position\":3,\"name\":\"Superior S\u00fcit\"}]},{\"@type\":\"WebSite\",\"@id\":\"https:\/\/www.mgallerybodrum.com\/tr\/#website\",\"url\":\"https:\/\/www.mgallerybodrum.com\/tr\/\",\"name\":\"MGallery Bodrum Yal\u0131kavak\",\"description\":\"Just another D-Edge Accor V2 Sites Hosting site\",\"potentialAction\":[{\"@type\":\"SearchAction\",\"target\":{\"@type\":\"EntryPoint\",\"urlTemplate\":\"https:\/\/www.mgallerybodrum.com\/tr\/?s={search_term_string}\"},\"query-input\":{\"@type\":\"PropertyValueSpecification\",\"valueRequired\":true,\"valueName\":\"search_term_string\"}}],\"inLanguage\":\"tr\"}]}<\/script>\n<!-- \/ Yoast SEO plugin. -->","yoast_head_json":{"title":"Superior S\u00fcit - MGallery Bodrum Yal\u0131kavak","robots":{"index":"index","follow":"follow","max-snippet":"max-snippet:-1","max-image-preview":"max-image-preview:large","max-video-preview":"max-video-preview:-1"},"canonical":"https:\/\/www.mgallerybodrum.com\/tr\/odalar-ve-suitler\/superior-suit\/","og_locale":"tr_TR","og_type":"article","og_title":"Superior S\u00fcit - MGallery Bodrum Yal\u0131kavak","og_description":"55 m\u00b2 bu\u0308yu\u0308klu\u0308g\u0306u\u0308nde ve balkonludur. Superior S\u00fcit kara manzaral\u0131 odalar; 1 yatak odas\u0131 ve 1 oturma odas\u0131ndan olus\u0327maktad\u0131r. Maksimum 3 yeti\u015fkin bir \u00e7ocuk kapasiteli bu odalarda, 1 adet c\u0327ift kis\u0327ilik yatak, 1 adet sofa ve 2 adet TV bulunmaktad\u0131r.","og_url":"https:\/\/www.mgallerybodrum.com\/tr\/odalar-ve-suitler\/superior-suit\/","og_site_name":"MGallery Bodrum Yal\u0131kavak","article_modified_time":"2024-02-19T11:08:23+00:00","twitter_card":"summary_large_image","schema":{"@context":"https:\/\/schema.org","@graph":[{"@type":"WebPage","@id":"https:\/\/www.mgallerybodrum.com\/tr\/odalar-ve-suitler\/superior-suit\/","url":"https:\/\/www.mgallerybodrum.com\/tr\/odalar-ve-suitler\/superior-suit\/","name":"Superior S\u00fcit - MGallery Bodrum Yal\u0131kavak","isPartOf":{"@id":"https:\/\/www.mgallerybodrum.com\/tr\/#website"},"datePublished":"2021-07-21T15:07:29+00:00","dateModified":"2024-02-19T11:08:23+00:00","breadcrumb":{"@id":"https:\/\/www.mgallerybodrum.com\/tr\/odalar-ve-suitler\/superior-suit\/#breadcrumb"},"inLanguage":"tr","potentialAction":[{"@type":"ReadAction","target":["https:\/\/www.mgallerybodrum.com\/tr\/odalar-ve-suitler\/superior-suit\/"]}]},{"@type":"BreadcrumbList","@id":"https:\/\/www.mgallerybodrum.com\/tr\/odalar-ve-suitler\/superior-suit\/#breadcrumb","itemListElement":[{"@type":"ListItem","position":1,"name":"Home","item":"https:\/\/www.mgallerybodrum.com\/tr\/"},{"@type":"ListItem","position":2,"name":"Odalar &amp; S\u00fcitler","item":"https:\/\/www.mgallerybodrum.com\/tr\/odalar-ve-suitler\/"},{"@type":"ListItem","position":3,"name":"Superior S\u00fcit"}]},{"@type":"WebSite","@id":"https:\/\/www.mgallerybodrum.com\/tr\/#website","url":"https:\/\/www.mgallerybodrum.com\/tr\/","name":"MGallery Bodrum Yal\u0131kavak","description":"Just another D-Edge Accor V2 Sites Hosting site","potentialAction":[{"@type":"SearchAction","target":{"@type":"EntryPoint","urlTemplate":"https:\/\/www.mgallerybodrum.com\/tr\/?s={search_term_string}"},"query-input":{"@type":"PropertyValueSpecification","valueRequired":true,"valueName":"search_term_string"}}],"inLanguage":"tr"}]}},"_links":{"self":[{"href":"https:\/\/www.mgallerybodrum.com\/tr\/wp-json\/wp\/v2\/pages\/41","targetHints":{"allow":["GET"]}}],"collection":[{"href":"https:\/\/www.mgallerybodrum.com\/tr\/wp-json\/wp\/v2\/pages"}],"about":[{"href":"https:\/\/www.mgallerybodrum.com\/tr\/wp-json\/wp\/v2\/types\/page"}],"author":[{"embeddable":true,"href":"https:\/\/www.mgallerybodrum.com\/tr\/wp-json\/wp\/v2\/users\/5"}],"replies":[{"embeddable":true,"href":"https:\/\/www.mgallerybodrum.com\/tr\/wp-json\/wp\/v2\/comments?post=41"}],"version-history":[{"count":0,"href":"https:\/\/www.mgallerybodrum.com\/tr\/wp-json\/wp\/v2\/pages\/41\/revisions"}],"up":[{"embeddable":true,"href":"https:\/\/www.mgallerybodrum.com\/tr\/wp-json\/wp\/v2\/pages\/12"}],"wp:attachment":[{"href":"https:\/\/www.mgallerybodrum.com\/tr\/wp-json\/wp\/v2\/media?parent=41"}],"wp:term":[{"taxonomy":"category","embeddable":true,"href":"https:\/\/www.mgallerybodrum.com\/tr\/wp-json\/wp\/v2\/categories?post=41"}],"curies":[{"name":"wp","href":"https:\/\/api.w.org\/{rel}","templated":true}]}}