{"id":4,"date":"2024-12-17T12:25:49","date_gmt":"2024-12-17T12:25:49","guid":{"rendered":"https:\/\/bodrum-yalikavak-mgallery.accorv2prod.decms.eu\/?page_id=4"},"modified":"2024-12-17T12:23:23","modified_gmt":"2024-12-17T12:23:23","slug":"mgallery-the-bodrum-hotel-yalikavak","status":"publish","type":"page","link":"https:\/\/www.mgallerybodrum.com\/tr\/","title":{"rendered":"MGallery The Bodrum Hotel Yal\u0131kavak"},"content":{"rendered":"<div class=\"flex-1 overflow-hidden\">\n<div class=\"react-scroll-to-bottom--css-cjqma-79elbk h-full dark:bg-gray-800\">\n<div class=\"react-scroll-to-bottom--css-cjqma-1n7m0yu\">\n<div class=\"flex flex-col text-sm dark:bg-gray-800\">\n<div class=\"group w-full text-token-text-primary border-b border-black\/10 dark:border-gray-900\/50 bg-gray-50 dark:bg-[#444654]\">\n<div class=\"flex p-4 gap-4 text-base md:gap-6 md:max-w-2xl lg:max-w-[38rem] xl:max-w-3xl md:py-6 lg:px-0 m-auto\">\n<div class=\"relative flex w-[calc(100%-50px)] flex-col gap-1 md:gap-3 lg:w-[calc(100%-115px)]\">\n<div class=\"flex flex-grow flex-col gap-3\">\n<div class=\"min-h-[20px] flex flex-col items-start gap-3 overflow-x-auto whitespace-pre-wrap break-words\">\n<div class=\"markdown prose w-full break-words dark:prose-invert light\">\n<div class=\"group w-full text-token-text-primary border-b border-black\/10 dark:border-gray-900\/50 bg-gray-50 dark:bg-[#444654]\">\n<div class=\"flex p-4 gap-4 text-base md:gap-6 md:max-w-2xl lg:max-w-[38rem] xl:max-w-3xl md:py-6 lg:px-0 m-auto\">\n<div class=\"relative flex w-[calc(100%-50px)] flex-col gap-1 md:gap-3 lg:w-[calc(100%-115px)]\">\n<div class=\"flex flex-grow flex-col gap-3\">\n<div class=\"min-h-[20px] flex flex-col items-start gap-3 overflow-x-auto whitespace-pre-wrap break-words\">\n<div class=\"markdown prose w-full break-words dark:prose-invert light\">\n<p>Yal\u0131kavak&#8217;\u0131n b\u00fcy\u00fcleyici kasabas\u0131nda yer alan MGallery The Bodrum Hotel, Yal\u0131kavak Marina&#8217;ya sadece dakikalar uzakl\u0131ktad\u0131r. Otel, farkl\u0131 zevklere uygun d\u00fc\u015f\u00fcn\u00fclerek tasarlanm\u0131\u015f odalar\u0131n geni\u015f bir yelpazesini sunmaktad\u0131r. Rahat Junior Suitlerden l\u00fcks Executive Suitlere ve ferah \u0130ki Yatak Odal\u0131 Aile S\u00fcitlerine kadar her oda, keyifli bir konaklama i\u00e7in konfor ve stilin birle\u015fimini sunar.<\/p>\n<p>\u00d6zel bir plaj alan\u0131na sahip olan otel, \u00e7iftler, balay\u0131 \u00e7iftleri, aileler ve huzur arayan gezginler i\u00e7in tercih edilen bir se\u00e7enektir. Oteldeki imkanlar, \u00f6zel kum plaj, sonsuzluk havuzu, sahil restoran ve barlar\u0131, Spa, kapal\u0131 havuz, hamam\u0131, spor salonunu ve rahatlat\u0131c\u0131 masajlar i\u00e7erir.<\/p>\n<p>Otelin benzersiz bir \u00f6zelli\u011fi, d\u00fcnyan\u0131n d\u00f6rt bir yan\u0131ndan se\u00e7ilen 200&#8217;den fazla sanat eserini sergileyen bir a\u00e7\u0131k sanat galerisi olmas\u0131d\u0131r. MGallery The Bodrum Hotel, sadece bir sahil ka\u00e7ama\u011f\u0131ndan daha fazlas\u0131n\u0131 sunar; her an\u0131n unutulmaz bir deneyim yaratmak amac\u0131yla tasarland\u0131\u011f\u0131 rahat, l\u00fcks ve yarat\u0131c\u0131 ilham kayna\u011f\u0131 bir s\u0131\u011f\u0131nakt\u0131r.<\/p>\n<\/div>\n<\/div>\n<\/div>\n<\/div>\n<\/div>\n<\/div>\n<\/div>\n<\/div>\n<\/div>\n<\/div>\n<\/div>\n<\/div>\n<\/div>\n<\/div>\n<\/div>\n<\/div>\n","protected":false},"excerpt":{"rendered":"<p>Yal\u0131kavak&#8217;\u0131n b\u00fcy\u00fcleyici kasabas\u0131nda yer alan MGallery The Bodrum Hotel, Yal\u0131kavak Marina&#8217;ya sadece dakikalar uzakl\u0131ktad\u0131r. Otel, farkl\u0131 zevklere uygun d\u00fc\u015f\u00fcn\u00fclerek tasarlanm\u0131\u015f odalar\u0131n geni\u015f bir yelpazesini sunmaktad\u0131r. Rahat Junior Suitlerden l\u00fcks Executive Suitlere ve ferah \u0130ki Yatak Odal\u0131 Aile S\u00fcitlerine kadar her oda, keyifli bir konaklama i\u00e7in konfor ve stilin birle\u015fimini sunar. \u00d6zel bir plaj alan\u0131na sahip [&hellip;]<\/p>\n","protected":false},"author":5,"featured_media":0,"parent":0,"menu_order":0,"comment_status":"closed","ping_status":"closed","template":"","meta":{"footnotes":""},"categories":[1],"class_list":["post-4","page","type-page","status-publish","hentry","category-uncategorized"],"acf":[],"yoast_head":"<!-- This site is optimized with the Yoast SEO plugin v26.9 - https:\/\/yoast.com\/product\/yoast-seo-wordpress\/ -->\n<title>MGallery The Bodrum Hotel Yal\u0131kavak - MGallery Bodrum Yal\u0131kavak<\/title>\n<meta name=\"robots\" content=\"index, follow, max-snippet:-1, max-image-preview:large, max-video-preview:-1\" \/>\n<link rel=\"canonical\" href=\"https:\/\/www.mgallerybodrum.com\/tr\/\" \/>\n<meta property=\"og:locale\" content=\"tr_TR\" \/>\n<meta property=\"og:type\" content=\"article\" \/>\n<meta property=\"og:title\" content=\"MGallery The Bodrum Hotel Yal\u0131kavak - MGallery Bodrum Yal\u0131kavak\" \/>\n<meta property=\"og:description\" content=\"Yal\u0131kavak&#8217;\u0131n b\u00fcy\u00fcleyici kasabas\u0131nda yer alan MGallery The Bodrum Hotel, Yal\u0131kavak Marina&#8217;ya sadece dakikalar uzakl\u0131ktad\u0131r. Otel, farkl\u0131 zevklere uygun d\u00fc\u015f\u00fcn\u00fclerek tasarlanm\u0131\u015f odalar\u0131n geni\u015f bir yelpazesini sunmaktad\u0131r. Rahat Junior Suitlerden l\u00fcks Executive Suitlere ve ferah \u0130ki Yatak Odal\u0131 Aile S\u00fcitlerine kadar her oda, keyifli bir konaklama i\u00e7in konfor ve stilin birle\u015fimini sunar. \u00d6zel bir plaj alan\u0131na sahip [&hellip;]\" \/>\n<meta property=\"og:url\" content=\"https:\/\/www.mgallerybodrum.com\/tr\/\" \/>\n<meta property=\"og:site_name\" content=\"MGallery Bodrum Yal\u0131kavak\" \/>\n<meta name=\"twitter:card\" content=\"summary_large_image\" \/>\n<meta name=\"twitter:label1\" content=\"Tahmini okuma s\u00fcresi\" \/>\n\t<meta name=\"twitter:data1\" content=\"1 dakika\" \/>\n<script type=\"application\/ld+json\" class=\"yoast-schema-graph\">{\"@context\":\"https:\/\/schema.org\",\"@graph\":[{\"@type\":\"WebPage\",\"@id\":\"https:\/\/www.mgallerybodrum.com\/tr\/\",\"url\":\"https:\/\/www.mgallerybodrum.com\/tr\/\",\"name\":\"MGallery The Bodrum Hotel Yal\u0131kavak - MGallery Bodrum Yal\u0131kavak\",\"isPartOf\":{\"@id\":\"https:\/\/www.mgallerybodrum.com\/tr\/#website\"},\"datePublished\":\"2024-12-17T12:25:49+00:00\",\"breadcrumb\":{\"@id\":\"https:\/\/www.mgallerybodrum.com\/tr\/#breadcrumb\"},\"inLanguage\":\"tr\",\"potentialAction\":[{\"@type\":\"ReadAction\",\"target\":[\"https:\/\/www.mgallerybodrum.com\/tr\/\"]}]},{\"@type\":\"BreadcrumbList\",\"@id\":\"https:\/\/www.mgallerybodrum.com\/tr\/#breadcrumb\",\"itemListElement\":[{\"@type\":\"ListItem\",\"position\":1,\"name\":\"Home\",\"item\":\"https:\/\/www.mgallerybodrum.com\/tr\/\"},{\"@type\":\"ListItem\",\"position\":2,\"name\":\"MGallery The Bodrum Hotel Yal\u0131kavak\"}]},{\"@type\":\"WebSite\",\"@id\":\"https:\/\/www.mgallerybodrum.com\/tr\/#website\",\"url\":\"https:\/\/www.mgallerybodrum.com\/tr\/\",\"name\":\"MGallery Bodrum Yal\u0131kavak\",\"description\":\"Just another D-Edge Accor V2 Sites Hosting site\",\"potentialAction\":[{\"@type\":\"SearchAction\",\"target\":{\"@type\":\"EntryPoint\",\"urlTemplate\":\"https:\/\/www.mgallerybodrum.com\/tr\/?s={search_term_string}\"},\"query-input\":{\"@type\":\"PropertyValueSpecification\",\"valueRequired\":true,\"valueName\":\"search_term_string\"}}],\"inLanguage\":\"tr\"}]}<\/script>\n<!-- \/ Yoast SEO plugin. -->","yoast_head_json":{"title":"MGallery The Bodrum Hotel Yal\u0131kavak - MGallery Bodrum Yal\u0131kavak","robots":{"index":"index","follow":"follow","max-snippet":"max-snippet:-1","max-image-preview":"max-image-preview:large","max-video-preview":"max-video-preview:-1"},"canonical":"https:\/\/www.mgallerybodrum.com\/tr\/","og_locale":"tr_TR","og_type":"article","og_title":"MGallery The Bodrum Hotel Yal\u0131kavak - MGallery Bodrum Yal\u0131kavak","og_description":"Yal\u0131kavak&#8217;\u0131n b\u00fcy\u00fcleyici kasabas\u0131nda yer alan MGallery The Bodrum Hotel, Yal\u0131kavak Marina&#8217;ya sadece dakikalar uzakl\u0131ktad\u0131r. Otel, farkl\u0131 zevklere uygun d\u00fc\u015f\u00fcn\u00fclerek tasarlanm\u0131\u015f odalar\u0131n geni\u015f bir yelpazesini sunmaktad\u0131r. Rahat Junior Suitlerden l\u00fcks Executive Suitlere ve ferah \u0130ki Yatak Odal\u0131 Aile S\u00fcitlerine kadar her oda, keyifli bir konaklama i\u00e7in konfor ve stilin birle\u015fimini sunar. \u00d6zel bir plaj alan\u0131na sahip [&hellip;]","og_url":"https:\/\/www.mgallerybodrum.com\/tr\/","og_site_name":"MGallery Bodrum Yal\u0131kavak","twitter_card":"summary_large_image","twitter_misc":{"Tahmini okuma s\u00fcresi":"1 dakika"},"schema":{"@context":"https:\/\/schema.org","@graph":[{"@type":"WebPage","@id":"https:\/\/www.mgallerybodrum.com\/tr\/","url":"https:\/\/www.mgallerybodrum.com\/tr\/","name":"MGallery The Bodrum Hotel Yal\u0131kavak - MGallery Bodrum Yal\u0131kavak","isPartOf":{"@id":"https:\/\/www.mgallerybodrum.com\/tr\/#website"},"datePublished":"2024-12-17T12:25:49+00:00","breadcrumb":{"@id":"https:\/\/www.mgallerybodrum.com\/tr\/#breadcrumb"},"inLanguage":"tr","potentialAction":[{"@type":"ReadAction","target":["https:\/\/www.mgallerybodrum.com\/tr\/"]}]},{"@type":"BreadcrumbList","@id":"https:\/\/www.mgallerybodrum.com\/tr\/#breadcrumb","itemListElement":[{"@type":"ListItem","position":1,"name":"Home","item":"https:\/\/www.mgallerybodrum.com\/tr\/"},{"@type":"ListItem","position":2,"name":"MGallery The Bodrum Hotel Yal\u0131kavak"}]},{"@type":"WebSite","@id":"https:\/\/www.mgallerybodrum.com\/tr\/#website","url":"https:\/\/www.mgallerybodrum.com\/tr\/","name":"MGallery Bodrum Yal\u0131kavak","description":"Just another D-Edge Accor V2 Sites Hosting site","potentialAction":[{"@type":"SearchAction","target":{"@type":"EntryPoint","urlTemplate":"https:\/\/www.mgallerybodrum.com\/tr\/?s={search_term_string}"},"query-input":{"@type":"PropertyValueSpecification","valueRequired":true,"valueName":"search_term_string"}}],"inLanguage":"tr"}]}},"_links":{"self":[{"href":"https:\/\/www.mgallerybodrum.com\/tr\/wp-json\/wp\/v2\/pages\/4","targetHints":{"allow":["GET"]}}],"collection":[{"href":"https:\/\/www.mgallerybodrum.com\/tr\/wp-json\/wp\/v2\/pages"}],"about":[{"href":"https:\/\/www.mgallerybodrum.com\/tr\/wp-json\/wp\/v2\/types\/page"}],"author":[{"embeddable":true,"href":"https:\/\/www.mgallerybodrum.com\/tr\/wp-json\/wp\/v2\/users\/5"}],"replies":[{"embeddable":true,"href":"https:\/\/www.mgallerybodrum.com\/tr\/wp-json\/wp\/v2\/comments?post=4"}],"version-history":[{"count":0,"href":"https:\/\/www.mgallerybodrum.com\/tr\/wp-json\/wp\/v2\/pages\/4\/revisions"}],"wp:attachment":[{"href":"https:\/\/www.mgallerybodrum.com\/tr\/wp-json\/wp\/v2\/media?parent=4"}],"wp:term":[{"taxonomy":"category","embeddable":true,"href":"https:\/\/www.mgallerybodrum.com\/tr\/wp-json\/wp\/v2\/categories?post=4"}],"curies":[{"name":"wp","href":"https:\/\/api.w.org\/{rel}","templated":true}]}}