{"id":229,"date":"2021-08-10T09:09:35","date_gmt":"2021-08-10T09:09:35","guid":{"rendered":"https:\/\/bodrum-yalikavak-mgallery.accorv2prod.decms.eu\/?page_id=229"},"modified":"2021-08-16T12:54:24","modified_gmt":"2021-08-16T12:54:24","slug":"plaj-bar","status":"publish","type":"page","link":"https:\/\/www.mgallerybodrum.com\/tr\/restoran-ve-barlar\/plaj-bar\/","title":{"rendered":"Plaj Bar"},"content":{"rendered":"<p>Otelimizin masmavi denizinin yan\u0131nda, rengarenk plaj\u0131m\u0131z\u0131n rahatl\u0131\u011f\u0131yla, muhte\u015fem i\u00e7eceklerin keyfine var\u0131rken, lezzetli at\u0131\u015ft\u0131rmal\u0131klar\u0131n tad\u0131n\u0131 \u00e7\u0131karabilirsiniz.<\/p>\n","protected":false},"excerpt":{"rendered":"<p>Otelimizin masmavi denizinin yan\u0131nda, rengarenk plaj\u0131m\u0131z\u0131n rahatl\u0131\u011f\u0131yla, muhte\u015fem i\u00e7eceklerin keyfine var\u0131rken, lezzetli at\u0131\u015ft\u0131rmal\u0131klar\u0131n tad\u0131n\u0131 \u00e7\u0131karabilirsiniz.<\/p>\n","protected":false},"author":5,"featured_media":0,"parent":66,"menu_order":6,"comment_status":"closed","ping_status":"closed","template":"template-restaurant.php","meta":{"footnotes":""},"categories":[14],"class_list":["post-229","page","type-page","status-publish","hentry","category-bar-tr"],"acf":[],"yoast_head":"<!-- This site is optimized with the Yoast SEO plugin v26.9 - https:\/\/yoast.com\/product\/yoast-seo-wordpress\/ -->\n<title>Plaj Bar - MGallery Bodrum Yal\u0131kavak<\/title>\n<meta name=\"robots\" content=\"index, follow, max-snippet:-1, max-image-preview:large, max-video-preview:-1\" \/>\n<link rel=\"canonical\" href=\"https:\/\/www.mgallerybodrum.com\/tr\/restoran-ve-barlar\/plaj-bar\/\" \/>\n<meta property=\"og:locale\" content=\"tr_TR\" \/>\n<meta property=\"og:type\" content=\"article\" \/>\n<meta property=\"og:title\" content=\"Plaj Bar - MGallery Bodrum Yal\u0131kavak\" \/>\n<meta property=\"og:description\" content=\"Otelimizin masmavi denizinin yan\u0131nda, rengarenk plaj\u0131m\u0131z\u0131n rahatl\u0131\u011f\u0131yla, muhte\u015fem i\u00e7eceklerin keyfine var\u0131rken, lezzetli at\u0131\u015ft\u0131rmal\u0131klar\u0131n tad\u0131n\u0131 \u00e7\u0131karabilirsiniz.\" \/>\n<meta property=\"og:url\" content=\"https:\/\/www.mgallerybodrum.com\/tr\/restoran-ve-barlar\/plaj-bar\/\" \/>\n<meta property=\"og:site_name\" content=\"MGallery Bodrum Yal\u0131kavak\" \/>\n<meta property=\"article:modified_time\" content=\"2021-08-16T12:54:24+00:00\" \/>\n<meta name=\"twitter:card\" content=\"summary_large_image\" \/>\n<script type=\"application\/ld+json\" class=\"yoast-schema-graph\">{\"@context\":\"https:\/\/schema.org\",\"@graph\":[{\"@type\":\"WebPage\",\"@id\":\"https:\/\/www.mgallerybodrum.com\/tr\/restoran-ve-barlar\/plaj-bar\/\",\"url\":\"https:\/\/www.mgallerybodrum.com\/tr\/restoran-ve-barlar\/plaj-bar\/\",\"name\":\"Plaj Bar - MGallery Bodrum Yal\u0131kavak\",\"isPartOf\":{\"@id\":\"https:\/\/www.mgallerybodrum.com\/tr\/#website\"},\"datePublished\":\"2021-08-10T09:09:35+00:00\",\"dateModified\":\"2021-08-16T12:54:24+00:00\",\"breadcrumb\":{\"@id\":\"https:\/\/www.mgallerybodrum.com\/tr\/restoran-ve-barlar\/plaj-bar\/#breadcrumb\"},\"inLanguage\":\"tr\",\"potentialAction\":[{\"@type\":\"ReadAction\",\"target\":[\"https:\/\/www.mgallerybodrum.com\/tr\/restoran-ve-barlar\/plaj-bar\/\"]}]},{\"@type\":\"BreadcrumbList\",\"@id\":\"https:\/\/www.mgallerybodrum.com\/tr\/restoran-ve-barlar\/plaj-bar\/#breadcrumb\",\"itemListElement\":[{\"@type\":\"ListItem\",\"position\":1,\"name\":\"Home\",\"item\":\"https:\/\/www.mgallerybodrum.com\/tr\/\"},{\"@type\":\"ListItem\",\"position\":2,\"name\":\"Restoran ve Barlar\",\"item\":\"https:\/\/www.mgallerybodrum.com\/tr\/restoran-ve-barlar\/\"},{\"@type\":\"ListItem\",\"position\":3,\"name\":\"Plaj Bar\"}]},{\"@type\":\"WebSite\",\"@id\":\"https:\/\/www.mgallerybodrum.com\/tr\/#website\",\"url\":\"https:\/\/www.mgallerybodrum.com\/tr\/\",\"name\":\"MGallery Bodrum Yal\u0131kavak\",\"description\":\"Just another D-Edge Accor V2 Sites Hosting site\",\"potentialAction\":[{\"@type\":\"SearchAction\",\"target\":{\"@type\":\"EntryPoint\",\"urlTemplate\":\"https:\/\/www.mgallerybodrum.com\/tr\/?s={search_term_string}\"},\"query-input\":{\"@type\":\"PropertyValueSpecification\",\"valueRequired\":true,\"valueName\":\"search_term_string\"}}],\"inLanguage\":\"tr\"}]}<\/script>\n<!-- \/ Yoast SEO plugin. -->","yoast_head_json":{"title":"Plaj Bar - MGallery Bodrum Yal\u0131kavak","robots":{"index":"index","follow":"follow","max-snippet":"max-snippet:-1","max-image-preview":"max-image-preview:large","max-video-preview":"max-video-preview:-1"},"canonical":"https:\/\/www.mgallerybodrum.com\/tr\/restoran-ve-barlar\/plaj-bar\/","og_locale":"tr_TR","og_type":"article","og_title":"Plaj Bar - MGallery Bodrum Yal\u0131kavak","og_description":"Otelimizin masmavi denizinin yan\u0131nda, rengarenk plaj\u0131m\u0131z\u0131n rahatl\u0131\u011f\u0131yla, muhte\u015fem i\u00e7eceklerin keyfine var\u0131rken, lezzetli at\u0131\u015ft\u0131rmal\u0131klar\u0131n tad\u0131n\u0131 \u00e7\u0131karabilirsiniz.","og_url":"https:\/\/www.mgallerybodrum.com\/tr\/restoran-ve-barlar\/plaj-bar\/","og_site_name":"MGallery Bodrum Yal\u0131kavak","article_modified_time":"2021-08-16T12:54:24+00:00","twitter_card":"summary_large_image","schema":{"@context":"https:\/\/schema.org","@graph":[{"@type":"WebPage","@id":"https:\/\/www.mgallerybodrum.com\/tr\/restoran-ve-barlar\/plaj-bar\/","url":"https:\/\/www.mgallerybodrum.com\/tr\/restoran-ve-barlar\/plaj-bar\/","name":"Plaj Bar - MGallery Bodrum Yal\u0131kavak","isPartOf":{"@id":"https:\/\/www.mgallerybodrum.com\/tr\/#website"},"datePublished":"2021-08-10T09:09:35+00:00","dateModified":"2021-08-16T12:54:24+00:00","breadcrumb":{"@id":"https:\/\/www.mgallerybodrum.com\/tr\/restoran-ve-barlar\/plaj-bar\/#breadcrumb"},"inLanguage":"tr","potentialAction":[{"@type":"ReadAction","target":["https:\/\/www.mgallerybodrum.com\/tr\/restoran-ve-barlar\/plaj-bar\/"]}]},{"@type":"BreadcrumbList","@id":"https:\/\/www.mgallerybodrum.com\/tr\/restoran-ve-barlar\/plaj-bar\/#breadcrumb","itemListElement":[{"@type":"ListItem","position":1,"name":"Home","item":"https:\/\/www.mgallerybodrum.com\/tr\/"},{"@type":"ListItem","position":2,"name":"Restoran ve Barlar","item":"https:\/\/www.mgallerybodrum.com\/tr\/restoran-ve-barlar\/"},{"@type":"ListItem","position":3,"name":"Plaj Bar"}]},{"@type":"WebSite","@id":"https:\/\/www.mgallerybodrum.com\/tr\/#website","url":"https:\/\/www.mgallerybodrum.com\/tr\/","name":"MGallery Bodrum Yal\u0131kavak","description":"Just another D-Edge Accor V2 Sites Hosting site","potentialAction":[{"@type":"SearchAction","target":{"@type":"EntryPoint","urlTemplate":"https:\/\/www.mgallerybodrum.com\/tr\/?s={search_term_string}"},"query-input":{"@type":"PropertyValueSpecification","valueRequired":true,"valueName":"search_term_string"}}],"inLanguage":"tr"}]}},"_links":{"self":[{"href":"https:\/\/www.mgallerybodrum.com\/tr\/wp-json\/wp\/v2\/pages\/229","targetHints":{"allow":["GET"]}}],"collection":[{"href":"https:\/\/www.mgallerybodrum.com\/tr\/wp-json\/wp\/v2\/pages"}],"about":[{"href":"https:\/\/www.mgallerybodrum.com\/tr\/wp-json\/wp\/v2\/types\/page"}],"author":[{"embeddable":true,"href":"https:\/\/www.mgallerybodrum.com\/tr\/wp-json\/wp\/v2\/users\/5"}],"replies":[{"embeddable":true,"href":"https:\/\/www.mgallerybodrum.com\/tr\/wp-json\/wp\/v2\/comments?post=229"}],"version-history":[{"count":0,"href":"https:\/\/www.mgallerybodrum.com\/tr\/wp-json\/wp\/v2\/pages\/229\/revisions"}],"up":[{"embeddable":true,"href":"https:\/\/www.mgallerybodrum.com\/tr\/wp-json\/wp\/v2\/pages\/66"}],"wp:attachment":[{"href":"https:\/\/www.mgallerybodrum.com\/tr\/wp-json\/wp\/v2\/media?parent=229"}],"wp:term":[{"taxonomy":"category","embeddable":true,"href":"https:\/\/www.mgallerybodrum.com\/tr\/wp-json\/wp\/v2\/categories?post=229"}],"curies":[{"name":"wp","href":"https:\/\/api.w.org\/{rel}","templated":true}]}}