{"id":228,"date":"2021-08-10T09:09:32","date_gmt":"2021-08-10T09:09:32","guid":{"rendered":"https:\/\/bodrum-yalikavak-mgallery.accorv2prod.decms.eu\/?page_id=228"},"modified":"2021-08-16T12:52:24","modified_gmt":"2021-08-16T12:52:24","slug":"havuz-bar","status":"publish","type":"page","link":"https:\/\/www.mgallerybodrum.com\/tr\/restoran-ve-barlar\/havuz-bar\/","title":{"rendered":"Havuz Bar"},"content":{"rendered":"<p>Bohemy Yal\u0131kavak Restoran\u2019\u0131n yan\u0131nda yer alan Havuz Bar\u2019da sonsuzluk havuzunun ve manzaran\u0131n enerjisini ya\u015fayarak serinleyebilir, sizler i\u00e7in haz\u0131rlanan \u00f6zel kokteyllerin tad\u0131n\u0131 \u00e7\u0131kartabilirsiniz.<\/p>\n","protected":false},"excerpt":{"rendered":"<p>Bohemy Yal\u0131kavak Restoran\u2019\u0131n yan\u0131nda yer alan Havuz Bar\u2019da sonsuzluk havuzunun ve manzaran\u0131n enerjisini ya\u015fayarak serinleyebilir, sizler i\u00e7in haz\u0131rlanan \u00f6zel kokteyllerin tad\u0131n\u0131 \u00e7\u0131kartabilirsiniz.<\/p>\n","protected":false},"author":5,"featured_media":0,"parent":66,"menu_order":5,"comment_status":"closed","ping_status":"closed","template":"template-restaurant.php","meta":{"footnotes":""},"categories":[14],"class_list":["post-228","page","type-page","status-publish","hentry","category-bar-tr"],"acf":[],"yoast_head":"<!-- This site is optimized with the Yoast SEO plugin v26.9 - https:\/\/yoast.com\/product\/yoast-seo-wordpress\/ -->\n<title>Havuz Bar - MGallery Bodrum Yal\u0131kavak<\/title>\n<meta name=\"robots\" content=\"index, follow, max-snippet:-1, max-image-preview:large, max-video-preview:-1\" \/>\n<link rel=\"canonical\" href=\"https:\/\/www.mgallerybodrum.com\/tr\/restoran-ve-barlar\/havuz-bar\/\" \/>\n<meta property=\"og:locale\" content=\"tr_TR\" \/>\n<meta property=\"og:type\" content=\"article\" \/>\n<meta property=\"og:title\" content=\"Havuz Bar - MGallery Bodrum Yal\u0131kavak\" \/>\n<meta property=\"og:description\" content=\"Bohemy Yal\u0131kavak Restoran\u2019\u0131n yan\u0131nda yer alan Havuz Bar\u2019da sonsuzluk havuzunun ve manzaran\u0131n enerjisini ya\u015fayarak serinleyebilir, sizler i\u00e7in haz\u0131rlanan \u00f6zel kokteyllerin tad\u0131n\u0131 \u00e7\u0131kartabilirsiniz.\" \/>\n<meta property=\"og:url\" content=\"https:\/\/www.mgallerybodrum.com\/tr\/restoran-ve-barlar\/havuz-bar\/\" \/>\n<meta property=\"og:site_name\" content=\"MGallery Bodrum Yal\u0131kavak\" \/>\n<meta property=\"article:modified_time\" content=\"2021-08-16T12:52:24+00:00\" \/>\n<meta name=\"twitter:card\" content=\"summary_large_image\" \/>\n<script type=\"application\/ld+json\" class=\"yoast-schema-graph\">{\"@context\":\"https:\/\/schema.org\",\"@graph\":[{\"@type\":\"WebPage\",\"@id\":\"https:\/\/www.mgallerybodrum.com\/tr\/restoran-ve-barlar\/havuz-bar\/\",\"url\":\"https:\/\/www.mgallerybodrum.com\/tr\/restoran-ve-barlar\/havuz-bar\/\",\"name\":\"Havuz Bar - MGallery Bodrum Yal\u0131kavak\",\"isPartOf\":{\"@id\":\"https:\/\/www.mgallerybodrum.com\/tr\/#website\"},\"datePublished\":\"2021-08-10T09:09:32+00:00\",\"dateModified\":\"2021-08-16T12:52:24+00:00\",\"breadcrumb\":{\"@id\":\"https:\/\/www.mgallerybodrum.com\/tr\/restoran-ve-barlar\/havuz-bar\/#breadcrumb\"},\"inLanguage\":\"tr\",\"potentialAction\":[{\"@type\":\"ReadAction\",\"target\":[\"https:\/\/www.mgallerybodrum.com\/tr\/restoran-ve-barlar\/havuz-bar\/\"]}]},{\"@type\":\"BreadcrumbList\",\"@id\":\"https:\/\/www.mgallerybodrum.com\/tr\/restoran-ve-barlar\/havuz-bar\/#breadcrumb\",\"itemListElement\":[{\"@type\":\"ListItem\",\"position\":1,\"name\":\"Home\",\"item\":\"https:\/\/www.mgallerybodrum.com\/tr\/mgallery-the-bodrum-hotel-yalikavak\/\"},{\"@type\":\"ListItem\",\"position\":2,\"name\":\"Restoran ve Barlar\",\"item\":\"https:\/\/www.mgallerybodrum.com\/tr\/restoran-ve-barlar\/\"},{\"@type\":\"ListItem\",\"position\":3,\"name\":\"Havuz Bar\"}]},{\"@type\":\"WebSite\",\"@id\":\"https:\/\/www.mgallerybodrum.com\/tr\/#website\",\"url\":\"https:\/\/www.mgallerybodrum.com\/tr\/\",\"name\":\"MGallery Bodrum Yal\u0131kavak\",\"description\":\"Just another D-Edge Accor V2 Sites Hosting site\",\"potentialAction\":[{\"@type\":\"SearchAction\",\"target\":{\"@type\":\"EntryPoint\",\"urlTemplate\":\"https:\/\/www.mgallerybodrum.com\/tr\/?s={search_term_string}\"},\"query-input\":{\"@type\":\"PropertyValueSpecification\",\"valueRequired\":true,\"valueName\":\"search_term_string\"}}],\"inLanguage\":\"tr\"}]}<\/script>\n<!-- \/ Yoast SEO plugin. -->","yoast_head_json":{"title":"Havuz Bar - MGallery Bodrum Yal\u0131kavak","robots":{"index":"index","follow":"follow","max-snippet":"max-snippet:-1","max-image-preview":"max-image-preview:large","max-video-preview":"max-video-preview:-1"},"canonical":"https:\/\/www.mgallerybodrum.com\/tr\/restoran-ve-barlar\/havuz-bar\/","og_locale":"tr_TR","og_type":"article","og_title":"Havuz Bar - MGallery Bodrum Yal\u0131kavak","og_description":"Bohemy Yal\u0131kavak Restoran\u2019\u0131n yan\u0131nda yer alan Havuz Bar\u2019da sonsuzluk havuzunun ve manzaran\u0131n enerjisini ya\u015fayarak serinleyebilir, sizler i\u00e7in haz\u0131rlanan \u00f6zel kokteyllerin tad\u0131n\u0131 \u00e7\u0131kartabilirsiniz.","og_url":"https:\/\/www.mgallerybodrum.com\/tr\/restoran-ve-barlar\/havuz-bar\/","og_site_name":"MGallery Bodrum Yal\u0131kavak","article_modified_time":"2021-08-16T12:52:24+00:00","twitter_card":"summary_large_image","schema":{"@context":"https:\/\/schema.org","@graph":[{"@type":"WebPage","@id":"https:\/\/www.mgallerybodrum.com\/tr\/restoran-ve-barlar\/havuz-bar\/","url":"https:\/\/www.mgallerybodrum.com\/tr\/restoran-ve-barlar\/havuz-bar\/","name":"Havuz Bar - MGallery Bodrum Yal\u0131kavak","isPartOf":{"@id":"https:\/\/www.mgallerybodrum.com\/tr\/#website"},"datePublished":"2021-08-10T09:09:32+00:00","dateModified":"2021-08-16T12:52:24+00:00","breadcrumb":{"@id":"https:\/\/www.mgallerybodrum.com\/tr\/restoran-ve-barlar\/havuz-bar\/#breadcrumb"},"inLanguage":"tr","potentialAction":[{"@type":"ReadAction","target":["https:\/\/www.mgallerybodrum.com\/tr\/restoran-ve-barlar\/havuz-bar\/"]}]},{"@type":"BreadcrumbList","@id":"https:\/\/www.mgallerybodrum.com\/tr\/restoran-ve-barlar\/havuz-bar\/#breadcrumb","itemListElement":[{"@type":"ListItem","position":1,"name":"Home","item":"https:\/\/www.mgallerybodrum.com\/tr\/mgallery-the-bodrum-hotel-yalikavak\/"},{"@type":"ListItem","position":2,"name":"Restoran ve Barlar","item":"https:\/\/www.mgallerybodrum.com\/tr\/restoran-ve-barlar\/"},{"@type":"ListItem","position":3,"name":"Havuz Bar"}]},{"@type":"WebSite","@id":"https:\/\/www.mgallerybodrum.com\/tr\/#website","url":"https:\/\/www.mgallerybodrum.com\/tr\/","name":"MGallery Bodrum Yal\u0131kavak","description":"Just another D-Edge Accor V2 Sites Hosting site","potentialAction":[{"@type":"SearchAction","target":{"@type":"EntryPoint","urlTemplate":"https:\/\/www.mgallerybodrum.com\/tr\/?s={search_term_string}"},"query-input":{"@type":"PropertyValueSpecification","valueRequired":true,"valueName":"search_term_string"}}],"inLanguage":"tr"}]}},"_links":{"self":[{"href":"https:\/\/www.mgallerybodrum.com\/tr\/wp-json\/wp\/v2\/pages\/228","targetHints":{"allow":["GET"]}}],"collection":[{"href":"https:\/\/www.mgallerybodrum.com\/tr\/wp-json\/wp\/v2\/pages"}],"about":[{"href":"https:\/\/www.mgallerybodrum.com\/tr\/wp-json\/wp\/v2\/types\/page"}],"author":[{"embeddable":true,"href":"https:\/\/www.mgallerybodrum.com\/tr\/wp-json\/wp\/v2\/users\/5"}],"replies":[{"embeddable":true,"href":"https:\/\/www.mgallerybodrum.com\/tr\/wp-json\/wp\/v2\/comments?post=228"}],"version-history":[{"count":0,"href":"https:\/\/www.mgallerybodrum.com\/tr\/wp-json\/wp\/v2\/pages\/228\/revisions"}],"up":[{"embeddable":true,"href":"https:\/\/www.mgallerybodrum.com\/tr\/wp-json\/wp\/v2\/pages\/66"}],"wp:attachment":[{"href":"https:\/\/www.mgallerybodrum.com\/tr\/wp-json\/wp\/v2\/media?parent=228"}],"wp:term":[{"taxonomy":"category","embeddable":true,"href":"https:\/\/www.mgallerybodrum.com\/tr\/wp-json\/wp\/v2\/categories?post=228"}],"curies":[{"name":"wp","href":"https:\/\/api.w.org\/{rel}","templated":true}]}}