{"id":227,"date":"2021-08-10T09:09:27","date_gmt":"2021-08-10T09:09:27","guid":{"rendered":"https:\/\/bodrum-yalikavak-mgallery.accorv2prod.decms.eu\/?page_id=227"},"modified":"2021-08-16T12:27:05","modified_gmt":"2021-08-16T12:27:05","slug":"lobi-bar","status":"publish","type":"page","link":"https:\/\/www.mgallerybodrum.com\/tr\/restoran-ve-barlar\/lobi-bar\/","title":{"rendered":"Lobi Bar"},"content":{"rendered":"<p>Sanat eserleriyle donat\u0131lm\u0131\u015f giri\u015f alan\u0131nda bulunan Lobby Bar\u2019da, sanatsal auran\u0131n ve modern tasar\u0131mlar\u0131n i\u00e7erisinde dilerseniz soluklanabilir, dilerseniz de e\u015fsiz Tilkicik Koyunun manzaras\u0131nda rahatlayabilirsiniz.<\/p>\n","protected":false},"excerpt":{"rendered":"<p>Sanat eserleriyle donat\u0131lm\u0131\u015f giri\u015f alan\u0131nda bulunan Lobby Bar\u2019da, sanatsal auran\u0131n ve modern tasar\u0131mlar\u0131n i\u00e7erisinde dilerseniz soluklanabilir, dilerseniz de e\u015fsiz Tilkicik Koyunun manzaras\u0131nda rahatlayabilirsiniz.<\/p>\n","protected":false},"author":5,"featured_media":0,"parent":66,"menu_order":3,"comment_status":"closed","ping_status":"closed","template":"template-restaurant.php","meta":{"footnotes":""},"categories":[14],"class_list":["post-227","page","type-page","status-publish","hentry","category-bar-tr"],"acf":[],"yoast_head":"<!-- This site is optimized with the Yoast SEO plugin v26.9 - https:\/\/yoast.com\/product\/yoast-seo-wordpress\/ -->\n<title>Lobi Bar - MGallery Bodrum Yal\u0131kavak<\/title>\n<meta name=\"robots\" content=\"index, follow, max-snippet:-1, max-image-preview:large, max-video-preview:-1\" \/>\n<link rel=\"canonical\" href=\"https:\/\/www.mgallerybodrum.com\/tr\/restoran-ve-barlar\/lobi-bar\/\" \/>\n<meta property=\"og:locale\" content=\"tr_TR\" \/>\n<meta property=\"og:type\" content=\"article\" \/>\n<meta property=\"og:title\" content=\"Lobi Bar - MGallery Bodrum Yal\u0131kavak\" \/>\n<meta property=\"og:description\" content=\"Sanat eserleriyle donat\u0131lm\u0131\u015f giri\u015f alan\u0131nda bulunan Lobby Bar\u2019da, sanatsal auran\u0131n ve modern tasar\u0131mlar\u0131n i\u00e7erisinde dilerseniz soluklanabilir, dilerseniz de e\u015fsiz Tilkicik Koyunun manzaras\u0131nda rahatlayabilirsiniz.\" \/>\n<meta property=\"og:url\" content=\"https:\/\/www.mgallerybodrum.com\/tr\/restoran-ve-barlar\/lobi-bar\/\" \/>\n<meta property=\"og:site_name\" content=\"MGallery Bodrum Yal\u0131kavak\" \/>\n<meta property=\"article:modified_time\" content=\"2021-08-16T12:27:05+00:00\" \/>\n<meta name=\"twitter:card\" content=\"summary_large_image\" \/>\n<script type=\"application\/ld+json\" class=\"yoast-schema-graph\">{\"@context\":\"https:\/\/schema.org\",\"@graph\":[{\"@type\":\"WebPage\",\"@id\":\"https:\/\/www.mgallerybodrum.com\/tr\/restoran-ve-barlar\/lobi-bar\/\",\"url\":\"https:\/\/www.mgallerybodrum.com\/tr\/restoran-ve-barlar\/lobi-bar\/\",\"name\":\"Lobi Bar - MGallery Bodrum Yal\u0131kavak\",\"isPartOf\":{\"@id\":\"https:\/\/www.mgallerybodrum.com\/tr\/#website\"},\"datePublished\":\"2021-08-10T09:09:27+00:00\",\"dateModified\":\"2021-08-16T12:27:05+00:00\",\"breadcrumb\":{\"@id\":\"https:\/\/www.mgallerybodrum.com\/tr\/restoran-ve-barlar\/lobi-bar\/#breadcrumb\"},\"inLanguage\":\"tr\",\"potentialAction\":[{\"@type\":\"ReadAction\",\"target\":[\"https:\/\/www.mgallerybodrum.com\/tr\/restoran-ve-barlar\/lobi-bar\/\"]}]},{\"@type\":\"BreadcrumbList\",\"@id\":\"https:\/\/www.mgallerybodrum.com\/tr\/restoran-ve-barlar\/lobi-bar\/#breadcrumb\",\"itemListElement\":[{\"@type\":\"ListItem\",\"position\":1,\"name\":\"Home\",\"item\":\"https:\/\/www.mgallerybodrum.com\/tr\/mgallery-the-bodrum-hotel-yalikavak\/\"},{\"@type\":\"ListItem\",\"position\":2,\"name\":\"Restoran ve Barlar\",\"item\":\"https:\/\/www.mgallerybodrum.com\/tr\/restoran-ve-barlar\/\"},{\"@type\":\"ListItem\",\"position\":3,\"name\":\"Lobi Bar\"}]},{\"@type\":\"WebSite\",\"@id\":\"https:\/\/www.mgallerybodrum.com\/tr\/#website\",\"url\":\"https:\/\/www.mgallerybodrum.com\/tr\/\",\"name\":\"MGallery Bodrum Yal\u0131kavak\",\"description\":\"Just another D-Edge Accor V2 Sites Hosting site\",\"potentialAction\":[{\"@type\":\"SearchAction\",\"target\":{\"@type\":\"EntryPoint\",\"urlTemplate\":\"https:\/\/www.mgallerybodrum.com\/tr\/?s={search_term_string}\"},\"query-input\":{\"@type\":\"PropertyValueSpecification\",\"valueRequired\":true,\"valueName\":\"search_term_string\"}}],\"inLanguage\":\"tr\"}]}<\/script>\n<!-- \/ Yoast SEO plugin. -->","yoast_head_json":{"title":"Lobi Bar - MGallery Bodrum Yal\u0131kavak","robots":{"index":"index","follow":"follow","max-snippet":"max-snippet:-1","max-image-preview":"max-image-preview:large","max-video-preview":"max-video-preview:-1"},"canonical":"https:\/\/www.mgallerybodrum.com\/tr\/restoran-ve-barlar\/lobi-bar\/","og_locale":"tr_TR","og_type":"article","og_title":"Lobi Bar - MGallery Bodrum Yal\u0131kavak","og_description":"Sanat eserleriyle donat\u0131lm\u0131\u015f giri\u015f alan\u0131nda bulunan Lobby Bar\u2019da, sanatsal auran\u0131n ve modern tasar\u0131mlar\u0131n i\u00e7erisinde dilerseniz soluklanabilir, dilerseniz de e\u015fsiz Tilkicik Koyunun manzaras\u0131nda rahatlayabilirsiniz.","og_url":"https:\/\/www.mgallerybodrum.com\/tr\/restoran-ve-barlar\/lobi-bar\/","og_site_name":"MGallery Bodrum Yal\u0131kavak","article_modified_time":"2021-08-16T12:27:05+00:00","twitter_card":"summary_large_image","schema":{"@context":"https:\/\/schema.org","@graph":[{"@type":"WebPage","@id":"https:\/\/www.mgallerybodrum.com\/tr\/restoran-ve-barlar\/lobi-bar\/","url":"https:\/\/www.mgallerybodrum.com\/tr\/restoran-ve-barlar\/lobi-bar\/","name":"Lobi Bar - MGallery Bodrum Yal\u0131kavak","isPartOf":{"@id":"https:\/\/www.mgallerybodrum.com\/tr\/#website"},"datePublished":"2021-08-10T09:09:27+00:00","dateModified":"2021-08-16T12:27:05+00:00","breadcrumb":{"@id":"https:\/\/www.mgallerybodrum.com\/tr\/restoran-ve-barlar\/lobi-bar\/#breadcrumb"},"inLanguage":"tr","potentialAction":[{"@type":"ReadAction","target":["https:\/\/www.mgallerybodrum.com\/tr\/restoran-ve-barlar\/lobi-bar\/"]}]},{"@type":"BreadcrumbList","@id":"https:\/\/www.mgallerybodrum.com\/tr\/restoran-ve-barlar\/lobi-bar\/#breadcrumb","itemListElement":[{"@type":"ListItem","position":1,"name":"Home","item":"https:\/\/www.mgallerybodrum.com\/tr\/mgallery-the-bodrum-hotel-yalikavak\/"},{"@type":"ListItem","position":2,"name":"Restoran ve Barlar","item":"https:\/\/www.mgallerybodrum.com\/tr\/restoran-ve-barlar\/"},{"@type":"ListItem","position":3,"name":"Lobi Bar"}]},{"@type":"WebSite","@id":"https:\/\/www.mgallerybodrum.com\/tr\/#website","url":"https:\/\/www.mgallerybodrum.com\/tr\/","name":"MGallery Bodrum Yal\u0131kavak","description":"Just another D-Edge Accor V2 Sites Hosting site","potentialAction":[{"@type":"SearchAction","target":{"@type":"EntryPoint","urlTemplate":"https:\/\/www.mgallerybodrum.com\/tr\/?s={search_term_string}"},"query-input":{"@type":"PropertyValueSpecification","valueRequired":true,"valueName":"search_term_string"}}],"inLanguage":"tr"}]}},"_links":{"self":[{"href":"https:\/\/www.mgallerybodrum.com\/tr\/wp-json\/wp\/v2\/pages\/227","targetHints":{"allow":["GET"]}}],"collection":[{"href":"https:\/\/www.mgallerybodrum.com\/tr\/wp-json\/wp\/v2\/pages"}],"about":[{"href":"https:\/\/www.mgallerybodrum.com\/tr\/wp-json\/wp\/v2\/types\/page"}],"author":[{"embeddable":true,"href":"https:\/\/www.mgallerybodrum.com\/tr\/wp-json\/wp\/v2\/users\/5"}],"replies":[{"embeddable":true,"href":"https:\/\/www.mgallerybodrum.com\/tr\/wp-json\/wp\/v2\/comments?post=227"}],"version-history":[{"count":0,"href":"https:\/\/www.mgallerybodrum.com\/tr\/wp-json\/wp\/v2\/pages\/227\/revisions"}],"up":[{"embeddable":true,"href":"https:\/\/www.mgallerybodrum.com\/tr\/wp-json\/wp\/v2\/pages\/66"}],"wp:attachment":[{"href":"https:\/\/www.mgallerybodrum.com\/tr\/wp-json\/wp\/v2\/media?parent=227"}],"wp:term":[{"taxonomy":"category","embeddable":true,"href":"https:\/\/www.mgallerybodrum.com\/tr\/wp-json\/wp\/v2\/categories?post=227"}],"curies":[{"name":"wp","href":"https:\/\/api.w.org\/{rel}","templated":true}]}}