{"id":220,"date":"2024-12-18T12:24:12","date_gmt":"2024-12-18T12:24:12","guid":{"rendered":"https:\/\/bodrum-yalikavak-mgallery.accorv2prod.decms.eu\/?page_id=220"},"modified":"2024-12-18T12:22:47","modified_gmt":"2024-12-18T12:22:47","slug":"hakkimizda","status":"publish","type":"page","link":"https:\/\/www.mgallerybodrum.com\/tr\/hakkimizda\/","title":{"rendered":"Hakk\u0131m\u0131zda"},"content":{"rendered":"<div class=\"flex-1 overflow-hidden\">\n<div class=\"react-scroll-to-bottom--css-cjqma-79elbk h-full dark:bg-gray-800\">\n<div class=\"react-scroll-to-bottom--css-cjqma-1n7m0yu\">\n<div class=\"flex flex-col text-sm dark:bg-gray-800\">\n<div class=\"group w-full text-token-text-primary border-b border-black\/10 dark:border-gray-900\/50 bg-gray-50 dark:bg-[#444654]\">\n<div class=\"flex p-4 gap-4 text-base md:gap-6 md:max-w-2xl lg:max-w-[38rem] xl:max-w-3xl md:py-6 lg:px-0 m-auto\">\n<div class=\"relative flex w-[calc(100%-50px)] flex-col gap-1 md:gap-3 lg:w-[calc(100%-115px)]\">\n<div class=\"flex flex-grow flex-col gap-3\">\n<div class=\"min-h-[20px] flex flex-col items-start gap-3 overflow-x-auto whitespace-pre-wrap break-words\">\n<div class=\"markdown prose w-full break-words dark:prose-invert light\">\n<div class=\"flex-shrink-0 flex flex-col relative items-end\">\n<div>\n<div class=\"pt-0\">\n<div class=\"gizmo-bot-avatar flex h-8 w-8 items-center justify-center overflow-hidden rounded-full\">\n<div class=\"relative p-1 rounded-sm flex items-center justify-center bg-token-main-surface-primary text-token-text-primary h-8 w-8\">Bodrum\u2019un g\u00f6z al\u0131c\u0131 Yal\u0131kavak kasabas\u0131nda yer alan <strong>MGallery The Bodrum Hotel<\/strong>, sanat\u0131n zarif dokunu\u015flar\u0131 ve bohem esintileriyle \u015fekillenen ya\u015fam alanlar\u0131yla e\u015fsiz bir konfor sunuyor. \u00d6zel plaj\u0131m\u0131zda veya havuz ba\u015f\u0131nda dinlenirken, g\u00fcn bat\u0131m\u0131nda kokteylinizi yudumlayabilir, do\u011fadan sofran\u0131za ula\u015fan taze malzemelerle haz\u0131rlanan Akdeniz mutfa\u011f\u0131n\u0131n lezzetlerini ke\u015ffedebilirsiniz. Sanat ve do\u011fan\u0131n m\u00fckemmel birle\u015fiminde, her an\u0131n\u0131z\u0131 unutulmaz k\u0131lacak bir hikaye yaratmaya davet ediliyorsunuz.<\/div>\n<\/div>\n<\/div>\n<\/div>\n<\/div>\n<div class=\"group\/conversation-turn relative flex w-full min-w-0 flex-col agent-turn\">\n<div class=\"flex-col gap-1 md:gap-3\">\n<div class=\"flex max-w-full flex-col flex-grow\">\n<div class=\"min-h-8 text-message flex w-full flex-col items-end gap-2 whitespace-normal break-words text-start [.text-message+&amp;]:mt-5\" dir=\"auto\" data-message-author-role=\"assistant\" data-message-id=\"d9b7f1e3-beb4-4454-bf3d-761fbeeb1cd6\" data-message-model-slug=\"gpt-4o-mini\">\n<div class=\"flex w-full flex-col gap-1 empty:hidden first:pt-[3px]\">\n<div class=\"markdown prose w-full break-words dark:prose-invert light\">\n<p>Modern tasar\u0131m\u0131, yenileyici spa bak\u0131mlar\u0131 ve adrenalin dolu su sporlar\u0131yla <strong>MGallery The Bodrum Hotel<\/strong>, l\u00fcks seyahate bamba\u015fka bir anlam kat\u0131yor. Huzur ve ne\u015fenin kusursuz bir uyum i\u00e7inde bulu\u015ftu\u011fu bu cennet, her an\u0131n\u0131z\u0131 e\u015fsiz bir deneyime d\u00f6n\u00fc\u015ft\u00fcrmek \u00fczere tasarland\u0131.<\/p>\n<p>Bodrum Yar\u0131madas\u0131&#8217;n\u0131n kuzey bat\u0131s\u0131nda, Yal\u0131kavak\u2019\u0131n en \u00f6zel noktas\u0131nda, 13.000 m\u00b2\u2019lik geni\u015f bir alana yay\u0131lan <strong>MGallery The Bodrum Hotel<\/strong>, d\u00fcnyaca \u00fcnl\u00fc markalar ve restoranlarla \u00e7evrili Yal\u0131kavak Marina\u2019ya sadece birka\u00e7 dakika uzakl\u0131kta yer al\u0131yor. Bu benzersiz konum, tatiliniz boyunca unutulmaz deneyimler ya\u015faman\u0131za olanak sa\u011flayacak.<\/p>\n<\/div>\n<\/div>\n<\/div>\n<\/div>\n<\/div>\n<\/div>\n<\/div>\n<\/div>\n<\/div>\n<\/div>\n<\/div>\n<\/div>\n<\/div>\n<\/div>\n<\/div>\n<\/div>\n","protected":false},"excerpt":{"rendered":"<p>Bodrum\u2019un g\u00f6z al\u0131c\u0131 Yal\u0131kavak kasabas\u0131nda yer alan MGallery The Bodrum Hotel, sanat\u0131n zarif dokunu\u015flar\u0131 ve bohem esintileriyle \u015fekillenen ya\u015fam alanlar\u0131yla e\u015fsiz bir konfor sunuyor. \u00d6zel plaj\u0131m\u0131zda veya havuz ba\u015f\u0131nda dinlenirken, g\u00fcn bat\u0131m\u0131nda kokteylinizi yudumlayabilir, do\u011fadan sofran\u0131za ula\u015fan taze malzemelerle haz\u0131rlanan Akdeniz mutfa\u011f\u0131n\u0131n lezzetlerini ke\u015ffedebilirsiniz. Sanat ve do\u011fan\u0131n m\u00fckemmel birle\u015fiminde, her an\u0131n\u0131z\u0131 unutulmaz k\u0131lacak bir hikaye [&hellip;]<\/p>\n","protected":false},"author":5,"featured_media":0,"parent":0,"menu_order":1,"comment_status":"closed","ping_status":"closed","template":"","meta":{"footnotes":""},"categories":[1,2],"class_list":["post-220","page","type-page","status-publish","hentry","category-uncategorized","category-uncategorized-tr"],"acf":[],"yoast_head":"<!-- This site is optimized with the Yoast SEO plugin v26.9 - https:\/\/yoast.com\/product\/yoast-seo-wordpress\/ -->\n<title>Hakk\u0131m\u0131zda - MGallery Bodrum Yal\u0131kavak<\/title>\n<meta name=\"robots\" content=\"index, follow, max-snippet:-1, max-image-preview:large, max-video-preview:-1\" \/>\n<link rel=\"canonical\" href=\"https:\/\/www.mgallerybodrum.com\/tr\/hakkimizda\/\" \/>\n<meta property=\"og:locale\" content=\"tr_TR\" \/>\n<meta property=\"og:type\" content=\"article\" \/>\n<meta property=\"og:title\" content=\"Hakk\u0131m\u0131zda - MGallery Bodrum Yal\u0131kavak\" \/>\n<meta property=\"og:description\" content=\"Bodrum\u2019un g\u00f6z al\u0131c\u0131 Yal\u0131kavak kasabas\u0131nda yer alan MGallery The Bodrum Hotel, sanat\u0131n zarif dokunu\u015flar\u0131 ve bohem esintileriyle \u015fekillenen ya\u015fam alanlar\u0131yla e\u015fsiz bir konfor sunuyor. \u00d6zel plaj\u0131m\u0131zda veya havuz ba\u015f\u0131nda dinlenirken, g\u00fcn bat\u0131m\u0131nda kokteylinizi yudumlayabilir, do\u011fadan sofran\u0131za ula\u015fan taze malzemelerle haz\u0131rlanan Akdeniz mutfa\u011f\u0131n\u0131n lezzetlerini ke\u015ffedebilirsiniz. Sanat ve do\u011fan\u0131n m\u00fckemmel birle\u015fiminde, her an\u0131n\u0131z\u0131 unutulmaz k\u0131lacak bir hikaye [&hellip;]\" \/>\n<meta property=\"og:url\" content=\"https:\/\/www.mgallerybodrum.com\/tr\/hakkimizda\/\" \/>\n<meta property=\"og:site_name\" content=\"MGallery Bodrum Yal\u0131kavak\" \/>\n<meta name=\"twitter:card\" content=\"summary_large_image\" \/>\n<meta name=\"twitter:label1\" content=\"Tahmini okuma s\u00fcresi\" \/>\n\t<meta name=\"twitter:data1\" content=\"1 dakika\" \/>\n<script type=\"application\/ld+json\" class=\"yoast-schema-graph\">{\"@context\":\"https:\/\/schema.org\",\"@graph\":[{\"@type\":\"WebPage\",\"@id\":\"https:\/\/www.mgallerybodrum.com\/tr\/hakkimizda\/\",\"url\":\"https:\/\/www.mgallerybodrum.com\/tr\/hakkimizda\/\",\"name\":\"Hakk\u0131m\u0131zda - MGallery Bodrum Yal\u0131kavak\",\"isPartOf\":{\"@id\":\"https:\/\/www.mgallerybodrum.com\/tr\/#website\"},\"datePublished\":\"2024-12-18T12:24:12+00:00\",\"breadcrumb\":{\"@id\":\"https:\/\/www.mgallerybodrum.com\/tr\/hakkimizda\/#breadcrumb\"},\"inLanguage\":\"tr\",\"potentialAction\":[{\"@type\":\"ReadAction\",\"target\":[\"https:\/\/www.mgallerybodrum.com\/tr\/hakkimizda\/\"]}]},{\"@type\":\"BreadcrumbList\",\"@id\":\"https:\/\/www.mgallerybodrum.com\/tr\/hakkimizda\/#breadcrumb\",\"itemListElement\":[{\"@type\":\"ListItem\",\"position\":1,\"name\":\"Home\",\"item\":\"https:\/\/www.mgallerybodrum.com\/tr\/\"},{\"@type\":\"ListItem\",\"position\":2,\"name\":\"Hakk\u0131m\u0131zda\"}]},{\"@type\":\"WebSite\",\"@id\":\"https:\/\/www.mgallerybodrum.com\/tr\/#website\",\"url\":\"https:\/\/www.mgallerybodrum.com\/tr\/\",\"name\":\"MGallery Bodrum Yal\u0131kavak\",\"description\":\"Just another D-Edge Accor V2 Sites Hosting site\",\"potentialAction\":[{\"@type\":\"SearchAction\",\"target\":{\"@type\":\"EntryPoint\",\"urlTemplate\":\"https:\/\/www.mgallerybodrum.com\/tr\/?s={search_term_string}\"},\"query-input\":{\"@type\":\"PropertyValueSpecification\",\"valueRequired\":true,\"valueName\":\"search_term_string\"}}],\"inLanguage\":\"tr\"}]}<\/script>\n<!-- \/ Yoast SEO plugin. -->","yoast_head_json":{"title":"Hakk\u0131m\u0131zda - MGallery Bodrum Yal\u0131kavak","robots":{"index":"index","follow":"follow","max-snippet":"max-snippet:-1","max-image-preview":"max-image-preview:large","max-video-preview":"max-video-preview:-1"},"canonical":"https:\/\/www.mgallerybodrum.com\/tr\/hakkimizda\/","og_locale":"tr_TR","og_type":"article","og_title":"Hakk\u0131m\u0131zda - MGallery Bodrum Yal\u0131kavak","og_description":"Bodrum\u2019un g\u00f6z al\u0131c\u0131 Yal\u0131kavak kasabas\u0131nda yer alan MGallery The Bodrum Hotel, sanat\u0131n zarif dokunu\u015flar\u0131 ve bohem esintileriyle \u015fekillenen ya\u015fam alanlar\u0131yla e\u015fsiz bir konfor sunuyor. \u00d6zel plaj\u0131m\u0131zda veya havuz ba\u015f\u0131nda dinlenirken, g\u00fcn bat\u0131m\u0131nda kokteylinizi yudumlayabilir, do\u011fadan sofran\u0131za ula\u015fan taze malzemelerle haz\u0131rlanan Akdeniz mutfa\u011f\u0131n\u0131n lezzetlerini ke\u015ffedebilirsiniz. Sanat ve do\u011fan\u0131n m\u00fckemmel birle\u015fiminde, her an\u0131n\u0131z\u0131 unutulmaz k\u0131lacak bir hikaye [&hellip;]","og_url":"https:\/\/www.mgallerybodrum.com\/tr\/hakkimizda\/","og_site_name":"MGallery Bodrum Yal\u0131kavak","twitter_card":"summary_large_image","twitter_misc":{"Tahmini okuma s\u00fcresi":"1 dakika"},"schema":{"@context":"https:\/\/schema.org","@graph":[{"@type":"WebPage","@id":"https:\/\/www.mgallerybodrum.com\/tr\/hakkimizda\/","url":"https:\/\/www.mgallerybodrum.com\/tr\/hakkimizda\/","name":"Hakk\u0131m\u0131zda - MGallery Bodrum Yal\u0131kavak","isPartOf":{"@id":"https:\/\/www.mgallerybodrum.com\/tr\/#website"},"datePublished":"2024-12-18T12:24:12+00:00","breadcrumb":{"@id":"https:\/\/www.mgallerybodrum.com\/tr\/hakkimizda\/#breadcrumb"},"inLanguage":"tr","potentialAction":[{"@type":"ReadAction","target":["https:\/\/www.mgallerybodrum.com\/tr\/hakkimizda\/"]}]},{"@type":"BreadcrumbList","@id":"https:\/\/www.mgallerybodrum.com\/tr\/hakkimizda\/#breadcrumb","itemListElement":[{"@type":"ListItem","position":1,"name":"Home","item":"https:\/\/www.mgallerybodrum.com\/tr\/"},{"@type":"ListItem","position":2,"name":"Hakk\u0131m\u0131zda"}]},{"@type":"WebSite","@id":"https:\/\/www.mgallerybodrum.com\/tr\/#website","url":"https:\/\/www.mgallerybodrum.com\/tr\/","name":"MGallery Bodrum Yal\u0131kavak","description":"Just another D-Edge Accor V2 Sites Hosting site","potentialAction":[{"@type":"SearchAction","target":{"@type":"EntryPoint","urlTemplate":"https:\/\/www.mgallerybodrum.com\/tr\/?s={search_term_string}"},"query-input":{"@type":"PropertyValueSpecification","valueRequired":true,"valueName":"search_term_string"}}],"inLanguage":"tr"}]}},"_links":{"self":[{"href":"https:\/\/www.mgallerybodrum.com\/tr\/wp-json\/wp\/v2\/pages\/220","targetHints":{"allow":["GET"]}}],"collection":[{"href":"https:\/\/www.mgallerybodrum.com\/tr\/wp-json\/wp\/v2\/pages"}],"about":[{"href":"https:\/\/www.mgallerybodrum.com\/tr\/wp-json\/wp\/v2\/types\/page"}],"author":[{"embeddable":true,"href":"https:\/\/www.mgallerybodrum.com\/tr\/wp-json\/wp\/v2\/users\/5"}],"replies":[{"embeddable":true,"href":"https:\/\/www.mgallerybodrum.com\/tr\/wp-json\/wp\/v2\/comments?post=220"}],"version-history":[{"count":0,"href":"https:\/\/www.mgallerybodrum.com\/tr\/wp-json\/wp\/v2\/pages\/220\/revisions"}],"wp:attachment":[{"href":"https:\/\/www.mgallerybodrum.com\/tr\/wp-json\/wp\/v2\/media?parent=220"}],"wp:term":[{"taxonomy":"category","embeddable":true,"href":"https:\/\/www.mgallerybodrum.com\/tr\/wp-json\/wp\/v2\/categories?post=220"}],"curies":[{"name":"wp","href":"https:\/\/api.w.org\/{rel}","templated":true}]}}