{"id":191,"date":"2025-10-20T12:22:57","date_gmt":"2025-10-20T12:22:57","guid":{"rendered":"https:\/\/bodrum-yalikavak-mgallery.accorv2prod.decms.eu\/toplanti\/turkbuku\/"},"modified":"2025-10-20T12:21:44","modified_gmt":"2025-10-20T12:21:44","slug":"turkbuku","status":"publish","type":"page","link":"https:\/\/www.mgallerybodrum.com\/tr\/toplanti\/turkbuku\/","title":{"rendered":"T\u00fcrkb\u00fck\u00fc Toplant\u0131 Salonu"},"content":{"rendered":"<p style=\"text-align: left\">T\u00fcrkb\u00fck\u00fc Toplant\u0131 Salonu, y\u00f6netim kurulu toplant\u0131lar\u0131 ve \u00f6zel g\u00f6r\u00fc\u015fmeler i\u00e7in ideal, samimi ve \u015f\u0131k bir ortam sunuyor. 27 metrekarelik alana ve 2,5 metre tavan y\u00fcksekli\u011fine sahip olan bu donan\u0131ml\u0131 alan, odaklanma ve verimlilik i\u00e7in tasarland\u0131.<img loading=\"lazy\" decoding=\"async\" class=\"aligncenter wp-image-1150\" src=\"https:\/\/www.mgallerybodrum.com\/wp-content\/uploads\/sites\/4\/2025\/10\/ChatGPT-Image-Oct-17-2025-03_53_23-PM-300x200.png\" alt=\"\" width=\"784\" height=\"523\" srcset=\"https:\/\/www.mgallerybodrum.com\/wp-content\/uploads\/sites\/4\/2025\/10\/ChatGPT-Image-Oct-17-2025-03_53_23-PM-300x200.png 300w, https:\/\/www.mgallerybodrum.com\/wp-content\/uploads\/sites\/4\/2025\/10\/ChatGPT-Image-Oct-17-2025-03_53_23-PM-1024x683.png 1024w, https:\/\/www.mgallerybodrum.com\/wp-content\/uploads\/sites\/4\/2025\/10\/ChatGPT-Image-Oct-17-2025-03_53_23-PM-768x512.png 768w, https:\/\/www.mgallerybodrum.com\/wp-content\/uploads\/sites\/4\/2025\/10\/ChatGPT-Image-Oct-17-2025-03_53_23-PM-600x400.png 600w, https:\/\/www.mgallerybodrum.com\/wp-content\/uploads\/sites\/4\/2025\/10\/ChatGPT-Image-Oct-17-2025-03_53_23-PM-1000x667.png 1000w, https:\/\/www.mgallerybodrum.com\/wp-content\/uploads\/sites\/4\/2025\/10\/ChatGPT-Image-Oct-17-2025-03_53_23-PM.png 1536w\" sizes=\"auto, (max-width: 784px) 100vw, 784px\" \/><\/p>\n","protected":false},"excerpt":{"rendered":"<p>T\u00fcrkb\u00fck\u00fc Toplant\u0131 Salonu, y\u00f6netim kurulu toplant\u0131lar\u0131 ve \u00f6zel g\u00f6r\u00fc\u015fmeler i\u00e7in ideal, samimi ve \u015f\u0131k bir ortam sunuyor. 27 metrekarelik alana ve 2,5 metre tavan y\u00fcksekli\u011fine sahip olan bu donan\u0131ml\u0131 alan, odaklanma ve verimlilik i\u00e7in tasarland\u0131.<\/p>\n","protected":false},"author":5,"featured_media":1150,"parent":118,"menu_order":4,"comment_status":"closed","ping_status":"closed","template":"template-meeting-room.php","meta":{"footnotes":""},"categories":[2],"class_list":["post-191","page","type-page","status-publish","has-post-thumbnail","hentry","category-uncategorized-tr"],"acf":[],"yoast_head":"<!-- This site is optimized with the Yoast SEO plugin v26.9 - https:\/\/yoast.com\/product\/yoast-seo-wordpress\/ -->\n<title>T\u00fcrkb\u00fck\u00fc Toplant\u0131 Salonu - MGallery Bodrum Yal\u0131kavak<\/title>\n<meta name=\"robots\" content=\"index, follow, max-snippet:-1, max-image-preview:large, max-video-preview:-1\" \/>\n<link rel=\"canonical\" href=\"https:\/\/www.mgallerybodrum.com\/tr\/toplanti\/turkbuku\/\" \/>\n<meta property=\"og:locale\" content=\"tr_TR\" \/>\n<meta property=\"og:type\" content=\"article\" \/>\n<meta property=\"og:title\" content=\"T\u00fcrkb\u00fck\u00fc Toplant\u0131 Salonu - MGallery Bodrum Yal\u0131kavak\" \/>\n<meta property=\"og:description\" content=\"T\u00fcrkb\u00fck\u00fc Toplant\u0131 Salonu, y\u00f6netim kurulu toplant\u0131lar\u0131 ve \u00f6zel g\u00f6r\u00fc\u015fmeler i\u00e7in ideal, samimi ve \u015f\u0131k bir ortam sunuyor. 27 metrekarelik alana ve 2,5 metre tavan y\u00fcksekli\u011fine sahip olan bu donan\u0131ml\u0131 alan, odaklanma ve verimlilik i\u00e7in tasarland\u0131.\" \/>\n<meta property=\"og:url\" content=\"https:\/\/www.mgallerybodrum.com\/tr\/toplanti\/turkbuku\/\" \/>\n<meta property=\"og:site_name\" content=\"MGallery Bodrum Yal\u0131kavak\" \/>\n<meta property=\"og:image\" content=\"https:\/\/www.mgallerybodrum.com\/wp-content\/uploads\/sites\/4\/2025\/10\/ChatGPT-Image-Oct-17-2025-03_53_23-PM.png\" \/>\n\t<meta property=\"og:image:width\" content=\"1536\" \/>\n\t<meta property=\"og:image:height\" content=\"1024\" \/>\n\t<meta property=\"og:image:type\" content=\"image\/png\" \/>\n<meta name=\"twitter:card\" content=\"summary_large_image\" \/>\n<script type=\"application\/ld+json\" class=\"yoast-schema-graph\">{\"@context\":\"https:\/\/schema.org\",\"@graph\":[{\"@type\":\"WebPage\",\"@id\":\"https:\/\/www.mgallerybodrum.com\/tr\/toplanti\/turkbuku\/\",\"url\":\"https:\/\/www.mgallerybodrum.com\/tr\/toplanti\/turkbuku\/\",\"name\":\"T\u00fcrkb\u00fck\u00fc Toplant\u0131 Salonu - MGallery Bodrum Yal\u0131kavak\",\"isPartOf\":{\"@id\":\"https:\/\/www.mgallerybodrum.com\/tr\/#website\"},\"primaryImageOfPage\":{\"@id\":\"https:\/\/www.mgallerybodrum.com\/tr\/toplanti\/turkbuku\/#primaryimage\"},\"image\":{\"@id\":\"https:\/\/www.mgallerybodrum.com\/tr\/toplanti\/turkbuku\/#primaryimage\"},\"thumbnailUrl\":\"https:\/\/www.mgallerybodrum.com\/wp-content\/uploads\/sites\/4\/2025\/10\/ChatGPT-Image-Oct-17-2025-03_53_23-PM.png\",\"datePublished\":\"2025-10-20T12:22:57+00:00\",\"breadcrumb\":{\"@id\":\"https:\/\/www.mgallerybodrum.com\/tr\/toplanti\/turkbuku\/#breadcrumb\"},\"inLanguage\":\"tr\",\"potentialAction\":[{\"@type\":\"ReadAction\",\"target\":[\"https:\/\/www.mgallerybodrum.com\/tr\/toplanti\/turkbuku\/\"]}]},{\"@type\":\"ImageObject\",\"inLanguage\":\"tr\",\"@id\":\"https:\/\/www.mgallerybodrum.com\/tr\/toplanti\/turkbuku\/#primaryimage\",\"url\":\"https:\/\/www.mgallerybodrum.com\/wp-content\/uploads\/sites\/4\/2025\/10\/ChatGPT-Image-Oct-17-2025-03_53_23-PM.png\",\"contentUrl\":\"https:\/\/www.mgallerybodrum.com\/wp-content\/uploads\/sites\/4\/2025\/10\/ChatGPT-Image-Oct-17-2025-03_53_23-PM.png\",\"width\":1536,\"height\":1024},{\"@type\":\"BreadcrumbList\",\"@id\":\"https:\/\/www.mgallerybodrum.com\/tr\/toplanti\/turkbuku\/#breadcrumb\",\"itemListElement\":[{\"@type\":\"ListItem\",\"position\":1,\"name\":\"Home\",\"item\":\"https:\/\/www.mgallerybodrum.com\/tr\/\"},{\"@type\":\"ListItem\",\"position\":2,\"name\":\"Toplant\u0131\",\"item\":\"https:\/\/www.mgallerybodrum.com\/tr\/meetings\/\"},{\"@type\":\"ListItem\",\"position\":3,\"name\":\"T\u00fcrkb\u00fck\u00fc Toplant\u0131 Salonu\"}]},{\"@type\":\"WebSite\",\"@id\":\"https:\/\/www.mgallerybodrum.com\/tr\/#website\",\"url\":\"https:\/\/www.mgallerybodrum.com\/tr\/\",\"name\":\"MGallery Bodrum Yal\u0131kavak\",\"description\":\"Just another D-Edge Accor V2 Sites Hosting site\",\"potentialAction\":[{\"@type\":\"SearchAction\",\"target\":{\"@type\":\"EntryPoint\",\"urlTemplate\":\"https:\/\/www.mgallerybodrum.com\/tr\/?s={search_term_string}\"},\"query-input\":{\"@type\":\"PropertyValueSpecification\",\"valueRequired\":true,\"valueName\":\"search_term_string\"}}],\"inLanguage\":\"tr\"}]}<\/script>\n<!-- \/ Yoast SEO plugin. -->","yoast_head_json":{"title":"T\u00fcrkb\u00fck\u00fc Toplant\u0131 Salonu - MGallery Bodrum Yal\u0131kavak","robots":{"index":"index","follow":"follow","max-snippet":"max-snippet:-1","max-image-preview":"max-image-preview:large","max-video-preview":"max-video-preview:-1"},"canonical":"https:\/\/www.mgallerybodrum.com\/tr\/toplanti\/turkbuku\/","og_locale":"tr_TR","og_type":"article","og_title":"T\u00fcrkb\u00fck\u00fc Toplant\u0131 Salonu - MGallery Bodrum Yal\u0131kavak","og_description":"T\u00fcrkb\u00fck\u00fc Toplant\u0131 Salonu, y\u00f6netim kurulu toplant\u0131lar\u0131 ve \u00f6zel g\u00f6r\u00fc\u015fmeler i\u00e7in ideal, samimi ve \u015f\u0131k bir ortam sunuyor. 27 metrekarelik alana ve 2,5 metre tavan y\u00fcksekli\u011fine sahip olan bu donan\u0131ml\u0131 alan, odaklanma ve verimlilik i\u00e7in tasarland\u0131.","og_url":"https:\/\/www.mgallerybodrum.com\/tr\/toplanti\/turkbuku\/","og_site_name":"MGallery Bodrum Yal\u0131kavak","og_image":[{"width":1536,"height":1024,"url":"https:\/\/www.mgallerybodrum.com\/wp-content\/uploads\/sites\/4\/2025\/10\/ChatGPT-Image-Oct-17-2025-03_53_23-PM.png","type":"image\/png"}],"twitter_card":"summary_large_image","schema":{"@context":"https:\/\/schema.org","@graph":[{"@type":"WebPage","@id":"https:\/\/www.mgallerybodrum.com\/tr\/toplanti\/turkbuku\/","url":"https:\/\/www.mgallerybodrum.com\/tr\/toplanti\/turkbuku\/","name":"T\u00fcrkb\u00fck\u00fc Toplant\u0131 Salonu - MGallery Bodrum Yal\u0131kavak","isPartOf":{"@id":"https:\/\/www.mgallerybodrum.com\/tr\/#website"},"primaryImageOfPage":{"@id":"https:\/\/www.mgallerybodrum.com\/tr\/toplanti\/turkbuku\/#primaryimage"},"image":{"@id":"https:\/\/www.mgallerybodrum.com\/tr\/toplanti\/turkbuku\/#primaryimage"},"thumbnailUrl":"https:\/\/www.mgallerybodrum.com\/wp-content\/uploads\/sites\/4\/2025\/10\/ChatGPT-Image-Oct-17-2025-03_53_23-PM.png","datePublished":"2025-10-20T12:22:57+00:00","breadcrumb":{"@id":"https:\/\/www.mgallerybodrum.com\/tr\/toplanti\/turkbuku\/#breadcrumb"},"inLanguage":"tr","potentialAction":[{"@type":"ReadAction","target":["https:\/\/www.mgallerybodrum.com\/tr\/toplanti\/turkbuku\/"]}]},{"@type":"ImageObject","inLanguage":"tr","@id":"https:\/\/www.mgallerybodrum.com\/tr\/toplanti\/turkbuku\/#primaryimage","url":"https:\/\/www.mgallerybodrum.com\/wp-content\/uploads\/sites\/4\/2025\/10\/ChatGPT-Image-Oct-17-2025-03_53_23-PM.png","contentUrl":"https:\/\/www.mgallerybodrum.com\/wp-content\/uploads\/sites\/4\/2025\/10\/ChatGPT-Image-Oct-17-2025-03_53_23-PM.png","width":1536,"height":1024},{"@type":"BreadcrumbList","@id":"https:\/\/www.mgallerybodrum.com\/tr\/toplanti\/turkbuku\/#breadcrumb","itemListElement":[{"@type":"ListItem","position":1,"name":"Home","item":"https:\/\/www.mgallerybodrum.com\/tr\/"},{"@type":"ListItem","position":2,"name":"Toplant\u0131","item":"https:\/\/www.mgallerybodrum.com\/tr\/meetings\/"},{"@type":"ListItem","position":3,"name":"T\u00fcrkb\u00fck\u00fc Toplant\u0131 Salonu"}]},{"@type":"WebSite","@id":"https:\/\/www.mgallerybodrum.com\/tr\/#website","url":"https:\/\/www.mgallerybodrum.com\/tr\/","name":"MGallery Bodrum Yal\u0131kavak","description":"Just another D-Edge Accor V2 Sites Hosting site","potentialAction":[{"@type":"SearchAction","target":{"@type":"EntryPoint","urlTemplate":"https:\/\/www.mgallerybodrum.com\/tr\/?s={search_term_string}"},"query-input":{"@type":"PropertyValueSpecification","valueRequired":true,"valueName":"search_term_string"}}],"inLanguage":"tr"}]}},"_links":{"self":[{"href":"https:\/\/www.mgallerybodrum.com\/tr\/wp-json\/wp\/v2\/pages\/191","targetHints":{"allow":["GET"]}}],"collection":[{"href":"https:\/\/www.mgallerybodrum.com\/tr\/wp-json\/wp\/v2\/pages"}],"about":[{"href":"https:\/\/www.mgallerybodrum.com\/tr\/wp-json\/wp\/v2\/types\/page"}],"author":[{"embeddable":true,"href":"https:\/\/www.mgallerybodrum.com\/tr\/wp-json\/wp\/v2\/users\/5"}],"replies":[{"embeddable":true,"href":"https:\/\/www.mgallerybodrum.com\/tr\/wp-json\/wp\/v2\/comments?post=191"}],"version-history":[{"count":0,"href":"https:\/\/www.mgallerybodrum.com\/tr\/wp-json\/wp\/v2\/pages\/191\/revisions"}],"up":[{"embeddable":true,"href":"https:\/\/www.mgallerybodrum.com\/tr\/wp-json\/wp\/v2\/pages\/118"}],"wp:featuredmedia":[{"embeddable":true,"href":"https:\/\/www.mgallerybodrum.com\/tr\/wp-json\/wp\/v2\/media\/1150"}],"wp:attachment":[{"href":"https:\/\/www.mgallerybodrum.com\/tr\/wp-json\/wp\/v2\/media?parent=191"}],"wp:term":[{"taxonomy":"category","embeddable":true,"href":"https:\/\/www.mgallerybodrum.com\/tr\/wp-json\/wp\/v2\/categories?post=191"}],"curies":[{"name":"wp","href":"https:\/\/api.w.org\/{rel}","templated":true}]}}