{"id":189,"date":"2025-10-20T12:23:18","date_gmt":"2025-10-20T12:23:18","guid":{"rendered":"https:\/\/bodrum-yalikavak-mgallery.accorv2prod.decms.eu\/toplanti\/turkbuku\/"},"modified":"2025-10-20T12:23:01","modified_gmt":"2025-10-20T12:23:01","slug":"bitez","status":"publish","type":"page","link":"https:\/\/www.mgallerybodrum.com\/tr\/toplanti\/bitez\/","title":{"rendered":"Bitez Toplant\u0131 Salonu"},"content":{"rendered":"<p>Bitez Toplant\u0131 Salonu, i\u015f toplant\u0131lar\u0131, workshoplar ve \u00f6zel etkinlikler i\u00e7in ideal, sofistike ve \u00e7ok y\u00f6nl\u00fc bir ortam sunuyor. 88 metrekarelik alana ve 2,5 metre tavan y\u00fcksekli\u011fine sahip bu ferah mekan, i\u015f birli\u011fini ve \u00fcretkenli\u011fi te\u015fvik etmek i\u00e7in tasarland\u0131. Profesyonel toplant\u0131lar i\u00e7in kusursuz ve konforlu bir ortam sa\u011fl\u0131yor.<img loading=\"lazy\" decoding=\"async\" class=\"aligncenter wp-image-1156\" src=\"https:\/\/www.mgallerybodrum.com\/wp-content\/uploads\/sites\/4\/2025\/10\/WhatsApp-Image-2025-10-18-at-11.03.14-200x300.jpeg\" alt=\"\" width=\"784\" height=\"1176\" srcset=\"https:\/\/www.mgallerybodrum.com\/wp-content\/uploads\/sites\/4\/2025\/10\/WhatsApp-Image-2025-10-18-at-11.03.14-200x300.jpeg 200w, https:\/\/www.mgallerybodrum.com\/wp-content\/uploads\/sites\/4\/2025\/10\/WhatsApp-Image-2025-10-18-at-11.03.14-683x1024.jpeg 683w, https:\/\/www.mgallerybodrum.com\/wp-content\/uploads\/sites\/4\/2025\/10\/WhatsApp-Image-2025-10-18-at-11.03.14-768x1152.jpeg 768w, https:\/\/www.mgallerybodrum.com\/wp-content\/uploads\/sites\/4\/2025\/10\/WhatsApp-Image-2025-10-18-at-11.03.14-600x900.jpeg 600w, https:\/\/www.mgallerybodrum.com\/wp-content\/uploads\/sites\/4\/2025\/10\/WhatsApp-Image-2025-10-18-at-11.03.14-1000x1500.jpeg 1000w, https:\/\/www.mgallerybodrum.com\/wp-content\/uploads\/sites\/4\/2025\/10\/WhatsApp-Image-2025-10-18-at-11.03.14.jpeg 1024w\" sizes=\"auto, (max-width: 784px) 100vw, 784px\" \/><\/p>\n","protected":false},"excerpt":{"rendered":"<p>Bitez Toplant\u0131 Salonu, i\u015f toplant\u0131lar\u0131, workshoplar ve \u00f6zel etkinlikler i\u00e7in ideal, sofistike ve \u00e7ok y\u00f6nl\u00fc bir ortam sunuyor. 88 metrekarelik alana ve 2,5 metre tavan y\u00fcksekli\u011fine sahip bu ferah mekan, i\u015f birli\u011fini ve \u00fcretkenli\u011fi te\u015fvik etmek i\u00e7in tasarland\u0131. Profesyonel toplant\u0131lar i\u00e7in kusursuz ve konforlu bir ortam sa\u011fl\u0131yor.<\/p>\n","protected":false},"author":5,"featured_media":1156,"parent":118,"menu_order":1,"comment_status":"closed","ping_status":"closed","template":"template-meeting-room.php","meta":{"footnotes":""},"categories":[2],"class_list":["post-189","page","type-page","status-publish","has-post-thumbnail","hentry","category-uncategorized-tr"],"acf":[],"yoast_head":"<!-- This site is optimized with the Yoast SEO plugin v26.9 - https:\/\/yoast.com\/product\/yoast-seo-wordpress\/ -->\n<title>Bitez Toplant\u0131 Salonu - MGallery Bodrum Yal\u0131kavak<\/title>\n<meta name=\"robots\" content=\"index, follow, max-snippet:-1, max-image-preview:large, max-video-preview:-1\" \/>\n<link rel=\"canonical\" href=\"https:\/\/www.mgallerybodrum.com\/tr\/toplanti\/bitez\/\" \/>\n<meta property=\"og:locale\" content=\"tr_TR\" \/>\n<meta property=\"og:type\" content=\"article\" \/>\n<meta property=\"og:title\" content=\"Bitez Toplant\u0131 Salonu - MGallery Bodrum Yal\u0131kavak\" \/>\n<meta property=\"og:description\" content=\"Bitez Toplant\u0131 Salonu, i\u015f toplant\u0131lar\u0131, workshoplar ve \u00f6zel etkinlikler i\u00e7in ideal, sofistike ve \u00e7ok y\u00f6nl\u00fc bir ortam sunuyor. 88 metrekarelik alana ve 2,5 metre tavan y\u00fcksekli\u011fine sahip bu ferah mekan, i\u015f birli\u011fini ve \u00fcretkenli\u011fi te\u015fvik etmek i\u00e7in tasarland\u0131. Profesyonel toplant\u0131lar i\u00e7in kusursuz ve konforlu bir ortam sa\u011fl\u0131yor.\" \/>\n<meta property=\"og:url\" content=\"https:\/\/www.mgallerybodrum.com\/tr\/toplanti\/bitez\/\" \/>\n<meta property=\"og:site_name\" content=\"MGallery Bodrum Yal\u0131kavak\" \/>\n<meta property=\"og:image\" content=\"https:\/\/www.mgallerybodrum.com\/wp-content\/uploads\/sites\/4\/2025\/10\/WhatsApp-Image-2025-10-18-at-11.03.14.jpeg\" \/>\n\t<meta property=\"og:image:width\" content=\"1024\" \/>\n\t<meta property=\"og:image:height\" content=\"1536\" \/>\n\t<meta property=\"og:image:type\" content=\"image\/jpeg\" \/>\n<meta name=\"twitter:card\" content=\"summary_large_image\" \/>\n<script type=\"application\/ld+json\" class=\"yoast-schema-graph\">{\"@context\":\"https:\/\/schema.org\",\"@graph\":[{\"@type\":\"WebPage\",\"@id\":\"https:\/\/www.mgallerybodrum.com\/tr\/toplanti\/bitez\/\",\"url\":\"https:\/\/www.mgallerybodrum.com\/tr\/toplanti\/bitez\/\",\"name\":\"Bitez Toplant\u0131 Salonu - MGallery Bodrum Yal\u0131kavak\",\"isPartOf\":{\"@id\":\"https:\/\/www.mgallerybodrum.com\/tr\/#website\"},\"primaryImageOfPage\":{\"@id\":\"https:\/\/www.mgallerybodrum.com\/tr\/toplanti\/bitez\/#primaryimage\"},\"image\":{\"@id\":\"https:\/\/www.mgallerybodrum.com\/tr\/toplanti\/bitez\/#primaryimage\"},\"thumbnailUrl\":\"https:\/\/www.mgallerybodrum.com\/wp-content\/uploads\/sites\/4\/2025\/10\/WhatsApp-Image-2025-10-18-at-11.03.14.jpeg\",\"datePublished\":\"2025-10-20T12:23:18+00:00\",\"breadcrumb\":{\"@id\":\"https:\/\/www.mgallerybodrum.com\/tr\/toplanti\/bitez\/#breadcrumb\"},\"inLanguage\":\"tr\",\"potentialAction\":[{\"@type\":\"ReadAction\",\"target\":[\"https:\/\/www.mgallerybodrum.com\/tr\/toplanti\/bitez\/\"]}]},{\"@type\":\"ImageObject\",\"inLanguage\":\"tr\",\"@id\":\"https:\/\/www.mgallerybodrum.com\/tr\/toplanti\/bitez\/#primaryimage\",\"url\":\"https:\/\/www.mgallerybodrum.com\/wp-content\/uploads\/sites\/4\/2025\/10\/WhatsApp-Image-2025-10-18-at-11.03.14.jpeg\",\"contentUrl\":\"https:\/\/www.mgallerybodrum.com\/wp-content\/uploads\/sites\/4\/2025\/10\/WhatsApp-Image-2025-10-18-at-11.03.14.jpeg\",\"width\":1024,\"height\":1536},{\"@type\":\"BreadcrumbList\",\"@id\":\"https:\/\/www.mgallerybodrum.com\/tr\/toplanti\/bitez\/#breadcrumb\",\"itemListElement\":[{\"@type\":\"ListItem\",\"position\":1,\"name\":\"Home\",\"item\":\"https:\/\/www.mgallerybodrum.com\/tr\/mgallery-the-bodrum-hotel-yalikavak\/\"},{\"@type\":\"ListItem\",\"position\":2,\"name\":\"Toplant\u0131\",\"item\":\"https:\/\/www.mgallerybodrum.com\/tr\/meetings\/\"},{\"@type\":\"ListItem\",\"position\":3,\"name\":\"Bitez Toplant\u0131 Salonu\"}]},{\"@type\":\"WebSite\",\"@id\":\"https:\/\/www.mgallerybodrum.com\/tr\/#website\",\"url\":\"https:\/\/www.mgallerybodrum.com\/tr\/\",\"name\":\"MGallery Bodrum Yal\u0131kavak\",\"description\":\"Just another D-Edge Accor V2 Sites Hosting site\",\"potentialAction\":[{\"@type\":\"SearchAction\",\"target\":{\"@type\":\"EntryPoint\",\"urlTemplate\":\"https:\/\/www.mgallerybodrum.com\/tr\/?s={search_term_string}\"},\"query-input\":{\"@type\":\"PropertyValueSpecification\",\"valueRequired\":true,\"valueName\":\"search_term_string\"}}],\"inLanguage\":\"tr\"}]}<\/script>\n<!-- \/ Yoast SEO plugin. -->","yoast_head_json":{"title":"Bitez Toplant\u0131 Salonu - MGallery Bodrum Yal\u0131kavak","robots":{"index":"index","follow":"follow","max-snippet":"max-snippet:-1","max-image-preview":"max-image-preview:large","max-video-preview":"max-video-preview:-1"},"canonical":"https:\/\/www.mgallerybodrum.com\/tr\/toplanti\/bitez\/","og_locale":"tr_TR","og_type":"article","og_title":"Bitez Toplant\u0131 Salonu - MGallery Bodrum Yal\u0131kavak","og_description":"Bitez Toplant\u0131 Salonu, i\u015f toplant\u0131lar\u0131, workshoplar ve \u00f6zel etkinlikler i\u00e7in ideal, sofistike ve \u00e7ok y\u00f6nl\u00fc bir ortam sunuyor. 88 metrekarelik alana ve 2,5 metre tavan y\u00fcksekli\u011fine sahip bu ferah mekan, i\u015f birli\u011fini ve \u00fcretkenli\u011fi te\u015fvik etmek i\u00e7in tasarland\u0131. Profesyonel toplant\u0131lar i\u00e7in kusursuz ve konforlu bir ortam sa\u011fl\u0131yor.","og_url":"https:\/\/www.mgallerybodrum.com\/tr\/toplanti\/bitez\/","og_site_name":"MGallery Bodrum Yal\u0131kavak","og_image":[{"width":1024,"height":1536,"url":"https:\/\/www.mgallerybodrum.com\/wp-content\/uploads\/sites\/4\/2025\/10\/WhatsApp-Image-2025-10-18-at-11.03.14.jpeg","type":"image\/jpeg"}],"twitter_card":"summary_large_image","schema":{"@context":"https:\/\/schema.org","@graph":[{"@type":"WebPage","@id":"https:\/\/www.mgallerybodrum.com\/tr\/toplanti\/bitez\/","url":"https:\/\/www.mgallerybodrum.com\/tr\/toplanti\/bitez\/","name":"Bitez Toplant\u0131 Salonu - MGallery Bodrum Yal\u0131kavak","isPartOf":{"@id":"https:\/\/www.mgallerybodrum.com\/tr\/#website"},"primaryImageOfPage":{"@id":"https:\/\/www.mgallerybodrum.com\/tr\/toplanti\/bitez\/#primaryimage"},"image":{"@id":"https:\/\/www.mgallerybodrum.com\/tr\/toplanti\/bitez\/#primaryimage"},"thumbnailUrl":"https:\/\/www.mgallerybodrum.com\/wp-content\/uploads\/sites\/4\/2025\/10\/WhatsApp-Image-2025-10-18-at-11.03.14.jpeg","datePublished":"2025-10-20T12:23:18+00:00","breadcrumb":{"@id":"https:\/\/www.mgallerybodrum.com\/tr\/toplanti\/bitez\/#breadcrumb"},"inLanguage":"tr","potentialAction":[{"@type":"ReadAction","target":["https:\/\/www.mgallerybodrum.com\/tr\/toplanti\/bitez\/"]}]},{"@type":"ImageObject","inLanguage":"tr","@id":"https:\/\/www.mgallerybodrum.com\/tr\/toplanti\/bitez\/#primaryimage","url":"https:\/\/www.mgallerybodrum.com\/wp-content\/uploads\/sites\/4\/2025\/10\/WhatsApp-Image-2025-10-18-at-11.03.14.jpeg","contentUrl":"https:\/\/www.mgallerybodrum.com\/wp-content\/uploads\/sites\/4\/2025\/10\/WhatsApp-Image-2025-10-18-at-11.03.14.jpeg","width":1024,"height":1536},{"@type":"BreadcrumbList","@id":"https:\/\/www.mgallerybodrum.com\/tr\/toplanti\/bitez\/#breadcrumb","itemListElement":[{"@type":"ListItem","position":1,"name":"Home","item":"https:\/\/www.mgallerybodrum.com\/tr\/mgallery-the-bodrum-hotel-yalikavak\/"},{"@type":"ListItem","position":2,"name":"Toplant\u0131","item":"https:\/\/www.mgallerybodrum.com\/tr\/meetings\/"},{"@type":"ListItem","position":3,"name":"Bitez Toplant\u0131 Salonu"}]},{"@type":"WebSite","@id":"https:\/\/www.mgallerybodrum.com\/tr\/#website","url":"https:\/\/www.mgallerybodrum.com\/tr\/","name":"MGallery Bodrum Yal\u0131kavak","description":"Just another D-Edge Accor V2 Sites Hosting site","potentialAction":[{"@type":"SearchAction","target":{"@type":"EntryPoint","urlTemplate":"https:\/\/www.mgallerybodrum.com\/tr\/?s={search_term_string}"},"query-input":{"@type":"PropertyValueSpecification","valueRequired":true,"valueName":"search_term_string"}}],"inLanguage":"tr"}]}},"_links":{"self":[{"href":"https:\/\/www.mgallerybodrum.com\/tr\/wp-json\/wp\/v2\/pages\/189","targetHints":{"allow":["GET"]}}],"collection":[{"href":"https:\/\/www.mgallerybodrum.com\/tr\/wp-json\/wp\/v2\/pages"}],"about":[{"href":"https:\/\/www.mgallerybodrum.com\/tr\/wp-json\/wp\/v2\/types\/page"}],"author":[{"embeddable":true,"href":"https:\/\/www.mgallerybodrum.com\/tr\/wp-json\/wp\/v2\/users\/5"}],"replies":[{"embeddable":true,"href":"https:\/\/www.mgallerybodrum.com\/tr\/wp-json\/wp\/v2\/comments?post=189"}],"version-history":[{"count":0,"href":"https:\/\/www.mgallerybodrum.com\/tr\/wp-json\/wp\/v2\/pages\/189\/revisions"}],"up":[{"embeddable":true,"href":"https:\/\/www.mgallerybodrum.com\/tr\/wp-json\/wp\/v2\/pages\/118"}],"wp:featuredmedia":[{"embeddable":true,"href":"https:\/\/www.mgallerybodrum.com\/tr\/wp-json\/wp\/v2\/media\/1156"}],"wp:attachment":[{"href":"https:\/\/www.mgallerybodrum.com\/tr\/wp-json\/wp\/v2\/media?parent=189"}],"wp:term":[{"taxonomy":"category","embeddable":true,"href":"https:\/\/www.mgallerybodrum.com\/tr\/wp-json\/wp\/v2\/categories?post=189"}],"curies":[{"name":"wp","href":"https:\/\/api.w.org\/{rel}","templated":true}]}}