{"id":187,"date":"2025-10-20T12:24:51","date_gmt":"2025-10-20T12:24:51","guid":{"rendered":"https:\/\/bodrum-yalikavak-mgallery.accorv2prod.decms.eu\/toplanti\/yalikavak\/"},"modified":"2025-10-20T12:23:40","modified_gmt":"2025-10-20T12:23:40","slug":"yalikavak","status":"publish","type":"page","link":"https:\/\/www.mgallerybodrum.com\/tr\/toplanti\/yalikavak\/","title":{"rendered":"Yal\u0131kavak Toplant\u0131 Salonu"},"content":{"rendered":"<p>Yal\u0131kavak Toplant\u0131 Salonu, se\u00e7kin toplant\u0131lar ve \u00f6zel etkinlikler i\u00e7in zarif bir ortam sunuyor. 200 metrekarelik bir alana yay\u0131lan ve 2,5 metre tavan y\u00fcksekli\u011fine sahip bu ayd\u0131nl\u0131k ve ferah mekan, \u00fcretkenli\u011fi ve konforu te\u015fvik etmek i\u00e7in tasarland\u0131. 65 in\u00e7 LCD TV, projekt\u00f6r ve ta\u015f\u0131nabilir projeksiyon perdesiyle donat\u0131lm\u0131\u015f salon, kusursuz ve sofistike bir toplant\u0131 deneyimi i\u00e7in gereken t\u00fcm olanaklar\u0131 sunuyor.<\/p>\n<p><img loading=\"lazy\" decoding=\"async\" class=\"aligncenter wp-image-1134\" src=\"https:\/\/www.mgallerybodrum.com\/wp-content\/uploads\/sites\/4\/2025\/10\/Yalikavak-Meeting-Room-1-min-1-300x200.jpg\" alt=\"\" width=\"784\" height=\"523\" srcset=\"https:\/\/www.mgallerybodrum.com\/wp-content\/uploads\/sites\/4\/2025\/10\/Yalikavak-Meeting-Room-1-min-1-300x200.jpg 300w, https:\/\/www.mgallerybodrum.com\/wp-content\/uploads\/sites\/4\/2025\/10\/Yalikavak-Meeting-Room-1-min-1-1024x683.jpg 1024w, https:\/\/www.mgallerybodrum.com\/wp-content\/uploads\/sites\/4\/2025\/10\/Yalikavak-Meeting-Room-1-min-1-768x512.jpg 768w, https:\/\/www.mgallerybodrum.com\/wp-content\/uploads\/sites\/4\/2025\/10\/Yalikavak-Meeting-Room-1-min-1-600x400.jpg 600w, https:\/\/www.mgallerybodrum.com\/wp-content\/uploads\/sites\/4\/2025\/10\/Yalikavak-Meeting-Room-1-min-1-1000x667.jpg 1000w\" sizes=\"auto, (max-width: 784px) 100vw, 784px\" \/><\/p>\n","protected":false},"excerpt":{"rendered":"<p>Yal\u0131kavak Toplant\u0131 Salonu, se\u00e7kin toplant\u0131lar ve \u00f6zel etkinlikler i\u00e7in zarif bir ortam sunuyor. 200 metrekarelik bir alana yay\u0131lan ve 2,5 metre tavan y\u00fcksekli\u011fine sahip bu ayd\u0131nl\u0131k ve ferah mekan, \u00fcretkenli\u011fi ve konforu te\u015fvik etmek i\u00e7in tasarland\u0131. 65 in\u00e7 LCD TV, projekt\u00f6r ve ta\u015f\u0131nabilir projeksiyon perdesiyle donat\u0131lm\u0131\u015f salon, kusursuz ve sofistike bir toplant\u0131 deneyimi i\u00e7in gereken [&hellip;]<\/p>\n","protected":false},"author":5,"featured_media":1171,"parent":118,"menu_order":0,"comment_status":"closed","ping_status":"closed","template":"template-meeting-room.php","meta":{"footnotes":""},"categories":[2],"class_list":["post-187","page","type-page","status-publish","has-post-thumbnail","hentry","category-uncategorized-tr"],"acf":[],"yoast_head":"<!-- This site is optimized with the Yoast SEO plugin v26.9 - https:\/\/yoast.com\/product\/yoast-seo-wordpress\/ -->\n<title>Yal\u0131kavak Toplant\u0131 Salonu - MGallery Bodrum Yal\u0131kavak<\/title>\n<meta name=\"robots\" content=\"index, follow, max-snippet:-1, max-image-preview:large, max-video-preview:-1\" \/>\n<link rel=\"canonical\" href=\"https:\/\/www.mgallerybodrum.com\/tr\/toplanti\/yalikavak\/\" \/>\n<meta property=\"og:locale\" content=\"tr_TR\" \/>\n<meta property=\"og:type\" content=\"article\" \/>\n<meta property=\"og:title\" content=\"Yal\u0131kavak Toplant\u0131 Salonu - MGallery Bodrum Yal\u0131kavak\" \/>\n<meta property=\"og:description\" content=\"Yal\u0131kavak Toplant\u0131 Salonu, se\u00e7kin toplant\u0131lar ve \u00f6zel etkinlikler i\u00e7in zarif bir ortam sunuyor. 200 metrekarelik bir alana yay\u0131lan ve 2,5 metre tavan y\u00fcksekli\u011fine sahip bu ayd\u0131nl\u0131k ve ferah mekan, \u00fcretkenli\u011fi ve konforu te\u015fvik etmek i\u00e7in tasarland\u0131. 65 in\u00e7 LCD TV, projekt\u00f6r ve ta\u015f\u0131nabilir projeksiyon perdesiyle donat\u0131lm\u0131\u015f salon, kusursuz ve sofistike bir toplant\u0131 deneyimi i\u00e7in gereken [&hellip;]\" \/>\n<meta property=\"og:url\" content=\"https:\/\/www.mgallerybodrum.com\/tr\/toplanti\/yalikavak\/\" \/>\n<meta property=\"og:site_name\" content=\"MGallery Bodrum Yal\u0131kavak\" \/>\n<meta property=\"og:image\" content=\"https:\/\/www.mgallerybodrum.com\/wp-content\/uploads\/sites\/4\/2025\/10\/Yalikavak-Meeting-Room-1-min-1-1-1024x683.jpg\" \/>\n\t<meta property=\"og:image:width\" content=\"1024\" \/>\n\t<meta property=\"og:image:height\" content=\"683\" \/>\n\t<meta property=\"og:image:type\" content=\"image\/jpeg\" \/>\n<meta name=\"twitter:card\" content=\"summary_large_image\" \/>\n<script type=\"application\/ld+json\" class=\"yoast-schema-graph\">{\"@context\":\"https:\/\/schema.org\",\"@graph\":[{\"@type\":\"WebPage\",\"@id\":\"https:\/\/www.mgallerybodrum.com\/tr\/toplanti\/yalikavak\/\",\"url\":\"https:\/\/www.mgallerybodrum.com\/tr\/toplanti\/yalikavak\/\",\"name\":\"Yal\u0131kavak Toplant\u0131 Salonu - MGallery Bodrum Yal\u0131kavak\",\"isPartOf\":{\"@id\":\"https:\/\/www.mgallerybodrum.com\/tr\/#website\"},\"primaryImageOfPage\":{\"@id\":\"https:\/\/www.mgallerybodrum.com\/tr\/toplanti\/yalikavak\/#primaryimage\"},\"image\":{\"@id\":\"https:\/\/www.mgallerybodrum.com\/tr\/toplanti\/yalikavak\/#primaryimage\"},\"thumbnailUrl\":\"https:\/\/www.mgallerybodrum.com\/wp-content\/uploads\/sites\/4\/2025\/10\/Yalikavak-Meeting-Room-1-min-1-1.jpg\",\"datePublished\":\"2025-10-20T12:24:51+00:00\",\"breadcrumb\":{\"@id\":\"https:\/\/www.mgallerybodrum.com\/tr\/toplanti\/yalikavak\/#breadcrumb\"},\"inLanguage\":\"tr\",\"potentialAction\":[{\"@type\":\"ReadAction\",\"target\":[\"https:\/\/www.mgallerybodrum.com\/tr\/toplanti\/yalikavak\/\"]}]},{\"@type\":\"ImageObject\",\"inLanguage\":\"tr\",\"@id\":\"https:\/\/www.mgallerybodrum.com\/tr\/toplanti\/yalikavak\/#primaryimage\",\"url\":\"https:\/\/www.mgallerybodrum.com\/wp-content\/uploads\/sites\/4\/2025\/10\/Yalikavak-Meeting-Room-1-min-1-1.jpg\",\"contentUrl\":\"https:\/\/www.mgallerybodrum.com\/wp-content\/uploads\/sites\/4\/2025\/10\/Yalikavak-Meeting-Room-1-min-1-1.jpg\",\"width\":9504,\"height\":6336},{\"@type\":\"BreadcrumbList\",\"@id\":\"https:\/\/www.mgallerybodrum.com\/tr\/toplanti\/yalikavak\/#breadcrumb\",\"itemListElement\":[{\"@type\":\"ListItem\",\"position\":1,\"name\":\"Home\",\"item\":\"https:\/\/www.mgallerybodrum.com\/tr\/\"},{\"@type\":\"ListItem\",\"position\":2,\"name\":\"Toplant\u0131\",\"item\":\"https:\/\/www.mgallerybodrum.com\/tr\/meetings\/\"},{\"@type\":\"ListItem\",\"position\":3,\"name\":\"Yal\u0131kavak Toplant\u0131 Salonu\"}]},{\"@type\":\"WebSite\",\"@id\":\"https:\/\/www.mgallerybodrum.com\/tr\/#website\",\"url\":\"https:\/\/www.mgallerybodrum.com\/tr\/\",\"name\":\"MGallery Bodrum Yal\u0131kavak\",\"description\":\"Just another D-Edge Accor V2 Sites Hosting site\",\"potentialAction\":[{\"@type\":\"SearchAction\",\"target\":{\"@type\":\"EntryPoint\",\"urlTemplate\":\"https:\/\/www.mgallerybodrum.com\/tr\/?s={search_term_string}\"},\"query-input\":{\"@type\":\"PropertyValueSpecification\",\"valueRequired\":true,\"valueName\":\"search_term_string\"}}],\"inLanguage\":\"tr\"}]}<\/script>\n<!-- \/ Yoast SEO plugin. -->","yoast_head_json":{"title":"Yal\u0131kavak Toplant\u0131 Salonu - MGallery Bodrum Yal\u0131kavak","robots":{"index":"index","follow":"follow","max-snippet":"max-snippet:-1","max-image-preview":"max-image-preview:large","max-video-preview":"max-video-preview:-1"},"canonical":"https:\/\/www.mgallerybodrum.com\/tr\/toplanti\/yalikavak\/","og_locale":"tr_TR","og_type":"article","og_title":"Yal\u0131kavak Toplant\u0131 Salonu - MGallery Bodrum Yal\u0131kavak","og_description":"Yal\u0131kavak Toplant\u0131 Salonu, se\u00e7kin toplant\u0131lar ve \u00f6zel etkinlikler i\u00e7in zarif bir ortam sunuyor. 200 metrekarelik bir alana yay\u0131lan ve 2,5 metre tavan y\u00fcksekli\u011fine sahip bu ayd\u0131nl\u0131k ve ferah mekan, \u00fcretkenli\u011fi ve konforu te\u015fvik etmek i\u00e7in tasarland\u0131. 65 in\u00e7 LCD TV, projekt\u00f6r ve ta\u015f\u0131nabilir projeksiyon perdesiyle donat\u0131lm\u0131\u015f salon, kusursuz ve sofistike bir toplant\u0131 deneyimi i\u00e7in gereken [&hellip;]","og_url":"https:\/\/www.mgallerybodrum.com\/tr\/toplanti\/yalikavak\/","og_site_name":"MGallery Bodrum Yal\u0131kavak","og_image":[{"width":1024,"height":683,"url":"https:\/\/www.mgallerybodrum.com\/wp-content\/uploads\/sites\/4\/2025\/10\/Yalikavak-Meeting-Room-1-min-1-1-1024x683.jpg","type":"image\/jpeg"}],"twitter_card":"summary_large_image","schema":{"@context":"https:\/\/schema.org","@graph":[{"@type":"WebPage","@id":"https:\/\/www.mgallerybodrum.com\/tr\/toplanti\/yalikavak\/","url":"https:\/\/www.mgallerybodrum.com\/tr\/toplanti\/yalikavak\/","name":"Yal\u0131kavak Toplant\u0131 Salonu - MGallery Bodrum Yal\u0131kavak","isPartOf":{"@id":"https:\/\/www.mgallerybodrum.com\/tr\/#website"},"primaryImageOfPage":{"@id":"https:\/\/www.mgallerybodrum.com\/tr\/toplanti\/yalikavak\/#primaryimage"},"image":{"@id":"https:\/\/www.mgallerybodrum.com\/tr\/toplanti\/yalikavak\/#primaryimage"},"thumbnailUrl":"https:\/\/www.mgallerybodrum.com\/wp-content\/uploads\/sites\/4\/2025\/10\/Yalikavak-Meeting-Room-1-min-1-1.jpg","datePublished":"2025-10-20T12:24:51+00:00","breadcrumb":{"@id":"https:\/\/www.mgallerybodrum.com\/tr\/toplanti\/yalikavak\/#breadcrumb"},"inLanguage":"tr","potentialAction":[{"@type":"ReadAction","target":["https:\/\/www.mgallerybodrum.com\/tr\/toplanti\/yalikavak\/"]}]},{"@type":"ImageObject","inLanguage":"tr","@id":"https:\/\/www.mgallerybodrum.com\/tr\/toplanti\/yalikavak\/#primaryimage","url":"https:\/\/www.mgallerybodrum.com\/wp-content\/uploads\/sites\/4\/2025\/10\/Yalikavak-Meeting-Room-1-min-1-1.jpg","contentUrl":"https:\/\/www.mgallerybodrum.com\/wp-content\/uploads\/sites\/4\/2025\/10\/Yalikavak-Meeting-Room-1-min-1-1.jpg","width":9504,"height":6336},{"@type":"BreadcrumbList","@id":"https:\/\/www.mgallerybodrum.com\/tr\/toplanti\/yalikavak\/#breadcrumb","itemListElement":[{"@type":"ListItem","position":1,"name":"Home","item":"https:\/\/www.mgallerybodrum.com\/tr\/"},{"@type":"ListItem","position":2,"name":"Toplant\u0131","item":"https:\/\/www.mgallerybodrum.com\/tr\/meetings\/"},{"@type":"ListItem","position":3,"name":"Yal\u0131kavak Toplant\u0131 Salonu"}]},{"@type":"WebSite","@id":"https:\/\/www.mgallerybodrum.com\/tr\/#website","url":"https:\/\/www.mgallerybodrum.com\/tr\/","name":"MGallery Bodrum Yal\u0131kavak","description":"Just another D-Edge Accor V2 Sites Hosting site","potentialAction":[{"@type":"SearchAction","target":{"@type":"EntryPoint","urlTemplate":"https:\/\/www.mgallerybodrum.com\/tr\/?s={search_term_string}"},"query-input":{"@type":"PropertyValueSpecification","valueRequired":true,"valueName":"search_term_string"}}],"inLanguage":"tr"}]}},"_links":{"self":[{"href":"https:\/\/www.mgallerybodrum.com\/tr\/wp-json\/wp\/v2\/pages\/187","targetHints":{"allow":["GET"]}}],"collection":[{"href":"https:\/\/www.mgallerybodrum.com\/tr\/wp-json\/wp\/v2\/pages"}],"about":[{"href":"https:\/\/www.mgallerybodrum.com\/tr\/wp-json\/wp\/v2\/types\/page"}],"author":[{"embeddable":true,"href":"https:\/\/www.mgallerybodrum.com\/tr\/wp-json\/wp\/v2\/users\/5"}],"replies":[{"embeddable":true,"href":"https:\/\/www.mgallerybodrum.com\/tr\/wp-json\/wp\/v2\/comments?post=187"}],"version-history":[{"count":0,"href":"https:\/\/www.mgallerybodrum.com\/tr\/wp-json\/wp\/v2\/pages\/187\/revisions"}],"up":[{"embeddable":true,"href":"https:\/\/www.mgallerybodrum.com\/tr\/wp-json\/wp\/v2\/pages\/118"}],"wp:featuredmedia":[{"embeddable":true,"href":"https:\/\/www.mgallerybodrum.com\/tr\/wp-json\/wp\/v2\/media\/1171"}],"wp:attachment":[{"href":"https:\/\/www.mgallerybodrum.com\/tr\/wp-json\/wp\/v2\/media?parent=187"}],"wp:term":[{"taxonomy":"category","embeddable":true,"href":"https:\/\/www.mgallerybodrum.com\/tr\/wp-json\/wp\/v2\/categories?post=187"}],"curies":[{"name":"wp","href":"https:\/\/api.w.org\/{rel}","templated":true}]}}