{"id":158,"date":"2021-07-27T14:53:27","date_gmt":"2021-07-27T14:53:27","guid":{"rendered":"https:\/\/bodrum-yalikavak-mgallery.accorv2prod.decms.eu\/contact-us\/"},"modified":"2024-04-26T10:26:24","modified_gmt":"2024-04-26T10:26:24","slug":"iletisim","status":"publish","type":"page","link":"https:\/\/www.mgallerybodrum.com\/tr\/iletisim\/","title":{"rendered":"\u0130leti\u015fim"},"content":{"rendered":"<p><img loading=\"lazy\" decoding=\"async\" class=\"wp-image-419 size-medium\" src=\"https:\/\/www.mgallerybodrum.com\/wp-content\/uploads\/sites\/4\/2022\/10\/rezervasyon-WhatsApp-5354562044-300x300.png\" alt=\" Reach US\" width=\"300\" height=\"300\" srcset=\"https:\/\/www.mgallerybodrum.com\/wp-content\/uploads\/sites\/4\/2022\/10\/rezervasyon-WhatsApp-5354562044-300x300.png 300w, https:\/\/www.mgallerybodrum.com\/wp-content\/uploads\/sites\/4\/2022\/10\/rezervasyon-WhatsApp-5354562044-1024x1024.png 1024w, https:\/\/www.mgallerybodrum.com\/wp-content\/uploads\/sites\/4\/2022\/10\/rezervasyon-WhatsApp-5354562044-150x150.png 150w, https:\/\/www.mgallerybodrum.com\/wp-content\/uploads\/sites\/4\/2022\/10\/rezervasyon-WhatsApp-5354562044-768x768.png 768w, https:\/\/www.mgallerybodrum.com\/wp-content\/uploads\/sites\/4\/2022\/10\/rezervasyon-WhatsApp-5354562044-1536x1536.png 1536w, https:\/\/www.mgallerybodrum.com\/wp-content\/uploads\/sites\/4\/2022\/10\/rezervasyon-WhatsApp-5354562044-2048x2048.png 2048w, https:\/\/www.mgallerybodrum.com\/wp-content\/uploads\/sites\/4\/2022\/10\/rezervasyon-WhatsApp-5354562044-1000x1000.png 1000w, https:\/\/www.mgallerybodrum.com\/wp-content\/uploads\/sites\/4\/2022\/10\/rezervasyon-WhatsApp-5354562044-600x600.png 600w\" sizes=\"auto, (max-width: 300px) 100vw, 300px\" \/><\/p>\n<p>T\u00fcm sorular\u0131n\u0131z i\u00e7in bizim le WhatsApp hatt\u0131m\u0131zdan ileti\u015fim ege\u00e7ebilirsiniz.<\/p>\n<p style=\"text-align: center\">Tel: +90 252 3854200 or +90 535 456 20 42<br \/>\nEmail: mgallerybodrum@accor.com<br \/>\nAdres: Yal\u0131kavak Mah. 91.Sok. No:6 Bodrum<br \/>\nMUG\u0306LA<br \/>\nTURKEY<\/p>\n","protected":false},"excerpt":{"rendered":"<p>T\u00fcm sorular\u0131n\u0131z i\u00e7in bizim le WhatsApp hatt\u0131m\u0131zdan ileti\u015fim ege\u00e7ebilirsiniz. Tel: +90 252 3854200 or +90 535 456 20 42 Email: mgallerybodrum@accor.com Adres: Yal\u0131kavak Mah. 91.Sok. No:6 Bodrum MUG\u0306LA TURKEY<\/p>\n","protected":false},"author":5,"featured_media":0,"parent":0,"menu_order":50,"comment_status":"closed","ping_status":"closed","template":"template-contact.php","meta":{"footnotes":""},"categories":[],"class_list":["post-158","page","type-page","status-publish","hentry"],"acf":[],"yoast_head":"<!-- This site is optimized with the Yoast SEO plugin v26.9 - https:\/\/yoast.com\/product\/yoast-seo-wordpress\/ -->\n<title>\u0130leti\u015fim - MGallery Bodrum Yal\u0131kavak<\/title>\n<meta name=\"description\" content=\"\u0130leti\u015fim bilgilerini web sayfam\u0131zda veya sosyal medya hesaplar\u0131m\u0131zda bulabilirsiniz. Ekibimiz her zaman isteklerinizi dinlemeye haz\u0131rd\u0131r.\" \/>\n<meta name=\"robots\" content=\"index, follow, max-snippet:-1, max-image-preview:large, max-video-preview:-1\" \/>\n<link rel=\"canonical\" href=\"https:\/\/www.mgallerybodrum.com\/tr\/iletisim\/\" \/>\n<meta property=\"og:locale\" content=\"tr_TR\" \/>\n<meta property=\"og:type\" content=\"article\" \/>\n<meta property=\"og:title\" content=\"\u0130leti\u015fim - MGallery Bodrum Yal\u0131kavak\" \/>\n<meta property=\"og:description\" content=\"\u0130leti\u015fim bilgilerini web sayfam\u0131zda veya sosyal medya hesaplar\u0131m\u0131zda bulabilirsiniz. Ekibimiz her zaman isteklerinizi dinlemeye haz\u0131rd\u0131r.\" \/>\n<meta property=\"og:url\" content=\"https:\/\/www.mgallerybodrum.com\/tr\/iletisim\/\" \/>\n<meta property=\"og:site_name\" content=\"MGallery Bodrum Yal\u0131kavak\" \/>\n<meta property=\"article:modified_time\" content=\"2024-04-26T10:26:24+00:00\" \/>\n<meta property=\"og:image\" content=\"https:\/\/www.mgallerybodrum.com\/wp-content\/uploads\/sites\/4\/2022\/10\/rezervasyon-WhatsApp-5354562044-300x300.png\" \/>\n<meta name=\"twitter:card\" content=\"summary_large_image\" \/>\n<meta name=\"twitter:label1\" content=\"Tahmini okuma s\u00fcresi\" \/>\n\t<meta name=\"twitter:data1\" content=\"1 dakika\" \/>\n<script type=\"application\/ld+json\" class=\"yoast-schema-graph\">{\"@context\":\"https:\/\/schema.org\",\"@graph\":[{\"@type\":\"WebPage\",\"@id\":\"https:\/\/www.mgallerybodrum.com\/tr\/iletisim\/\",\"url\":\"https:\/\/www.mgallerybodrum.com\/tr\/iletisim\/\",\"name\":\"\u0130leti\u015fim - MGallery Bodrum Yal\u0131kavak\",\"isPartOf\":{\"@id\":\"https:\/\/www.mgallerybodrum.com\/tr\/#website\"},\"primaryImageOfPage\":{\"@id\":\"https:\/\/www.mgallerybodrum.com\/tr\/iletisim\/#primaryimage\"},\"image\":{\"@id\":\"https:\/\/www.mgallerybodrum.com\/tr\/iletisim\/#primaryimage\"},\"thumbnailUrl\":\"https:\/\/www.mgallerybodrum.com\/wp-content\/uploads\/sites\/4\/2022\/10\/rezervasyon-WhatsApp-5354562044-300x300.png\",\"datePublished\":\"2021-07-27T14:53:27+00:00\",\"dateModified\":\"2024-04-26T10:26:24+00:00\",\"description\":\"\u0130leti\u015fim bilgilerini web sayfam\u0131zda veya sosyal medya hesaplar\u0131m\u0131zda bulabilirsiniz. Ekibimiz her zaman isteklerinizi dinlemeye haz\u0131rd\u0131r.\",\"breadcrumb\":{\"@id\":\"https:\/\/www.mgallerybodrum.com\/tr\/iletisim\/#breadcrumb\"},\"inLanguage\":\"tr\",\"potentialAction\":[{\"@type\":\"ReadAction\",\"target\":[\"https:\/\/www.mgallerybodrum.com\/tr\/iletisim\/\"]}]},{\"@type\":\"ImageObject\",\"inLanguage\":\"tr\",\"@id\":\"https:\/\/www.mgallerybodrum.com\/tr\/iletisim\/#primaryimage\",\"url\":\"https:\/\/www.mgallerybodrum.com\/wp-content\/uploads\/sites\/4\/2022\/10\/rezervasyon-WhatsApp-5354562044-300x300.png\",\"contentUrl\":\"https:\/\/www.mgallerybodrum.com\/wp-content\/uploads\/sites\/4\/2022\/10\/rezervasyon-WhatsApp-5354562044-300x300.png\"},{\"@type\":\"BreadcrumbList\",\"@id\":\"https:\/\/www.mgallerybodrum.com\/tr\/iletisim\/#breadcrumb\",\"itemListElement\":[{\"@type\":\"ListItem\",\"position\":1,\"name\":\"Home\",\"item\":\"https:\/\/www.mgallerybodrum.com\/tr\/\"},{\"@type\":\"ListItem\",\"position\":2,\"name\":\"\u0130leti\u015fim\"}]},{\"@type\":\"WebSite\",\"@id\":\"https:\/\/www.mgallerybodrum.com\/tr\/#website\",\"url\":\"https:\/\/www.mgallerybodrum.com\/tr\/\",\"name\":\"MGallery Bodrum Yal\u0131kavak\",\"description\":\"Just another D-Edge Accor V2 Sites Hosting site\",\"potentialAction\":[{\"@type\":\"SearchAction\",\"target\":{\"@type\":\"EntryPoint\",\"urlTemplate\":\"https:\/\/www.mgallerybodrum.com\/tr\/?s={search_term_string}\"},\"query-input\":{\"@type\":\"PropertyValueSpecification\",\"valueRequired\":true,\"valueName\":\"search_term_string\"}}],\"inLanguage\":\"tr\"}]}<\/script>\n<!-- \/ Yoast SEO plugin. -->","yoast_head_json":{"title":"\u0130leti\u015fim - MGallery Bodrum Yal\u0131kavak","description":"\u0130leti\u015fim bilgilerini web sayfam\u0131zda veya sosyal medya hesaplar\u0131m\u0131zda bulabilirsiniz. Ekibimiz her zaman isteklerinizi dinlemeye haz\u0131rd\u0131r.","robots":{"index":"index","follow":"follow","max-snippet":"max-snippet:-1","max-image-preview":"max-image-preview:large","max-video-preview":"max-video-preview:-1"},"canonical":"https:\/\/www.mgallerybodrum.com\/tr\/iletisim\/","og_locale":"tr_TR","og_type":"article","og_title":"\u0130leti\u015fim - MGallery Bodrum Yal\u0131kavak","og_description":"\u0130leti\u015fim bilgilerini web sayfam\u0131zda veya sosyal medya hesaplar\u0131m\u0131zda bulabilirsiniz. Ekibimiz her zaman isteklerinizi dinlemeye haz\u0131rd\u0131r.","og_url":"https:\/\/www.mgallerybodrum.com\/tr\/iletisim\/","og_site_name":"MGallery Bodrum Yal\u0131kavak","article_modified_time":"2024-04-26T10:26:24+00:00","og_image":[{"url":"https:\/\/www.mgallerybodrum.com\/wp-content\/uploads\/sites\/4\/2022\/10\/rezervasyon-WhatsApp-5354562044-300x300.png","type":"","width":"","height":""}],"twitter_card":"summary_large_image","twitter_misc":{"Tahmini okuma s\u00fcresi":"1 dakika"},"schema":{"@context":"https:\/\/schema.org","@graph":[{"@type":"WebPage","@id":"https:\/\/www.mgallerybodrum.com\/tr\/iletisim\/","url":"https:\/\/www.mgallerybodrum.com\/tr\/iletisim\/","name":"\u0130leti\u015fim - MGallery Bodrum Yal\u0131kavak","isPartOf":{"@id":"https:\/\/www.mgallerybodrum.com\/tr\/#website"},"primaryImageOfPage":{"@id":"https:\/\/www.mgallerybodrum.com\/tr\/iletisim\/#primaryimage"},"image":{"@id":"https:\/\/www.mgallerybodrum.com\/tr\/iletisim\/#primaryimage"},"thumbnailUrl":"https:\/\/www.mgallerybodrum.com\/wp-content\/uploads\/sites\/4\/2022\/10\/rezervasyon-WhatsApp-5354562044-300x300.png","datePublished":"2021-07-27T14:53:27+00:00","dateModified":"2024-04-26T10:26:24+00:00","description":"\u0130leti\u015fim bilgilerini web sayfam\u0131zda veya sosyal medya hesaplar\u0131m\u0131zda bulabilirsiniz. Ekibimiz her zaman isteklerinizi dinlemeye haz\u0131rd\u0131r.","breadcrumb":{"@id":"https:\/\/www.mgallerybodrum.com\/tr\/iletisim\/#breadcrumb"},"inLanguage":"tr","potentialAction":[{"@type":"ReadAction","target":["https:\/\/www.mgallerybodrum.com\/tr\/iletisim\/"]}]},{"@type":"ImageObject","inLanguage":"tr","@id":"https:\/\/www.mgallerybodrum.com\/tr\/iletisim\/#primaryimage","url":"https:\/\/www.mgallerybodrum.com\/wp-content\/uploads\/sites\/4\/2022\/10\/rezervasyon-WhatsApp-5354562044-300x300.png","contentUrl":"https:\/\/www.mgallerybodrum.com\/wp-content\/uploads\/sites\/4\/2022\/10\/rezervasyon-WhatsApp-5354562044-300x300.png"},{"@type":"BreadcrumbList","@id":"https:\/\/www.mgallerybodrum.com\/tr\/iletisim\/#breadcrumb","itemListElement":[{"@type":"ListItem","position":1,"name":"Home","item":"https:\/\/www.mgallerybodrum.com\/tr\/"},{"@type":"ListItem","position":2,"name":"\u0130leti\u015fim"}]},{"@type":"WebSite","@id":"https:\/\/www.mgallerybodrum.com\/tr\/#website","url":"https:\/\/www.mgallerybodrum.com\/tr\/","name":"MGallery Bodrum Yal\u0131kavak","description":"Just another D-Edge Accor V2 Sites Hosting site","potentialAction":[{"@type":"SearchAction","target":{"@type":"EntryPoint","urlTemplate":"https:\/\/www.mgallerybodrum.com\/tr\/?s={search_term_string}"},"query-input":{"@type":"PropertyValueSpecification","valueRequired":true,"valueName":"search_term_string"}}],"inLanguage":"tr"}]}},"_links":{"self":[{"href":"https:\/\/www.mgallerybodrum.com\/tr\/wp-json\/wp\/v2\/pages\/158","targetHints":{"allow":["GET"]}}],"collection":[{"href":"https:\/\/www.mgallerybodrum.com\/tr\/wp-json\/wp\/v2\/pages"}],"about":[{"href":"https:\/\/www.mgallerybodrum.com\/tr\/wp-json\/wp\/v2\/types\/page"}],"author":[{"embeddable":true,"href":"https:\/\/www.mgallerybodrum.com\/tr\/wp-json\/wp\/v2\/users\/5"}],"replies":[{"embeddable":true,"href":"https:\/\/www.mgallerybodrum.com\/tr\/wp-json\/wp\/v2\/comments?post=158"}],"version-history":[{"count":0,"href":"https:\/\/www.mgallerybodrum.com\/tr\/wp-json\/wp\/v2\/pages\/158\/revisions"}],"wp:attachment":[{"href":"https:\/\/www.mgallerybodrum.com\/tr\/wp-json\/wp\/v2\/media?parent=158"}],"wp:term":[{"taxonomy":"category","embeddable":true,"href":"https:\/\/www.mgallerybodrum.com\/tr\/wp-json\/wp\/v2\/categories?post=158"}],"curies":[{"name":"wp","href":"https:\/\/api.w.org\/{rel}","templated":true}]}}