{"id":12,"date":"2025-10-20T12:31:01","date_gmt":"2025-10-20T12:31:01","guid":{"rendered":"https:\/\/bodrum-yalikavak-mgallery.accorv2prod.decms.eu\/?page_id=12"},"modified":"2025-10-20T12:30:31","modified_gmt":"2025-10-20T12:30:31","slug":"odalar-ve-suitler","status":"publish","type":"page","link":"https:\/\/www.mgallerybodrum.com\/tr\/odalar-ve-suitler\/","title":{"rendered":"Odalar &amp; S\u00fcitler"},"content":{"rendered":"<p>Odalar\u0131m\u0131z\u0131n tamam\u0131, Bodrum\u2019un do\u011fal g\u00fczelliklerini hissedece\u011finiz detaylar ile donat\u0131lm\u0131\u015ft\u0131r. T\u00fcm odalar\u0131m\u0131zda, uyku kalitenizi maksimum d\u00fczeyde sa\u011flayacak \u00fcr\u00fcnler kullan\u0131lm\u0131\u015ft\u0131r. MGallery The Bodrum Hotel Yal\u0131kavak\u2019\u0131n her alan\u0131ndaki \u015f\u0131k, modern ve bohem dekorasyon dokunu\u015flar\u0131n\u0131 odalar\u0131m\u0131z\u0131n tamam\u0131nda bulabilirsiniz. Konforunuz ve keyifli zaman ge\u00e7irmeniz i\u00e7in tasarlanan odalar\u0131m\u0131zda, Ege\u2019nin esintisini evinizin rahatl\u0131\u011f\u0131nda ya\u015fayacaks\u0131n\u0131z.<\/p>\n","protected":false},"excerpt":{"rendered":"<p>Odalar\u0131m\u0131z\u0131n tamam\u0131, Bodrum\u2019un do\u011fal g\u00fczelliklerini hissedece\u011finiz detaylar ile donat\u0131lm\u0131\u015ft\u0131r. T\u00fcm odalar\u0131m\u0131zda, uyku kalitenizi maksimum d\u00fczeyde sa\u011flayacak \u00fcr\u00fcnler kullan\u0131lm\u0131\u015ft\u0131r. MGallery The Bodrum Hotel Yal\u0131kavak\u2019\u0131n her alan\u0131ndaki \u015f\u0131k, modern ve bohem dekorasyon dokunu\u015flar\u0131n\u0131 odalar\u0131m\u0131z\u0131n tamam\u0131nda bulabilirsiniz. Konforunuz ve keyifli zaman ge\u00e7irmeniz i\u00e7in tasarlanan odalar\u0131m\u0131zda, Ege\u2019nin esintisini evinizin rahatl\u0131\u011f\u0131nda ya\u015fayacaks\u0131n\u0131z.<\/p>\n","protected":false},"author":5,"featured_media":0,"parent":0,"menu_order":5,"comment_status":"closed","ping_status":"closed","template":"template-rooms.php","meta":{"footnotes":""},"categories":[],"class_list":["post-12","page","type-page","status-publish","hentry"],"acf":[],"yoast_head":"<!-- This site is optimized with the Yoast SEO plugin v26.9 - https:\/\/yoast.com\/product\/yoast-seo-wordpress\/ -->\n<title>Odalar &amp; S\u00fcitler - MGallery Bodrum Yal\u0131kavak<\/title>\n<meta name=\"robots\" content=\"index, follow, max-snippet:-1, max-image-preview:large, max-video-preview:-1\" \/>\n<link rel=\"canonical\" href=\"https:\/\/www.mgallerybodrum.com\/tr\/odalar-ve-suitler\/\" \/>\n<meta property=\"og:locale\" content=\"tr_TR\" \/>\n<meta property=\"og:type\" content=\"article\" \/>\n<meta property=\"og:title\" content=\"Odalar &amp; S\u00fcitler - MGallery Bodrum Yal\u0131kavak\" \/>\n<meta property=\"og:description\" content=\"Odalar\u0131m\u0131z\u0131n tamam\u0131, Bodrum\u2019un do\u011fal g\u00fczelliklerini hissedece\u011finiz detaylar ile donat\u0131lm\u0131\u015ft\u0131r. T\u00fcm odalar\u0131m\u0131zda, uyku kalitenizi maksimum d\u00fczeyde sa\u011flayacak \u00fcr\u00fcnler kullan\u0131lm\u0131\u015ft\u0131r. MGallery The Bodrum Hotel Yal\u0131kavak\u2019\u0131n her alan\u0131ndaki \u015f\u0131k, modern ve bohem dekorasyon dokunu\u015flar\u0131n\u0131 odalar\u0131m\u0131z\u0131n tamam\u0131nda bulabilirsiniz. Konforunuz ve keyifli zaman ge\u00e7irmeniz i\u00e7in tasarlanan odalar\u0131m\u0131zda, Ege\u2019nin esintisini evinizin rahatl\u0131\u011f\u0131nda ya\u015fayacaks\u0131n\u0131z.\" \/>\n<meta property=\"og:url\" content=\"https:\/\/www.mgallerybodrum.com\/tr\/odalar-ve-suitler\/\" \/>\n<meta property=\"og:site_name\" content=\"MGallery Bodrum Yal\u0131kavak\" \/>\n<meta name=\"twitter:card\" content=\"summary_large_image\" \/>\n<script type=\"application\/ld+json\" class=\"yoast-schema-graph\">{\"@context\":\"https:\/\/schema.org\",\"@graph\":[{\"@type\":\"WebPage\",\"@id\":\"https:\/\/www.mgallerybodrum.com\/tr\/odalar-ve-suitler\/\",\"url\":\"https:\/\/www.mgallerybodrum.com\/tr\/odalar-ve-suitler\/\",\"name\":\"Odalar &amp; S\u00fcitler - MGallery Bodrum Yal\u0131kavak\",\"isPartOf\":{\"@id\":\"https:\/\/www.mgallerybodrum.com\/tr\/#website\"},\"datePublished\":\"2025-10-20T12:31:01+00:00\",\"breadcrumb\":{\"@id\":\"https:\/\/www.mgallerybodrum.com\/tr\/odalar-ve-suitler\/#breadcrumb\"},\"inLanguage\":\"tr\",\"potentialAction\":[{\"@type\":\"ReadAction\",\"target\":[\"https:\/\/www.mgallerybodrum.com\/tr\/odalar-ve-suitler\/\"]}]},{\"@type\":\"BreadcrumbList\",\"@id\":\"https:\/\/www.mgallerybodrum.com\/tr\/odalar-ve-suitler\/#breadcrumb\",\"itemListElement\":[{\"@type\":\"ListItem\",\"position\":1,\"name\":\"Home\",\"item\":\"https:\/\/www.mgallerybodrum.com\/tr\/\"},{\"@type\":\"ListItem\",\"position\":2,\"name\":\"Odalar &amp; S\u00fcitler\"}]},{\"@type\":\"WebSite\",\"@id\":\"https:\/\/www.mgallerybodrum.com\/tr\/#website\",\"url\":\"https:\/\/www.mgallerybodrum.com\/tr\/\",\"name\":\"MGallery Bodrum Yal\u0131kavak\",\"description\":\"Just another D-Edge Accor V2 Sites Hosting site\",\"potentialAction\":[{\"@type\":\"SearchAction\",\"target\":{\"@type\":\"EntryPoint\",\"urlTemplate\":\"https:\/\/www.mgallerybodrum.com\/tr\/?s={search_term_string}\"},\"query-input\":{\"@type\":\"PropertyValueSpecification\",\"valueRequired\":true,\"valueName\":\"search_term_string\"}}],\"inLanguage\":\"tr\"}]}<\/script>\n<!-- \/ Yoast SEO plugin. -->","yoast_head_json":{"title":"Odalar &amp; S\u00fcitler - MGallery Bodrum Yal\u0131kavak","robots":{"index":"index","follow":"follow","max-snippet":"max-snippet:-1","max-image-preview":"max-image-preview:large","max-video-preview":"max-video-preview:-1"},"canonical":"https:\/\/www.mgallerybodrum.com\/tr\/odalar-ve-suitler\/","og_locale":"tr_TR","og_type":"article","og_title":"Odalar &amp; S\u00fcitler - MGallery Bodrum Yal\u0131kavak","og_description":"Odalar\u0131m\u0131z\u0131n tamam\u0131, Bodrum\u2019un do\u011fal g\u00fczelliklerini hissedece\u011finiz detaylar ile donat\u0131lm\u0131\u015ft\u0131r. T\u00fcm odalar\u0131m\u0131zda, uyku kalitenizi maksimum d\u00fczeyde sa\u011flayacak \u00fcr\u00fcnler kullan\u0131lm\u0131\u015ft\u0131r. MGallery The Bodrum Hotel Yal\u0131kavak\u2019\u0131n her alan\u0131ndaki \u015f\u0131k, modern ve bohem dekorasyon dokunu\u015flar\u0131n\u0131 odalar\u0131m\u0131z\u0131n tamam\u0131nda bulabilirsiniz. Konforunuz ve keyifli zaman ge\u00e7irmeniz i\u00e7in tasarlanan odalar\u0131m\u0131zda, Ege\u2019nin esintisini evinizin rahatl\u0131\u011f\u0131nda ya\u015fayacaks\u0131n\u0131z.","og_url":"https:\/\/www.mgallerybodrum.com\/tr\/odalar-ve-suitler\/","og_site_name":"MGallery Bodrum Yal\u0131kavak","twitter_card":"summary_large_image","schema":{"@context":"https:\/\/schema.org","@graph":[{"@type":"WebPage","@id":"https:\/\/www.mgallerybodrum.com\/tr\/odalar-ve-suitler\/","url":"https:\/\/www.mgallerybodrum.com\/tr\/odalar-ve-suitler\/","name":"Odalar &amp; S\u00fcitler - MGallery Bodrum Yal\u0131kavak","isPartOf":{"@id":"https:\/\/www.mgallerybodrum.com\/tr\/#website"},"datePublished":"2025-10-20T12:31:01+00:00","breadcrumb":{"@id":"https:\/\/www.mgallerybodrum.com\/tr\/odalar-ve-suitler\/#breadcrumb"},"inLanguage":"tr","potentialAction":[{"@type":"ReadAction","target":["https:\/\/www.mgallerybodrum.com\/tr\/odalar-ve-suitler\/"]}]},{"@type":"BreadcrumbList","@id":"https:\/\/www.mgallerybodrum.com\/tr\/odalar-ve-suitler\/#breadcrumb","itemListElement":[{"@type":"ListItem","position":1,"name":"Home","item":"https:\/\/www.mgallerybodrum.com\/tr\/"},{"@type":"ListItem","position":2,"name":"Odalar &amp; S\u00fcitler"}]},{"@type":"WebSite","@id":"https:\/\/www.mgallerybodrum.com\/tr\/#website","url":"https:\/\/www.mgallerybodrum.com\/tr\/","name":"MGallery Bodrum Yal\u0131kavak","description":"Just another D-Edge Accor V2 Sites Hosting site","potentialAction":[{"@type":"SearchAction","target":{"@type":"EntryPoint","urlTemplate":"https:\/\/www.mgallerybodrum.com\/tr\/?s={search_term_string}"},"query-input":{"@type":"PropertyValueSpecification","valueRequired":true,"valueName":"search_term_string"}}],"inLanguage":"tr"}]}},"_links":{"self":[{"href":"https:\/\/www.mgallerybodrum.com\/tr\/wp-json\/wp\/v2\/pages\/12","targetHints":{"allow":["GET"]}}],"collection":[{"href":"https:\/\/www.mgallerybodrum.com\/tr\/wp-json\/wp\/v2\/pages"}],"about":[{"href":"https:\/\/www.mgallerybodrum.com\/tr\/wp-json\/wp\/v2\/types\/page"}],"author":[{"embeddable":true,"href":"https:\/\/www.mgallerybodrum.com\/tr\/wp-json\/wp\/v2\/users\/5"}],"replies":[{"embeddable":true,"href":"https:\/\/www.mgallerybodrum.com\/tr\/wp-json\/wp\/v2\/comments?post=12"}],"version-history":[{"count":0,"href":"https:\/\/www.mgallerybodrum.com\/tr\/wp-json\/wp\/v2\/pages\/12\/revisions"}],"wp:attachment":[{"href":"https:\/\/www.mgallerybodrum.com\/tr\/wp-json\/wp\/v2\/media?parent=12"}],"wp:term":[{"taxonomy":"category","embeddable":true,"href":"https:\/\/www.mgallerybodrum.com\/tr\/wp-json\/wp\/v2\/categories?post=12"}],"curies":[{"name":"wp","href":"https:\/\/api.w.org\/{rel}","templated":true}]}}