{"id":116,"date":"2025-10-20T12:28:46","date_gmt":"2025-10-20T12:28:46","guid":{"rendered":"https:\/\/bodrum-yalikavak-mgallery.accorv2prod.decms.eu\/?page_id=116"},"modified":"2025-10-20T12:27:19","modified_gmt":"2025-10-20T12:27:19","slug":"dugun","status":"publish","type":"page","link":"https:\/\/www.mgallerybodrum.com\/tr\/dugun\/","title":{"rendered":"D\u00fc\u011f\u00fcn &amp; \u00d6zel Etkinlikler"},"content":{"rendered":"<p>Hayat\u0131n\u0131z\u0131n en \u00f6nemli g\u00fcnlerinden birini b\u00fcy\u00fcleyici bir masala d\u00f6n\u00fc\u015ft\u00fcr\u00fcn. Ege Denizi\u2019nin \u0131\u015f\u0131lt\u0131l\u0131 sular\u0131n\u0131n biti\u015fi\u011finde beyaz kumlu plaj\u0131m\u0131zda ya da size \u00f6zel ayr\u0131lm\u0131\u015f sonsuzluk havuzumuzun kenar\u0131nda unutulmaz bir d\u00fc\u011f\u00fcn hayal edin. MGallery The Bodrum Hotel Yal\u0131kavak, sanat\u0131n, l\u00fcks\u00fcn ve zarafetin m\u00fckemmel uyumuyla tasarlanm\u0131\u015f detaylar\u0131yla hayallerinizi ger\u00e7e\u011fe d\u00f6n\u00fc\u015ft\u00fcrmek i\u00e7in sizi bekliyor. Zamans\u0131z \u015f\u0131kl\u0131k ve b\u00fcy\u00fcleyici g\u00fczelliklerle \u00e7evrili mekanlar\u0131m\u0131z, \u00f6zel g\u00fcn\u00fcn\u00fcz\u00fc benzersiz bir an\u0131ya d\u00f6n\u00fc\u015ft\u00fcrmek i\u00e7in m\u00fckemmel bir sahne sunuyor.<\/p>\n","protected":false},"excerpt":{"rendered":"<p>Hayat\u0131n\u0131z\u0131n en \u00f6nemli g\u00fcnlerinden birini b\u00fcy\u00fcleyici bir masala d\u00f6n\u00fc\u015ft\u00fcr\u00fcn. Ege Denizi\u2019nin \u0131\u015f\u0131lt\u0131l\u0131 sular\u0131n\u0131n biti\u015fi\u011finde beyaz kumlu plaj\u0131m\u0131zda ya da size \u00f6zel ayr\u0131lm\u0131\u015f sonsuzluk havuzumuzun kenar\u0131nda unutulmaz bir d\u00fc\u011f\u00fcn hayal edin. MGallery The Bodrum Hotel Yal\u0131kavak, sanat\u0131n, l\u00fcks\u00fcn ve zarafetin m\u00fckemmel uyumuyla tasarlanm\u0131\u015f detaylar\u0131yla hayallerinizi ger\u00e7e\u011fe d\u00f6n\u00fc\u015ft\u00fcrmek i\u00e7in sizi bekliyor. Zamans\u0131z \u015f\u0131kl\u0131k ve b\u00fcy\u00fcleyici g\u00fczelliklerle \u00e7evrili [&hellip;]<\/p>\n","protected":false},"author":5,"featured_media":873,"parent":0,"menu_order":35,"comment_status":"closed","ping_status":"closed","template":"","meta":{"footnotes":""},"categories":[2],"class_list":["post-116","page","type-page","status-publish","has-post-thumbnail","hentry","category-uncategorized-tr"],"acf":[],"yoast_head":"<!-- This site is optimized with the Yoast SEO plugin v26.9 - https:\/\/yoast.com\/product\/yoast-seo-wordpress\/ -->\n<title>D\u00fc\u011f\u00fcn &amp; \u00d6zel Etkinlikler - MGallery Bodrum Yal\u0131kavak<\/title>\n<meta name=\"robots\" content=\"index, follow, max-snippet:-1, max-image-preview:large, max-video-preview:-1\" \/>\n<link rel=\"canonical\" href=\"https:\/\/www.mgallerybodrum.com\/tr\/dugun\/\" \/>\n<meta property=\"og:locale\" content=\"tr_TR\" \/>\n<meta property=\"og:type\" content=\"article\" \/>\n<meta property=\"og:title\" content=\"D\u00fc\u011f\u00fcn &amp; \u00d6zel Etkinlikler - MGallery Bodrum Yal\u0131kavak\" \/>\n<meta property=\"og:description\" content=\"Hayat\u0131n\u0131z\u0131n en \u00f6nemli g\u00fcnlerinden birini b\u00fcy\u00fcleyici bir masala d\u00f6n\u00fc\u015ft\u00fcr\u00fcn. Ege Denizi\u2019nin \u0131\u015f\u0131lt\u0131l\u0131 sular\u0131n\u0131n biti\u015fi\u011finde beyaz kumlu plaj\u0131m\u0131zda ya da size \u00f6zel ayr\u0131lm\u0131\u015f sonsuzluk havuzumuzun kenar\u0131nda unutulmaz bir d\u00fc\u011f\u00fcn hayal edin. MGallery The Bodrum Hotel Yal\u0131kavak, sanat\u0131n, l\u00fcks\u00fcn ve zarafetin m\u00fckemmel uyumuyla tasarlanm\u0131\u015f detaylar\u0131yla hayallerinizi ger\u00e7e\u011fe d\u00f6n\u00fc\u015ft\u00fcrmek i\u00e7in sizi bekliyor. Zamans\u0131z \u015f\u0131kl\u0131k ve b\u00fcy\u00fcleyici g\u00fczelliklerle \u00e7evrili [&hellip;]\" \/>\n<meta property=\"og:url\" content=\"https:\/\/www.mgallerybodrum.com\/tr\/dugun\/\" \/>\n<meta property=\"og:site_name\" content=\"MGallery Bodrum Yal\u0131kavak\" \/>\n<meta property=\"og:image\" content=\"https:\/\/www.mgallerybodrum.com\/wp-content\/uploads\/sites\/4\/2024\/11\/IMG_9858.jpg\" \/>\n\t<meta property=\"og:image:width\" content=\"2560\" \/>\n\t<meta property=\"og:image:height\" content=\"1707\" \/>\n\t<meta property=\"og:image:type\" content=\"image\/jpeg\" \/>\n<meta name=\"twitter:card\" content=\"summary_large_image\" \/>\n<meta name=\"twitter:label1\" content=\"Tahmini okuma s\u00fcresi\" \/>\n\t<meta name=\"twitter:data1\" content=\"1 dakika\" \/>\n<script type=\"application\/ld+json\" class=\"yoast-schema-graph\">{\"@context\":\"https:\/\/schema.org\",\"@graph\":[{\"@type\":\"WebPage\",\"@id\":\"https:\/\/www.mgallerybodrum.com\/tr\/dugun\/\",\"url\":\"https:\/\/www.mgallerybodrum.com\/tr\/dugun\/\",\"name\":\"D\u00fc\u011f\u00fcn &amp; \u00d6zel Etkinlikler - MGallery Bodrum Yal\u0131kavak\",\"isPartOf\":{\"@id\":\"https:\/\/www.mgallerybodrum.com\/tr\/#website\"},\"primaryImageOfPage\":{\"@id\":\"https:\/\/www.mgallerybodrum.com\/tr\/dugun\/#primaryimage\"},\"image\":{\"@id\":\"https:\/\/www.mgallerybodrum.com\/tr\/dugun\/#primaryimage\"},\"thumbnailUrl\":\"https:\/\/www.mgallerybodrum.com\/wp-content\/uploads\/sites\/4\/2024\/11\/IMG_9858.jpg\",\"datePublished\":\"2025-10-20T12:28:46+00:00\",\"breadcrumb\":{\"@id\":\"https:\/\/www.mgallerybodrum.com\/tr\/dugun\/#breadcrumb\"},\"inLanguage\":\"tr\",\"potentialAction\":[{\"@type\":\"ReadAction\",\"target\":[\"https:\/\/www.mgallerybodrum.com\/tr\/dugun\/\"]}]},{\"@type\":\"ImageObject\",\"inLanguage\":\"tr\",\"@id\":\"https:\/\/www.mgallerybodrum.com\/tr\/dugun\/#primaryimage\",\"url\":\"https:\/\/www.mgallerybodrum.com\/wp-content\/uploads\/sites\/4\/2024\/11\/IMG_9858.jpg\",\"contentUrl\":\"https:\/\/www.mgallerybodrum.com\/wp-content\/uploads\/sites\/4\/2024\/11\/IMG_9858.jpg\",\"width\":2560,\"height\":1707},{\"@type\":\"BreadcrumbList\",\"@id\":\"https:\/\/www.mgallerybodrum.com\/tr\/dugun\/#breadcrumb\",\"itemListElement\":[{\"@type\":\"ListItem\",\"position\":1,\"name\":\"Home\",\"item\":\"https:\/\/www.mgallerybodrum.com\/tr\/\"},{\"@type\":\"ListItem\",\"position\":2,\"name\":\"D\u00fc\u011f\u00fcn &amp; \u00d6zel Etkinlikler\"}]},{\"@type\":\"WebSite\",\"@id\":\"https:\/\/www.mgallerybodrum.com\/tr\/#website\",\"url\":\"https:\/\/www.mgallerybodrum.com\/tr\/\",\"name\":\"MGallery Bodrum Yal\u0131kavak\",\"description\":\"Just another D-Edge Accor V2 Sites Hosting site\",\"potentialAction\":[{\"@type\":\"SearchAction\",\"target\":{\"@type\":\"EntryPoint\",\"urlTemplate\":\"https:\/\/www.mgallerybodrum.com\/tr\/?s={search_term_string}\"},\"query-input\":{\"@type\":\"PropertyValueSpecification\",\"valueRequired\":true,\"valueName\":\"search_term_string\"}}],\"inLanguage\":\"tr\"}]}<\/script>\n<!-- \/ Yoast SEO plugin. -->","yoast_head_json":{"title":"D\u00fc\u011f\u00fcn &amp; \u00d6zel Etkinlikler - MGallery Bodrum Yal\u0131kavak","robots":{"index":"index","follow":"follow","max-snippet":"max-snippet:-1","max-image-preview":"max-image-preview:large","max-video-preview":"max-video-preview:-1"},"canonical":"https:\/\/www.mgallerybodrum.com\/tr\/dugun\/","og_locale":"tr_TR","og_type":"article","og_title":"D\u00fc\u011f\u00fcn &amp; \u00d6zel Etkinlikler - MGallery Bodrum Yal\u0131kavak","og_description":"Hayat\u0131n\u0131z\u0131n en \u00f6nemli g\u00fcnlerinden birini b\u00fcy\u00fcleyici bir masala d\u00f6n\u00fc\u015ft\u00fcr\u00fcn. Ege Denizi\u2019nin \u0131\u015f\u0131lt\u0131l\u0131 sular\u0131n\u0131n biti\u015fi\u011finde beyaz kumlu plaj\u0131m\u0131zda ya da size \u00f6zel ayr\u0131lm\u0131\u015f sonsuzluk havuzumuzun kenar\u0131nda unutulmaz bir d\u00fc\u011f\u00fcn hayal edin. MGallery The Bodrum Hotel Yal\u0131kavak, sanat\u0131n, l\u00fcks\u00fcn ve zarafetin m\u00fckemmel uyumuyla tasarlanm\u0131\u015f detaylar\u0131yla hayallerinizi ger\u00e7e\u011fe d\u00f6n\u00fc\u015ft\u00fcrmek i\u00e7in sizi bekliyor. Zamans\u0131z \u015f\u0131kl\u0131k ve b\u00fcy\u00fcleyici g\u00fczelliklerle \u00e7evrili [&hellip;]","og_url":"https:\/\/www.mgallerybodrum.com\/tr\/dugun\/","og_site_name":"MGallery Bodrum Yal\u0131kavak","og_image":[{"width":2560,"height":1707,"url":"https:\/\/www.mgallerybodrum.com\/wp-content\/uploads\/sites\/4\/2024\/11\/IMG_9858.jpg","type":"image\/jpeg"}],"twitter_card":"summary_large_image","twitter_misc":{"Tahmini okuma s\u00fcresi":"1 dakika"},"schema":{"@context":"https:\/\/schema.org","@graph":[{"@type":"WebPage","@id":"https:\/\/www.mgallerybodrum.com\/tr\/dugun\/","url":"https:\/\/www.mgallerybodrum.com\/tr\/dugun\/","name":"D\u00fc\u011f\u00fcn &amp; \u00d6zel Etkinlikler - MGallery Bodrum Yal\u0131kavak","isPartOf":{"@id":"https:\/\/www.mgallerybodrum.com\/tr\/#website"},"primaryImageOfPage":{"@id":"https:\/\/www.mgallerybodrum.com\/tr\/dugun\/#primaryimage"},"image":{"@id":"https:\/\/www.mgallerybodrum.com\/tr\/dugun\/#primaryimage"},"thumbnailUrl":"https:\/\/www.mgallerybodrum.com\/wp-content\/uploads\/sites\/4\/2024\/11\/IMG_9858.jpg","datePublished":"2025-10-20T12:28:46+00:00","breadcrumb":{"@id":"https:\/\/www.mgallerybodrum.com\/tr\/dugun\/#breadcrumb"},"inLanguage":"tr","potentialAction":[{"@type":"ReadAction","target":["https:\/\/www.mgallerybodrum.com\/tr\/dugun\/"]}]},{"@type":"ImageObject","inLanguage":"tr","@id":"https:\/\/www.mgallerybodrum.com\/tr\/dugun\/#primaryimage","url":"https:\/\/www.mgallerybodrum.com\/wp-content\/uploads\/sites\/4\/2024\/11\/IMG_9858.jpg","contentUrl":"https:\/\/www.mgallerybodrum.com\/wp-content\/uploads\/sites\/4\/2024\/11\/IMG_9858.jpg","width":2560,"height":1707},{"@type":"BreadcrumbList","@id":"https:\/\/www.mgallerybodrum.com\/tr\/dugun\/#breadcrumb","itemListElement":[{"@type":"ListItem","position":1,"name":"Home","item":"https:\/\/www.mgallerybodrum.com\/tr\/"},{"@type":"ListItem","position":2,"name":"D\u00fc\u011f\u00fcn &amp; \u00d6zel Etkinlikler"}]},{"@type":"WebSite","@id":"https:\/\/www.mgallerybodrum.com\/tr\/#website","url":"https:\/\/www.mgallerybodrum.com\/tr\/","name":"MGallery Bodrum Yal\u0131kavak","description":"Just another D-Edge Accor V2 Sites Hosting site","potentialAction":[{"@type":"SearchAction","target":{"@type":"EntryPoint","urlTemplate":"https:\/\/www.mgallerybodrum.com\/tr\/?s={search_term_string}"},"query-input":{"@type":"PropertyValueSpecification","valueRequired":true,"valueName":"search_term_string"}}],"inLanguage":"tr"}]}},"_links":{"self":[{"href":"https:\/\/www.mgallerybodrum.com\/tr\/wp-json\/wp\/v2\/pages\/116","targetHints":{"allow":["GET"]}}],"collection":[{"href":"https:\/\/www.mgallerybodrum.com\/tr\/wp-json\/wp\/v2\/pages"}],"about":[{"href":"https:\/\/www.mgallerybodrum.com\/tr\/wp-json\/wp\/v2\/types\/page"}],"author":[{"embeddable":true,"href":"https:\/\/www.mgallerybodrum.com\/tr\/wp-json\/wp\/v2\/users\/5"}],"replies":[{"embeddable":true,"href":"https:\/\/www.mgallerybodrum.com\/tr\/wp-json\/wp\/v2\/comments?post=116"}],"version-history":[{"count":0,"href":"https:\/\/www.mgallerybodrum.com\/tr\/wp-json\/wp\/v2\/pages\/116\/revisions"}],"wp:featuredmedia":[{"embeddable":true,"href":"https:\/\/www.mgallerybodrum.com\/tr\/wp-json\/wp\/v2\/media\/873"}],"wp:attachment":[{"href":"https:\/\/www.mgallerybodrum.com\/tr\/wp-json\/wp\/v2\/media?parent=116"}],"wp:term":[{"taxonomy":"category","embeddable":true,"href":"https:\/\/www.mgallerybodrum.com\/tr\/wp-json\/wp\/v2\/categories?post=116"}],"curies":[{"name":"wp","href":"https:\/\/api.w.org\/{rel}","templated":true}]}}